{"id":4984,"date":"2023-03-08T14:08:02","date_gmt":"2023-03-08T17:08:02","guid":{"rendered":"https:\/\/ggsignals.com\/?post_type=product&#038;p=4984"},"modified":"2023-09-12T18:36:49","modified_gmt":"2023-09-12T21:36:49","slug":"carteira-safira-e-esmeralda","status":"publish","type":"product","link":"https:\/\/ggsignals.com\/pt\/shop\/carteira-safira-e-esmeralda\/","title":{"rendered":"Carteira Saphira e Esmeralda"},"content":{"rendered":"<p><img fetchpriority=\"high\" decoding=\"async\" class=\"alignnone size-full wp-image-5226\" src=\"http:\/\/ggsignals.com\/wp-content\/uploads\/2023\/03\/7894.png\" alt=\"\" width=\"1920\" height=\"956\" srcset=\"https:\/\/ggsignals.com\/wp-content\/uploads\/2023\/03\/7894.png 1920w, https:\/\/ggsignals.com\/wp-content\/uploads\/2023\/03\/7894-300x149.png 300w, https:\/\/ggsignals.com\/wp-content\/uploads\/2023\/03\/7894-1024x510.png 1024w, https:\/\/ggsignals.com\/wp-content\/uploads\/2023\/03\/7894-768x382.png 768w, https:\/\/ggsignals.com\/wp-content\/uploads\/2023\/03\/7894-1536x765.png 1536w, https:\/\/ggsignals.com\/wp-content\/uploads\/2023\/03\/7894-18x9.png 18w, https:\/\/ggsignals.com\/wp-content\/uploads\/2023\/03\/7894-1600x797.png 1600w\" sizes=\"(max-width: 1920px) 100vw, 1920px\" \/><\/p>\n<p><img decoding=\"async\" class=\"alignnone size-full wp-image-5227\" src=\"http:\/\/ggsignals.com\/wp-content\/uploads\/2023\/03\/7893.png\" alt=\"\" width=\"1920\" height=\"888\" srcset=\"https:\/\/ggsignals.com\/wp-content\/uploads\/2023\/03\/7893.png 1920w, https:\/\/ggsignals.com\/wp-content\/uploads\/2023\/03\/7893-300x139.png 300w, https:\/\/ggsignals.com\/wp-content\/uploads\/2023\/03\/7893-1024x474.png 1024w, https:\/\/ggsignals.com\/wp-content\/uploads\/2023\/03\/7893-768x355.png 768w, https:\/\/ggsignals.com\/wp-content\/uploads\/2023\/03\/7893-1536x710.png 1536w, https:\/\/ggsignals.com\/wp-content\/uploads\/2023\/03\/7893-18x8.png 18w, https:\/\/ggsignals.com\/wp-content\/uploads\/2023\/03\/7893-1600x740.png 1600w\" sizes=\"(max-width: 1920px) 100vw, 1920px\" \/><\/p>\n<p>&nbsp;<\/p>","protected":false},"excerpt":{"rendered":"<p>Os rob\u00f4s Esmeralda e Saphira s\u00e3o estrat\u00e9gias\u00a0 que utilizam os indicadores t\u00e9cnicos de an\u00e1lise gr\u00e1fica MACD e Estoc\u00e1stico. Enquanto Saphira \u00e9 projetado para operar contra a tend\u00eancia do mercado, Esmeralda \u00e9 programado para seguir a tend\u00eancia atual. Ambos os rob\u00f4s s\u00e3o ideais para investidores que buscam automatizar suas opera\u00e7\u00f5es na SmarttBot e s\u00e3o para\u00a0 Mini \u00cdndice.<\/p>\n<h5 data-elementor-setting-key=\"title\" data-pen-placeholder=\"Type Here...\">Mini Ind\u00edce<\/h5>","protected":false},"featured_media":4992,"template":"","meta":[],"product_cat":[17],"product_tag":[],"class_list":["post-4984","product","type-product","status-publish","has-post-thumbnail","hentry","product_cat-uncategorized"],"yoast_head":"<!-- This site is optimized with the Yoast SEO plugin v25.7 - https:\/\/yoast.com\/wordpress\/plugins\/seo\/ -->\n<title>Carteira Saphira e Esmeralda - ggsignals.com<\/title>\n<meta name=\"robots\" content=\"index, follow, max-snippet:-1, max-image-preview:large, max-video-preview:-1\" \/>\n<link rel=\"canonical\" href=\"https:\/\/ggsignals.com\/pt\/shop\/carteira-safira-e-esmeralda\/\" \/>\n<meta property=\"og:locale\" content=\"pt_BR\" \/>\n<meta property=\"og:type\" content=\"article\" \/>\n<meta property=\"og:title\" content=\"Carteira Saphira e Esmeralda - ggsignals.com\" \/>\n<meta property=\"og:description\" content=\"Os rob\u00f4s Esmeralda e Saphira s\u00e3o estrat\u00e9gias\u00a0 que utilizam os indicadores t\u00e9cnicos de an\u00e1lise gr\u00e1fica MACD e Estoc\u00e1stico. Enquanto Saphira \u00e9 projetado para operar contra a tend\u00eancia do mercado, Esmeralda \u00e9 programado para seguir a tend\u00eancia atual. Ambos os rob\u00f4s s\u00e3o ideais para investidores que buscam automatizar suas opera\u00e7\u00f5es na SmarttBot e s\u00e3o para\u00a0 Mini \u00cdndice. Mini Ind\u00edce\" \/>\n<meta property=\"og:url\" content=\"https:\/\/ggsignals.com\/pt\/shop\/carteira-safira-e-esmeralda\/\" \/>\n<meta property=\"og:site_name\" content=\"ggsignals.com\" \/>\n<meta property=\"article:modified_time\" content=\"2023-09-12T21:36:49+00:00\" \/>\n<meta property=\"og:image\" content=\"https:\/\/ggsignals.com\/wp-content\/uploads\/2023\/03\/7620-2.png\" \/>\n\t<meta property=\"og:image:width\" content=\"621\" \/>\n\t<meta property=\"og:image:height\" content=\"621\" \/>\n\t<meta property=\"og:image:type\" content=\"image\/png\" \/>\n<meta name=\"twitter:card\" content=\"summary_large_image\" \/>\n<script type=\"application\/ld+json\" class=\"yoast-schema-graph\">{\"@context\":\"https:\/\/schema.org\",\"@graph\":[{\"@type\":\"WebPage\",\"@id\":\"https:\/\/ggsignals.com\/shop\/carteira-safira-e-esmeralda\/\",\"url\":\"https:\/\/ggsignals.com\/shop\/carteira-safira-e-esmeralda\/\",\"name\":\"Carteira Saphira e Esmeralda - ggsignals.com\",\"isPartOf\":{\"@id\":\"https:\/\/ggsignals.com\/#website\"},\"primaryImageOfPage\":{\"@id\":\"https:\/\/ggsignals.com\/shop\/carteira-safira-e-esmeralda\/#primaryimage\"},\"image\":{\"@id\":\"https:\/\/ggsignals.com\/shop\/carteira-safira-e-esmeralda\/#primaryimage\"},\"thumbnailUrl\":\"https:\/\/ggsignals.com\/wp-content\/uploads\/2023\/03\/7620-2.png\",\"datePublished\":\"2023-03-08T17:08:02+00:00\",\"dateModified\":\"2023-09-12T21:36:49+00:00\",\"breadcrumb\":{\"@id\":\"https:\/\/ggsignals.com\/shop\/carteira-safira-e-esmeralda\/#breadcrumb\"},\"inLanguage\":\"pt-BR\",\"potentialAction\":[{\"@type\":\"ReadAction\",\"target\":[\"https:\/\/ggsignals.com\/shop\/carteira-safira-e-esmeralda\/\"]}]},{\"@type\":\"ImageObject\",\"inLanguage\":\"pt-BR\",\"@id\":\"https:\/\/ggsignals.com\/shop\/carteira-safira-e-esmeralda\/#primaryimage\",\"url\":\"https:\/\/ggsignals.com\/wp-content\/uploads\/2023\/03\/7620-2.png\",\"contentUrl\":\"https:\/\/ggsignals.com\/wp-content\/uploads\/2023\/03\/7620-2.png\",\"width\":621,\"height\":621},{\"@type\":\"BreadcrumbList\",\"@id\":\"https:\/\/ggsignals.com\/shop\/carteira-safira-e-esmeralda\/#breadcrumb\",\"itemListElement\":[{\"@type\":\"ListItem\",\"position\":1,\"name\":\"Home\",\"item\":\"https:\/\/ggsignals.com\/\"},{\"@type\":\"ListItem\",\"position\":2,\"name\":\"Shop\",\"item\":\"https:\/\/ggsignals.com\/shop\/\"},{\"@type\":\"ListItem\",\"position\":3,\"name\":\"Carteira Saphira e Esmeralda\"}]},{\"@type\":\"WebSite\",\"@id\":\"https:\/\/ggsignals.com\/#website\",\"url\":\"https:\/\/ggsignals.com\/\",\"name\":\"ggsignals.com\",\"description\":\"Robos para smarttbot\",\"publisher\":{\"@id\":\"https:\/\/ggsignals.com\/#organization\"},\"potentialAction\":[{\"@type\":\"SearchAction\",\"target\":{\"@type\":\"EntryPoint\",\"urlTemplate\":\"https:\/\/ggsignals.com\/?s={search_term_string}\"},\"query-input\":{\"@type\":\"PropertyValueSpecification\",\"valueRequired\":true,\"valueName\":\"search_term_string\"}}],\"inLanguage\":\"pt-BR\"},{\"@type\":\"Organization\",\"@id\":\"https:\/\/ggsignals.com\/#organization\",\"name\":\"GG Signals\",\"url\":\"https:\/\/ggsignals.com\/\",\"logo\":{\"@type\":\"ImageObject\",\"inLanguage\":\"pt-BR\",\"@id\":\"https:\/\/ggsignals.com\/#\/schema\/logo\/image\/\",\"url\":\"https:\/\/ggsignals.com\/wp-content\/uploads\/2020\/12\/cropped-752.png\",\"contentUrl\":\"https:\/\/ggsignals.com\/wp-content\/uploads\/2020\/12\/cropped-752.png\",\"width\":531,\"height\":177,\"caption\":\"GG Signals\"},\"image\":{\"@id\":\"https:\/\/ggsignals.com\/#\/schema\/logo\/image\/\"}}]}<\/script>\n<!-- \/ Yoast SEO plugin. -->","yoast_head_json":{"title":"Carteira Saphira e Esmeralda - ggsignals.com","robots":{"index":"index","follow":"follow","max-snippet":"max-snippet:-1","max-image-preview":"max-image-preview:large","max-video-preview":"max-video-preview:-1"},"canonical":"https:\/\/ggsignals.com\/pt\/shop\/carteira-safira-e-esmeralda\/","og_locale":"pt_BR","og_type":"article","og_title":"Carteira Saphira e Esmeralda - ggsignals.com","og_description":"Os rob\u00f4s Esmeralda e Saphira s\u00e3o estrat\u00e9gias\u00a0 que utilizam os indicadores t\u00e9cnicos de an\u00e1lise gr\u00e1fica MACD e Estoc\u00e1stico. Enquanto Saphira \u00e9 projetado para operar contra a tend\u00eancia do mercado, Esmeralda \u00e9 programado para seguir a tend\u00eancia atual. Ambos os rob\u00f4s s\u00e3o ideais para investidores que buscam automatizar suas opera\u00e7\u00f5es na SmarttBot e s\u00e3o para\u00a0 Mini \u00cdndice. Mini Ind\u00edce","og_url":"https:\/\/ggsignals.com\/pt\/shop\/carteira-safira-e-esmeralda\/","og_site_name":"ggsignals.com","article_modified_time":"2023-09-12T21:36:49+00:00","og_image":[{"width":621,"height":621,"url":"https:\/\/ggsignals.com\/wp-content\/uploads\/2023\/03\/7620-2.png","type":"image\/png"}],"twitter_card":"summary_large_image","schema":{"@context":"https:\/\/schema.org","@graph":[{"@type":"WebPage","@id":"https:\/\/ggsignals.com\/shop\/carteira-safira-e-esmeralda\/","url":"https:\/\/ggsignals.com\/shop\/carteira-safira-e-esmeralda\/","name":"Carteira Saphira e Esmeralda - ggsignals.com","isPartOf":{"@id":"https:\/\/ggsignals.com\/#website"},"primaryImageOfPage":{"@id":"https:\/\/ggsignals.com\/shop\/carteira-safira-e-esmeralda\/#primaryimage"},"image":{"@id":"https:\/\/ggsignals.com\/shop\/carteira-safira-e-esmeralda\/#primaryimage"},"thumbnailUrl":"https:\/\/ggsignals.com\/wp-content\/uploads\/2023\/03\/7620-2.png","datePublished":"2023-03-08T17:08:02+00:00","dateModified":"2023-09-12T21:36:49+00:00","breadcrumb":{"@id":"https:\/\/ggsignals.com\/shop\/carteira-safira-e-esmeralda\/#breadcrumb"},"inLanguage":"pt-BR","potentialAction":[{"@type":"ReadAction","target":["https:\/\/ggsignals.com\/shop\/carteira-safira-e-esmeralda\/"]}]},{"@type":"ImageObject","inLanguage":"pt-BR","@id":"https:\/\/ggsignals.com\/shop\/carteira-safira-e-esmeralda\/#primaryimage","url":"https:\/\/ggsignals.com\/wp-content\/uploads\/2023\/03\/7620-2.png","contentUrl":"https:\/\/ggsignals.com\/wp-content\/uploads\/2023\/03\/7620-2.png","width":621,"height":621},{"@type":"BreadcrumbList","@id":"https:\/\/ggsignals.com\/shop\/carteira-safira-e-esmeralda\/#breadcrumb","itemListElement":[{"@type":"ListItem","position":1,"name":"Home","item":"https:\/\/ggsignals.com\/"},{"@type":"ListItem","position":2,"name":"Shop","item":"https:\/\/ggsignals.com\/shop\/"},{"@type":"ListItem","position":3,"name":"Carteira Saphira e Esmeralda"}]},{"@type":"WebSite","@id":"https:\/\/ggsignals.com\/#website","url":"https:\/\/ggsignals.com\/","name":"ggsignals.com","description":"Robos para smarttbot","publisher":{"@id":"https:\/\/ggsignals.com\/#organization"},"potentialAction":[{"@type":"SearchAction","target":{"@type":"EntryPoint","urlTemplate":"https:\/\/ggsignals.com\/?s={search_term_string}"},"query-input":{"@type":"PropertyValueSpecification","valueRequired":true,"valueName":"search_term_string"}}],"inLanguage":"pt-BR"},{"@type":"Organization","@id":"https:\/\/ggsignals.com\/#organization","name":"GG Signals","url":"https:\/\/ggsignals.com\/","logo":{"@type":"ImageObject","inLanguage":"pt-BR","@id":"https:\/\/ggsignals.com\/#\/schema\/logo\/image\/","url":"https:\/\/ggsignals.com\/wp-content\/uploads\/2020\/12\/cropped-752.png","contentUrl":"https:\/\/ggsignals.com\/wp-content\/uploads\/2020\/12\/cropped-752.png","width":531,"height":177,"caption":"GG Signals"},"image":{"@id":"https:\/\/ggsignals.com\/#\/schema\/logo\/image\/"}}]}},"_links":{"self":[{"href":"https:\/\/ggsignals.com\/pt\/wp-json\/wp\/v2\/product\/4984","targetHints":{"allow":["GET"]}}],"collection":[{"href":"https:\/\/ggsignals.com\/pt\/wp-json\/wp\/v2\/product"}],"about":[{"href":"https:\/\/ggsignals.com\/pt\/wp-json\/wp\/v2\/types\/product"}],"wp:featuredmedia":[{"embeddable":true,"href":"https:\/\/ggsignals.com\/pt\/wp-json\/wp\/v2\/media\/4992"}],"wp:attachment":[{"href":"https:\/\/ggsignals.com\/pt\/wp-json\/wp\/v2\/media?parent=4984"}],"wp:term":[{"taxonomy":"product_cat","embeddable":true,"href":"https:\/\/ggsignals.com\/pt\/wp-json\/wp\/v2\/product_cat?post=4984"},{"taxonomy":"product_tag","embeddable":true,"href":"https:\/\/ggsignals.com\/pt\/wp-json\/wp\/v2\/product_tag?post=4984"}],"curies":[{"name":"wp","href":"https:\/\/api.w.org\/{rel}","templated":true}]}}