{"id":4827,"date":"2022-11-09T16:15:55","date_gmt":"2022-11-09T19:15:55","guid":{"rendered":"https:\/\/ggsignals.com\/?post_type=product&#038;p=4827"},"modified":"2025-08-12T17:08:09","modified_gmt":"2025-08-12T20:08:09","slug":"dubai","status":"publish","type":"product","link":"https:\/\/ggsignals.com\/pt\/shop\/dubai\/","title":{"rendered":"Dubai"},"content":{"rendered":"<p><img fetchpriority=\"high\" decoding=\"async\" class=\"alignnone size-full wp-image-5330\" src=\"http:\/\/ggsignals.com\/wp-content\/uploads\/2022\/11\/7961.png\" alt=\"\" width=\"1920\" height=\"949\" srcset=\"https:\/\/ggsignals.com\/wp-content\/uploads\/2022\/11\/7961.png 1920w, https:\/\/ggsignals.com\/wp-content\/uploads\/2022\/11\/7961-300x148.png 300w, https:\/\/ggsignals.com\/wp-content\/uploads\/2022\/11\/7961-1024x506.png 1024w, https:\/\/ggsignals.com\/wp-content\/uploads\/2022\/11\/7961-768x380.png 768w, https:\/\/ggsignals.com\/wp-content\/uploads\/2022\/11\/7961-1536x759.png 1536w, https:\/\/ggsignals.com\/wp-content\/uploads\/2022\/11\/7961-18x9.png 18w, https:\/\/ggsignals.com\/wp-content\/uploads\/2022\/11\/7961-1600x791.png 1600w\" sizes=\"(max-width: 1920px) 100vw, 1920px\" \/><\/p>\n<p>&nbsp;<\/p>","protected":false},"excerpt":{"rendered":"<p>O rob\u00f4 Dubai \u00e9 a escolha ideal para traders que buscam uma maneira eficaz de aproveitar as tend\u00eancias do mercado financeiro. Inspirado na estrat\u00e9gia cl\u00e1ssica de Larry Williams para surfar na tend\u00eancia e obter resultados mais positivos.<\/p>\n<p>Al\u00e9m disso, o rob\u00f4 Dubai utiliza a estrat\u00e9gia Tangram para opera\u00e7\u00f5es no \u00edndice. Essa estrat\u00e9gia combina diversos indicadores t\u00e9cnicos para identificar oportunidades de negocia\u00e7\u00e3o e aumentar as chances de sucesso.<\/p>","protected":false},"featured_media":5589,"template":"","meta":[],"product_cat":[17],"product_tag":[],"class_list":["post-4827","product","type-product","status-publish","has-post-thumbnail","hentry","product_cat-uncategorized"],"yoast_head":"<!-- This site is optimized with the Yoast SEO plugin v25.7 - https:\/\/yoast.com\/wordpress\/plugins\/seo\/ -->\n<title>Dubai - ggsignals.com<\/title>\n<meta name=\"robots\" content=\"index, follow, max-snippet:-1, max-image-preview:large, max-video-preview:-1\" \/>\n<link rel=\"canonical\" href=\"https:\/\/ggsignals.com\/pt\/shop\/dubai\/\" \/>\n<meta property=\"og:locale\" content=\"pt_BR\" \/>\n<meta property=\"og:type\" content=\"article\" \/>\n<meta property=\"og:title\" content=\"Dubai - ggsignals.com\" \/>\n<meta property=\"og:description\" content=\"O rob\u00f4 Dubai \u00e9 a escolha ideal para traders que buscam uma maneira eficaz de aproveitar as tend\u00eancias do mercado financeiro. Inspirado na estrat\u00e9gia cl\u00e1ssica de Larry Williams para surfar na tend\u00eancia e obter resultados mais positivos.  Al\u00e9m disso, o rob\u00f4 Dubai utiliza a estrat\u00e9gia Tangram para opera\u00e7\u00f5es no \u00edndice. Essa estrat\u00e9gia combina diversos indicadores t\u00e9cnicos para identificar oportunidades de negocia\u00e7\u00e3o e aumentar as chances de sucesso.\" \/>\n<meta property=\"og:url\" content=\"https:\/\/ggsignals.com\/pt\/shop\/dubai\/\" \/>\n<meta property=\"og:site_name\" content=\"ggsignals.com\" \/>\n<meta property=\"article:modified_time\" content=\"2025-08-12T20:08:09+00:00\" \/>\n<meta property=\"og:image\" content=\"https:\/\/ggsignals.com\/wp-content\/uploads\/2022\/11\/assets_task_01k2fxh1egf7pak2twsw6dc1y9_1755028600_img_1.webp\" \/>\n\t<meta property=\"og:image:width\" content=\"1536\" \/>\n\t<meta property=\"og:image:height\" content=\"1024\" \/>\n\t<meta property=\"og:image:type\" content=\"image\/webp\" \/>\n<meta name=\"twitter:card\" content=\"summary_large_image\" \/>\n<script type=\"application\/ld+json\" class=\"yoast-schema-graph\">{\"@context\":\"https:\/\/schema.org\",\"@graph\":[{\"@type\":\"WebPage\",\"@id\":\"https:\/\/ggsignals.com\/shop\/dubai\/\",\"url\":\"https:\/\/ggsignals.com\/shop\/dubai\/\",\"name\":\"Dubai - ggsignals.com\",\"isPartOf\":{\"@id\":\"https:\/\/ggsignals.com\/#website\"},\"primaryImageOfPage\":{\"@id\":\"https:\/\/ggsignals.com\/shop\/dubai\/#primaryimage\"},\"image\":{\"@id\":\"https:\/\/ggsignals.com\/shop\/dubai\/#primaryimage\"},\"thumbnailUrl\":\"https:\/\/ggsignals.com\/wp-content\/uploads\/2022\/11\/assets_task_01k2fxh1egf7pak2twsw6dc1y9_1755028600_img_1.webp\",\"datePublished\":\"2022-11-09T19:15:55+00:00\",\"dateModified\":\"2025-08-12T20:08:09+00:00\",\"breadcrumb\":{\"@id\":\"https:\/\/ggsignals.com\/shop\/dubai\/#breadcrumb\"},\"inLanguage\":\"pt-BR\",\"potentialAction\":[{\"@type\":\"ReadAction\",\"target\":[\"https:\/\/ggsignals.com\/shop\/dubai\/\"]}]},{\"@type\":\"ImageObject\",\"inLanguage\":\"pt-BR\",\"@id\":\"https:\/\/ggsignals.com\/shop\/dubai\/#primaryimage\",\"url\":\"https:\/\/ggsignals.com\/wp-content\/uploads\/2022\/11\/assets_task_01k2fxh1egf7pak2twsw6dc1y9_1755028600_img_1.webp\",\"contentUrl\":\"https:\/\/ggsignals.com\/wp-content\/uploads\/2022\/11\/assets_task_01k2fxh1egf7pak2twsw6dc1y9_1755028600_img_1.webp\",\"width\":1536,\"height\":1024},{\"@type\":\"BreadcrumbList\",\"@id\":\"https:\/\/ggsignals.com\/shop\/dubai\/#breadcrumb\",\"itemListElement\":[{\"@type\":\"ListItem\",\"position\":1,\"name\":\"Home\",\"item\":\"https:\/\/ggsignals.com\/\"},{\"@type\":\"ListItem\",\"position\":2,\"name\":\"Shop\",\"item\":\"https:\/\/ggsignals.com\/shop\/\"},{\"@type\":\"ListItem\",\"position\":3,\"name\":\"Dubai\"}]},{\"@type\":\"WebSite\",\"@id\":\"https:\/\/ggsignals.com\/#website\",\"url\":\"https:\/\/ggsignals.com\/\",\"name\":\"ggsignals.com\",\"description\":\"Robos para smarttbot\",\"publisher\":{\"@id\":\"https:\/\/ggsignals.com\/#organization\"},\"potentialAction\":[{\"@type\":\"SearchAction\",\"target\":{\"@type\":\"EntryPoint\",\"urlTemplate\":\"https:\/\/ggsignals.com\/?s={search_term_string}\"},\"query-input\":{\"@type\":\"PropertyValueSpecification\",\"valueRequired\":true,\"valueName\":\"search_term_string\"}}],\"inLanguage\":\"pt-BR\"},{\"@type\":\"Organization\",\"@id\":\"https:\/\/ggsignals.com\/#organization\",\"name\":\"GG Signals\",\"url\":\"https:\/\/ggsignals.com\/\",\"logo\":{\"@type\":\"ImageObject\",\"inLanguage\":\"pt-BR\",\"@id\":\"https:\/\/ggsignals.com\/#\/schema\/logo\/image\/\",\"url\":\"https:\/\/ggsignals.com\/wp-content\/uploads\/2020\/12\/cropped-752.png\",\"contentUrl\":\"https:\/\/ggsignals.com\/wp-content\/uploads\/2020\/12\/cropped-752.png\",\"width\":531,\"height\":177,\"caption\":\"GG Signals\"},\"image\":{\"@id\":\"https:\/\/ggsignals.com\/#\/schema\/logo\/image\/\"}}]}<\/script>\n<!-- \/ Yoast SEO plugin. -->","yoast_head_json":{"title":"Dubai - ggsignals.com","robots":{"index":"index","follow":"follow","max-snippet":"max-snippet:-1","max-image-preview":"max-image-preview:large","max-video-preview":"max-video-preview:-1"},"canonical":"https:\/\/ggsignals.com\/pt\/shop\/dubai\/","og_locale":"pt_BR","og_type":"article","og_title":"Dubai - ggsignals.com","og_description":"O rob\u00f4 Dubai \u00e9 a escolha ideal para traders que buscam uma maneira eficaz de aproveitar as tend\u00eancias do mercado financeiro. Inspirado na estrat\u00e9gia cl\u00e1ssica de Larry Williams para surfar na tend\u00eancia e obter resultados mais positivos.  Al\u00e9m disso, o rob\u00f4 Dubai utiliza a estrat\u00e9gia Tangram para opera\u00e7\u00f5es no \u00edndice. Essa estrat\u00e9gia combina diversos indicadores t\u00e9cnicos para identificar oportunidades de negocia\u00e7\u00e3o e aumentar as chances de sucesso.","og_url":"https:\/\/ggsignals.com\/pt\/shop\/dubai\/","og_site_name":"ggsignals.com","article_modified_time":"2025-08-12T20:08:09+00:00","og_image":[{"width":1536,"height":1024,"url":"https:\/\/ggsignals.com\/wp-content\/uploads\/2022\/11\/assets_task_01k2fxh1egf7pak2twsw6dc1y9_1755028600_img_1.webp","type":"image\/webp"}],"twitter_card":"summary_large_image","schema":{"@context":"https:\/\/schema.org","@graph":[{"@type":"WebPage","@id":"https:\/\/ggsignals.com\/shop\/dubai\/","url":"https:\/\/ggsignals.com\/shop\/dubai\/","name":"Dubai - ggsignals.com","isPartOf":{"@id":"https:\/\/ggsignals.com\/#website"},"primaryImageOfPage":{"@id":"https:\/\/ggsignals.com\/shop\/dubai\/#primaryimage"},"image":{"@id":"https:\/\/ggsignals.com\/shop\/dubai\/#primaryimage"},"thumbnailUrl":"https:\/\/ggsignals.com\/wp-content\/uploads\/2022\/11\/assets_task_01k2fxh1egf7pak2twsw6dc1y9_1755028600_img_1.webp","datePublished":"2022-11-09T19:15:55+00:00","dateModified":"2025-08-12T20:08:09+00:00","breadcrumb":{"@id":"https:\/\/ggsignals.com\/shop\/dubai\/#breadcrumb"},"inLanguage":"pt-BR","potentialAction":[{"@type":"ReadAction","target":["https:\/\/ggsignals.com\/shop\/dubai\/"]}]},{"@type":"ImageObject","inLanguage":"pt-BR","@id":"https:\/\/ggsignals.com\/shop\/dubai\/#primaryimage","url":"https:\/\/ggsignals.com\/wp-content\/uploads\/2022\/11\/assets_task_01k2fxh1egf7pak2twsw6dc1y9_1755028600_img_1.webp","contentUrl":"https:\/\/ggsignals.com\/wp-content\/uploads\/2022\/11\/assets_task_01k2fxh1egf7pak2twsw6dc1y9_1755028600_img_1.webp","width":1536,"height":1024},{"@type":"BreadcrumbList","@id":"https:\/\/ggsignals.com\/shop\/dubai\/#breadcrumb","itemListElement":[{"@type":"ListItem","position":1,"name":"Home","item":"https:\/\/ggsignals.com\/"},{"@type":"ListItem","position":2,"name":"Shop","item":"https:\/\/ggsignals.com\/shop\/"},{"@type":"ListItem","position":3,"name":"Dubai"}]},{"@type":"WebSite","@id":"https:\/\/ggsignals.com\/#website","url":"https:\/\/ggsignals.com\/","name":"ggsignals.com","description":"Robos para smarttbot","publisher":{"@id":"https:\/\/ggsignals.com\/#organization"},"potentialAction":[{"@type":"SearchAction","target":{"@type":"EntryPoint","urlTemplate":"https:\/\/ggsignals.com\/?s={search_term_string}"},"query-input":{"@type":"PropertyValueSpecification","valueRequired":true,"valueName":"search_term_string"}}],"inLanguage":"pt-BR"},{"@type":"Organization","@id":"https:\/\/ggsignals.com\/#organization","name":"GG Signals","url":"https:\/\/ggsignals.com\/","logo":{"@type":"ImageObject","inLanguage":"pt-BR","@id":"https:\/\/ggsignals.com\/#\/schema\/logo\/image\/","url":"https:\/\/ggsignals.com\/wp-content\/uploads\/2020\/12\/cropped-752.png","contentUrl":"https:\/\/ggsignals.com\/wp-content\/uploads\/2020\/12\/cropped-752.png","width":531,"height":177,"caption":"GG Signals"},"image":{"@id":"https:\/\/ggsignals.com\/#\/schema\/logo\/image\/"}}]}},"_links":{"self":[{"href":"https:\/\/ggsignals.com\/pt\/wp-json\/wp\/v2\/product\/4827","targetHints":{"allow":["GET"]}}],"collection":[{"href":"https:\/\/ggsignals.com\/pt\/wp-json\/wp\/v2\/product"}],"about":[{"href":"https:\/\/ggsignals.com\/pt\/wp-json\/wp\/v2\/types\/product"}],"wp:featuredmedia":[{"embeddable":true,"href":"https:\/\/ggsignals.com\/pt\/wp-json\/wp\/v2\/media\/5589"}],"wp:attachment":[{"href":"https:\/\/ggsignals.com\/pt\/wp-json\/wp\/v2\/media?parent=4827"}],"wp:term":[{"taxonomy":"product_cat","embeddable":true,"href":"https:\/\/ggsignals.com\/pt\/wp-json\/wp\/v2\/product_cat?post=4827"},{"taxonomy":"product_tag","embeddable":true,"href":"https:\/\/ggsignals.com\/pt\/wp-json\/wp\/v2\/product_tag?post=4827"}],"curies":[{"name":"wp","href":"https:\/\/api.w.org\/{rel}","templated":true}]}}