{"id":4240,"date":"2022-01-18T16:32:25","date_gmt":"2022-01-18T19:32:25","guid":{"rendered":"https:\/\/ggsignals.com\/?post_type=product&#038;p=4240"},"modified":"2023-11-20T17:37:29","modified_gmt":"2023-11-20T20:37:29","slug":"upgrade-advanced","status":"publish","type":"product","link":"https:\/\/ggsignals.com\/pt\/shop\/upgrade-advanced\/","title":{"rendered":"Upgrade Advanced"},"content":{"rendered":"","protected":false},"excerpt":{"rendered":"<p>Inclui os Rob\u00f4s:<\/p>\n<ul>\n<li>rexwin<\/li>\n<li>lecram<\/li>\n<li>jack ma<\/li>\n<li>spectre<\/li>\n<li>safra<\/li>\n<li>niander<\/li>\n<li>elon<\/li>\n<li>koch<\/li>\n<li>arnault<\/li>\n<li>ortega<\/li>\n<li>Os 5 rob\u00f4s da carteira pro(Bill, Pikoli, Eike, Warren e Maquine)<\/li>\n<\/ul>\n<p>E lembre-se voc\u00ea n\u00e3o vai precisar instalar nada em seu computador e nem precisar deixa-lo ligado, os rob\u00f4s da carteira pro s\u00e3o perfeitos para ser usados juntos, voc\u00ea nunca mais vai se preocupar em procurar novos rob\u00f4s e nem se preocupar com mensalidade<\/p>","protected":false},"featured_media":4935,"template":"","meta":[],"product_cat":[17],"product_tag":[],"class_list":["post-4240","product","type-product","status-publish","has-post-thumbnail","hentry","product_cat-uncategorized"],"yoast_head":"<!-- This site is optimized with the Yoast SEO plugin v25.7 - https:\/\/yoast.com\/wordpress\/plugins\/seo\/ -->\n<title>Upgrade Advanced - ggsignals.com<\/title>\n<meta name=\"robots\" content=\"index, follow, max-snippet:-1, max-image-preview:large, max-video-preview:-1\" \/>\n<link rel=\"canonical\" href=\"https:\/\/ggsignals.com\/pt\/shop\/upgrade-advanced\/\" \/>\n<meta property=\"og:locale\" content=\"pt_BR\" \/>\n<meta property=\"og:type\" content=\"article\" \/>\n<meta property=\"og:title\" content=\"Upgrade Advanced - ggsignals.com\" \/>\n<meta property=\"og:description\" content=\"Inclui os Rob\u00f4s:   rexwin  lecram  jack ma  spectre  safra  niander  elon  koch  arnault  ortega  Os 5 rob\u00f4s da carteira pro(Bill, Pikoli, Eike, Warren e Maquine)  E lembre-se voc\u00ea n\u00e3o vai precisar instalar nada em seu computador e nem precisar deixa-lo ligado, os rob\u00f4s da carteira pro s\u00e3o perfeitos para ser usados juntos, voc\u00ea nunca mais vai se preocupar em procurar novos rob\u00f4s e nem se preocupar com mensalidade\" \/>\n<meta property=\"og:url\" content=\"https:\/\/ggsignals.com\/pt\/shop\/upgrade-advanced\/\" \/>\n<meta property=\"og:site_name\" content=\"ggsignals.com\" \/>\n<meta property=\"article:modified_time\" content=\"2023-11-20T20:37:29+00:00\" \/>\n<meta property=\"og:image\" content=\"https:\/\/ggsignals.com\/wp-content\/uploads\/2022\/01\/7605-2.png\" \/>\n\t<meta property=\"og:image:width\" content=\"616\" \/>\n\t<meta property=\"og:image:height\" content=\"617\" \/>\n\t<meta property=\"og:image:type\" content=\"image\/png\" \/>\n<meta name=\"twitter:card\" content=\"summary_large_image\" \/>\n<script type=\"application\/ld+json\" class=\"yoast-schema-graph\">{\"@context\":\"https:\/\/schema.org\",\"@graph\":[{\"@type\":\"WebPage\",\"@id\":\"https:\/\/ggsignals.com\/shop\/upgrade-advanced\/\",\"url\":\"https:\/\/ggsignals.com\/shop\/upgrade-advanced\/\",\"name\":\"Upgrade Advanced - ggsignals.com\",\"isPartOf\":{\"@id\":\"https:\/\/ggsignals.com\/#website\"},\"primaryImageOfPage\":{\"@id\":\"https:\/\/ggsignals.com\/shop\/upgrade-advanced\/#primaryimage\"},\"image\":{\"@id\":\"https:\/\/ggsignals.com\/shop\/upgrade-advanced\/#primaryimage\"},\"thumbnailUrl\":\"https:\/\/ggsignals.com\/wp-content\/uploads\/2022\/01\/7605-2.png\",\"datePublished\":\"2022-01-18T19:32:25+00:00\",\"dateModified\":\"2023-11-20T20:37:29+00:00\",\"breadcrumb\":{\"@id\":\"https:\/\/ggsignals.com\/shop\/upgrade-advanced\/#breadcrumb\"},\"inLanguage\":\"pt-BR\",\"potentialAction\":[{\"@type\":\"ReadAction\",\"target\":[\"https:\/\/ggsignals.com\/shop\/upgrade-advanced\/\"]}]},{\"@type\":\"ImageObject\",\"inLanguage\":\"pt-BR\",\"@id\":\"https:\/\/ggsignals.com\/shop\/upgrade-advanced\/#primaryimage\",\"url\":\"https:\/\/ggsignals.com\/wp-content\/uploads\/2022\/01\/7605-2.png\",\"contentUrl\":\"https:\/\/ggsignals.com\/wp-content\/uploads\/2022\/01\/7605-2.png\",\"width\":616,\"height\":617},{\"@type\":\"BreadcrumbList\",\"@id\":\"https:\/\/ggsignals.com\/shop\/upgrade-advanced\/#breadcrumb\",\"itemListElement\":[{\"@type\":\"ListItem\",\"position\":1,\"name\":\"Home\",\"item\":\"https:\/\/ggsignals.com\/\"},{\"@type\":\"ListItem\",\"position\":2,\"name\":\"Shop\",\"item\":\"https:\/\/ggsignals.com\/shop\/\"},{\"@type\":\"ListItem\",\"position\":3,\"name\":\"Upgrade Advanced\"}]},{\"@type\":\"WebSite\",\"@id\":\"https:\/\/ggsignals.com\/#website\",\"url\":\"https:\/\/ggsignals.com\/\",\"name\":\"ggsignals.com\",\"description\":\"Robos para smarttbot\",\"publisher\":{\"@id\":\"https:\/\/ggsignals.com\/#organization\"},\"potentialAction\":[{\"@type\":\"SearchAction\",\"target\":{\"@type\":\"EntryPoint\",\"urlTemplate\":\"https:\/\/ggsignals.com\/?s={search_term_string}\"},\"query-input\":{\"@type\":\"PropertyValueSpecification\",\"valueRequired\":true,\"valueName\":\"search_term_string\"}}],\"inLanguage\":\"pt-BR\"},{\"@type\":\"Organization\",\"@id\":\"https:\/\/ggsignals.com\/#organization\",\"name\":\"GG Signals\",\"url\":\"https:\/\/ggsignals.com\/\",\"logo\":{\"@type\":\"ImageObject\",\"inLanguage\":\"pt-BR\",\"@id\":\"https:\/\/ggsignals.com\/#\/schema\/logo\/image\/\",\"url\":\"https:\/\/ggsignals.com\/wp-content\/uploads\/2020\/12\/cropped-752.png\",\"contentUrl\":\"https:\/\/ggsignals.com\/wp-content\/uploads\/2020\/12\/cropped-752.png\",\"width\":531,\"height\":177,\"caption\":\"GG Signals\"},\"image\":{\"@id\":\"https:\/\/ggsignals.com\/#\/schema\/logo\/image\/\"}}]}<\/script>\n<!-- \/ Yoast SEO plugin. -->","yoast_head_json":{"title":"Upgrade Advanced - ggsignals.com","robots":{"index":"index","follow":"follow","max-snippet":"max-snippet:-1","max-image-preview":"max-image-preview:large","max-video-preview":"max-video-preview:-1"},"canonical":"https:\/\/ggsignals.com\/pt\/shop\/upgrade-advanced\/","og_locale":"pt_BR","og_type":"article","og_title":"Upgrade Advanced - ggsignals.com","og_description":"Inclui os Rob\u00f4s:   rexwin  lecram  jack ma  spectre  safra  niander  elon  koch  arnault  ortega  Os 5 rob\u00f4s da carteira pro(Bill, Pikoli, Eike, Warren e Maquine)  E lembre-se voc\u00ea n\u00e3o vai precisar instalar nada em seu computador e nem precisar deixa-lo ligado, os rob\u00f4s da carteira pro s\u00e3o perfeitos para ser usados juntos, voc\u00ea nunca mais vai se preocupar em procurar novos rob\u00f4s e nem se preocupar com mensalidade","og_url":"https:\/\/ggsignals.com\/pt\/shop\/upgrade-advanced\/","og_site_name":"ggsignals.com","article_modified_time":"2023-11-20T20:37:29+00:00","og_image":[{"width":616,"height":617,"url":"https:\/\/ggsignals.com\/wp-content\/uploads\/2022\/01\/7605-2.png","type":"image\/png"}],"twitter_card":"summary_large_image","schema":{"@context":"https:\/\/schema.org","@graph":[{"@type":"WebPage","@id":"https:\/\/ggsignals.com\/shop\/upgrade-advanced\/","url":"https:\/\/ggsignals.com\/shop\/upgrade-advanced\/","name":"Upgrade Advanced - ggsignals.com","isPartOf":{"@id":"https:\/\/ggsignals.com\/#website"},"primaryImageOfPage":{"@id":"https:\/\/ggsignals.com\/shop\/upgrade-advanced\/#primaryimage"},"image":{"@id":"https:\/\/ggsignals.com\/shop\/upgrade-advanced\/#primaryimage"},"thumbnailUrl":"https:\/\/ggsignals.com\/wp-content\/uploads\/2022\/01\/7605-2.png","datePublished":"2022-01-18T19:32:25+00:00","dateModified":"2023-11-20T20:37:29+00:00","breadcrumb":{"@id":"https:\/\/ggsignals.com\/shop\/upgrade-advanced\/#breadcrumb"},"inLanguage":"pt-BR","potentialAction":[{"@type":"ReadAction","target":["https:\/\/ggsignals.com\/shop\/upgrade-advanced\/"]}]},{"@type":"ImageObject","inLanguage":"pt-BR","@id":"https:\/\/ggsignals.com\/shop\/upgrade-advanced\/#primaryimage","url":"https:\/\/ggsignals.com\/wp-content\/uploads\/2022\/01\/7605-2.png","contentUrl":"https:\/\/ggsignals.com\/wp-content\/uploads\/2022\/01\/7605-2.png","width":616,"height":617},{"@type":"BreadcrumbList","@id":"https:\/\/ggsignals.com\/shop\/upgrade-advanced\/#breadcrumb","itemListElement":[{"@type":"ListItem","position":1,"name":"Home","item":"https:\/\/ggsignals.com\/"},{"@type":"ListItem","position":2,"name":"Shop","item":"https:\/\/ggsignals.com\/shop\/"},{"@type":"ListItem","position":3,"name":"Upgrade Advanced"}]},{"@type":"WebSite","@id":"https:\/\/ggsignals.com\/#website","url":"https:\/\/ggsignals.com\/","name":"ggsignals.com","description":"Robos para smarttbot","publisher":{"@id":"https:\/\/ggsignals.com\/#organization"},"potentialAction":[{"@type":"SearchAction","target":{"@type":"EntryPoint","urlTemplate":"https:\/\/ggsignals.com\/?s={search_term_string}"},"query-input":{"@type":"PropertyValueSpecification","valueRequired":true,"valueName":"search_term_string"}}],"inLanguage":"pt-BR"},{"@type":"Organization","@id":"https:\/\/ggsignals.com\/#organization","name":"GG Signals","url":"https:\/\/ggsignals.com\/","logo":{"@type":"ImageObject","inLanguage":"pt-BR","@id":"https:\/\/ggsignals.com\/#\/schema\/logo\/image\/","url":"https:\/\/ggsignals.com\/wp-content\/uploads\/2020\/12\/cropped-752.png","contentUrl":"https:\/\/ggsignals.com\/wp-content\/uploads\/2020\/12\/cropped-752.png","width":531,"height":177,"caption":"GG Signals"},"image":{"@id":"https:\/\/ggsignals.com\/#\/schema\/logo\/image\/"}}]}},"_links":{"self":[{"href":"https:\/\/ggsignals.com\/pt\/wp-json\/wp\/v2\/product\/4240","targetHints":{"allow":["GET"]}}],"collection":[{"href":"https:\/\/ggsignals.com\/pt\/wp-json\/wp\/v2\/product"}],"about":[{"href":"https:\/\/ggsignals.com\/pt\/wp-json\/wp\/v2\/types\/product"}],"wp:featuredmedia":[{"embeddable":true,"href":"https:\/\/ggsignals.com\/pt\/wp-json\/wp\/v2\/media\/4935"}],"wp:attachment":[{"href":"https:\/\/ggsignals.com\/pt\/wp-json\/wp\/v2\/media?parent=4240"}],"wp:term":[{"taxonomy":"product_cat","embeddable":true,"href":"https:\/\/ggsignals.com\/pt\/wp-json\/wp\/v2\/product_cat?post=4240"},{"taxonomy":"product_tag","embeddable":true,"href":"https:\/\/ggsignals.com\/pt\/wp-json\/wp\/v2\/product_tag?post=4240"}],"curies":[{"name":"wp","href":"https:\/\/api.w.org\/{rel}","templated":true}]}}