{"id":3949,"date":"2021-11-26T02:27:21","date_gmt":"2021-11-26T05:27:21","guid":{"rendered":"https:\/\/ggsignals.com\/?post_type=product&#038;p=3949"},"modified":"2025-08-12T18:50:28","modified_gmt":"2025-08-12T21:50:28","slug":"carteira-advanced","status":"publish","type":"product","link":"https:\/\/ggsignals.com\/pt\/shop\/carteira-advanced\/","title":{"rendered":"Carteira Advanced"},"content":{"rendered":"<p><img fetchpriority=\"high\" decoding=\"async\" class=\"alignnone size-full wp-image-5336\" src=\"http:\/\/ggsignals.com\/wp-content\/uploads\/2021\/11\/7989.png\" alt=\"\" width=\"1907\" height=\"931\" srcset=\"https:\/\/ggsignals.com\/wp-content\/uploads\/2021\/11\/7989.png 1907w, https:\/\/ggsignals.com\/wp-content\/uploads\/2021\/11\/7989-300x146.png 300w, https:\/\/ggsignals.com\/wp-content\/uploads\/2021\/11\/7989-1024x500.png 1024w, https:\/\/ggsignals.com\/wp-content\/uploads\/2021\/11\/7989-768x375.png 768w, https:\/\/ggsignals.com\/wp-content\/uploads\/2021\/11\/7989-1536x750.png 1536w, https:\/\/ggsignals.com\/wp-content\/uploads\/2021\/11\/7989-18x9.png 18w, https:\/\/ggsignals.com\/wp-content\/uploads\/2021\/11\/7989-1600x781.png 1600w\" sizes=\"(max-width: 1907px) 100vw, 1907px\" \/><\/p>\n<p><img decoding=\"async\" class=\"alignnone size-full wp-image-5241\" src=\"http:\/\/ggsignals.com\/wp-content\/uploads\/2021\/11\/7858.png\" alt=\"\" width=\"1920\" height=\"956\" srcset=\"https:\/\/ggsignals.com\/wp-content\/uploads\/2021\/11\/7858.png 1920w, https:\/\/ggsignals.com\/wp-content\/uploads\/2021\/11\/7858-300x149.png 300w, https:\/\/ggsignals.com\/wp-content\/uploads\/2021\/11\/7858-1024x510.png 1024w, https:\/\/ggsignals.com\/wp-content\/uploads\/2021\/11\/7858-768x382.png 768w, https:\/\/ggsignals.com\/wp-content\/uploads\/2021\/11\/7858-1536x765.png 1536w, https:\/\/ggsignals.com\/wp-content\/uploads\/2021\/11\/7858-18x9.png 18w, https:\/\/ggsignals.com\/wp-content\/uploads\/2021\/11\/7858-1600x797.png 1600w\" sizes=\"(max-width: 1920px) 100vw, 1920px\" \/><\/p>\n<p><img decoding=\"async\" class=\"alignnone size-full wp-image-5246\" src=\"http:\/\/ggsignals.com\/wp-content\/uploads\/2021\/11\/7863.png\" alt=\"\" width=\"1920\" height=\"956\" srcset=\"https:\/\/ggsignals.com\/wp-content\/uploads\/2021\/11\/7863.png 1920w, https:\/\/ggsignals.com\/wp-content\/uploads\/2021\/11\/7863-300x149.png 300w, https:\/\/ggsignals.com\/wp-content\/uploads\/2021\/11\/7863-1024x510.png 1024w, https:\/\/ggsignals.com\/wp-content\/uploads\/2021\/11\/7863-768x382.png 768w, https:\/\/ggsignals.com\/wp-content\/uploads\/2021\/11\/7863-1536x765.png 1536w, https:\/\/ggsignals.com\/wp-content\/uploads\/2021\/11\/7863-18x9.png 18w, https:\/\/ggsignals.com\/wp-content\/uploads\/2021\/11\/7863-1600x797.png 1600w\" sizes=\"(max-width: 1920px) 100vw, 1920px\" \/><\/p>\n<p><img loading=\"lazy\" decoding=\"async\" class=\"alignnone size-full wp-image-5247\" src=\"http:\/\/ggsignals.com\/wp-content\/uploads\/2021\/11\/7864.png\" alt=\"\" width=\"1920\" height=\"956\" srcset=\"https:\/\/ggsignals.com\/wp-content\/uploads\/2021\/11\/7864.png 1920w, https:\/\/ggsignals.com\/wp-content\/uploads\/2021\/11\/7864-300x149.png 300w, https:\/\/ggsignals.com\/wp-content\/uploads\/2021\/11\/7864-1024x510.png 1024w, https:\/\/ggsignals.com\/wp-content\/uploads\/2021\/11\/7864-768x382.png 768w, https:\/\/ggsignals.com\/wp-content\/uploads\/2021\/11\/7864-1536x765.png 1536w, https:\/\/ggsignals.com\/wp-content\/uploads\/2021\/11\/7864-18x9.png 18w, https:\/\/ggsignals.com\/wp-content\/uploads\/2021\/11\/7864-1600x797.png 1600w\" sizes=\"(max-width: 1920px) 100vw, 1920px\" \/><\/p>\n<p>&nbsp;<\/p>\n<p><img loading=\"lazy\" decoding=\"async\" class=\"alignnone size-full wp-image-5512\" src=\"http:\/\/ggsignals.com\/wp-content\/uploads\/2021\/11\/8083.png\" alt=\"\" width=\"1920\" height=\"937\" srcset=\"https:\/\/ggsignals.com\/wp-content\/uploads\/2021\/11\/8083.png 1920w, https:\/\/ggsignals.com\/wp-content\/uploads\/2021\/11\/8083-300x146.png 300w, https:\/\/ggsignals.com\/wp-content\/uploads\/2021\/11\/8083-1024x500.png 1024w, https:\/\/ggsignals.com\/wp-content\/uploads\/2021\/11\/8083-768x375.png 768w, https:\/\/ggsignals.com\/wp-content\/uploads\/2021\/11\/8083-1536x750.png 1536w, https:\/\/ggsignals.com\/wp-content\/uploads\/2021\/11\/8083-18x9.png 18w, https:\/\/ggsignals.com\/wp-content\/uploads\/2021\/11\/8083-1600x781.png 1600w\" sizes=\"(max-width: 1920px) 100vw, 1920px\" \/><img loading=\"lazy\" decoding=\"async\" class=\"alignnone size-full wp-image-5514\" src=\"http:\/\/ggsignals.com\/wp-content\/uploads\/2021\/11\/8085.png\" alt=\"\" width=\"1920\" height=\"937\" srcset=\"https:\/\/ggsignals.com\/wp-content\/uploads\/2021\/11\/8085.png 1920w, https:\/\/ggsignals.com\/wp-content\/uploads\/2021\/11\/8085-300x146.png 300w, https:\/\/ggsignals.com\/wp-content\/uploads\/2021\/11\/8085-1024x500.png 1024w, https:\/\/ggsignals.com\/wp-content\/uploads\/2021\/11\/8085-768x375.png 768w, https:\/\/ggsignals.com\/wp-content\/uploads\/2021\/11\/8085-1536x750.png 1536w, https:\/\/ggsignals.com\/wp-content\/uploads\/2021\/11\/8085-18x9.png 18w, https:\/\/ggsignals.com\/wp-content\/uploads\/2021\/11\/8085-1600x781.png 1600w\" sizes=\"(max-width: 1920px) 100vw, 1920px\" \/><img loading=\"lazy\" decoding=\"async\" class=\"alignnone size-full wp-image-5314\" src=\"http:\/\/ggsignals.com\/wp-content\/uploads\/2021\/11\/7942.png\" alt=\"\" width=\"1920\" height=\"949\" srcset=\"https:\/\/ggsignals.com\/wp-content\/uploads\/2021\/11\/7942.png 1920w, https:\/\/ggsignals.com\/wp-content\/uploads\/2021\/11\/7942-300x148.png 300w, https:\/\/ggsignals.com\/wp-content\/uploads\/2021\/11\/7942-1024x506.png 1024w, https:\/\/ggsignals.com\/wp-content\/uploads\/2021\/11\/7942-768x380.png 768w, https:\/\/ggsignals.com\/wp-content\/uploads\/2021\/11\/7942-1536x759.png 1536w, https:\/\/ggsignals.com\/wp-content\/uploads\/2021\/11\/7942-18x9.png 18w, https:\/\/ggsignals.com\/wp-content\/uploads\/2021\/11\/7942-1600x791.png 1600w\" sizes=\"(max-width: 1920px) 100vw, 1920px\" \/><img loading=\"lazy\" decoding=\"async\" class=\"alignnone size-full wp-image-5315\" src=\"http:\/\/ggsignals.com\/wp-content\/uploads\/2021\/11\/7943.png\" alt=\"\" width=\"1920\" height=\"949\" srcset=\"https:\/\/ggsignals.com\/wp-content\/uploads\/2021\/11\/7943.png 1920w, https:\/\/ggsignals.com\/wp-content\/uploads\/2021\/11\/7943-300x148.png 300w, https:\/\/ggsignals.com\/wp-content\/uploads\/2021\/11\/7943-1024x506.png 1024w, https:\/\/ggsignals.com\/wp-content\/uploads\/2021\/11\/7943-768x380.png 768w, https:\/\/ggsignals.com\/wp-content\/uploads\/2021\/11\/7943-1536x759.png 1536w, https:\/\/ggsignals.com\/wp-content\/uploads\/2021\/11\/7943-18x9.png 18w, https:\/\/ggsignals.com\/wp-content\/uploads\/2021\/11\/7943-1600x791.png 1600w\" sizes=\"(max-width: 1920px) 100vw, 1920px\" \/><\/p>\n<p><img loading=\"lazy\" decoding=\"async\" class=\"alignnone size-full wp-image-5250\" src=\"http:\/\/ggsignals.com\/wp-content\/uploads\/2021\/11\/7867.png\" alt=\"\" width=\"1920\" height=\"956\" srcset=\"https:\/\/ggsignals.com\/wp-content\/uploads\/2021\/11\/7867.png 1920w, https:\/\/ggsignals.com\/wp-content\/uploads\/2021\/11\/7867-300x149.png 300w, https:\/\/ggsignals.com\/wp-content\/uploads\/2021\/11\/7867-1024x510.png 1024w, https:\/\/ggsignals.com\/wp-content\/uploads\/2021\/11\/7867-768x382.png 768w, https:\/\/ggsignals.com\/wp-content\/uploads\/2021\/11\/7867-1536x765.png 1536w, https:\/\/ggsignals.com\/wp-content\/uploads\/2021\/11\/7867-18x9.png 18w, https:\/\/ggsignals.com\/wp-content\/uploads\/2021\/11\/7867-1600x797.png 1600w\" sizes=\"(max-width: 1920px) 100vw, 1920px\" \/><\/p>\n<p><img loading=\"lazy\" decoding=\"async\" class=\"alignnone size-full wp-image-5251\" src=\"http:\/\/ggsignals.com\/wp-content\/uploads\/2021\/11\/7868.png\" alt=\"\" width=\"1920\" height=\"956\" srcset=\"https:\/\/ggsignals.com\/wp-content\/uploads\/2021\/11\/7868.png 1920w, https:\/\/ggsignals.com\/wp-content\/uploads\/2021\/11\/7868-300x149.png 300w, https:\/\/ggsignals.com\/wp-content\/uploads\/2021\/11\/7868-1024x510.png 1024w, https:\/\/ggsignals.com\/wp-content\/uploads\/2021\/11\/7868-768x382.png 768w, https:\/\/ggsignals.com\/wp-content\/uploads\/2021\/11\/7868-1536x765.png 1536w, https:\/\/ggsignals.com\/wp-content\/uploads\/2021\/11\/7868-18x9.png 18w, https:\/\/ggsignals.com\/wp-content\/uploads\/2021\/11\/7868-1600x797.png 1600w\" sizes=\"(max-width: 1920px) 100vw, 1920px\" \/><\/p>\n<p><img loading=\"lazy\" decoding=\"async\" class=\"alignnone size-full wp-image-5516\" src=\"http:\/\/ggsignals.com\/wp-content\/uploads\/2021\/11\/8086.png\" alt=\"\" width=\"1920\" height=\"937\" srcset=\"https:\/\/ggsignals.com\/wp-content\/uploads\/2021\/11\/8086.png 1920w, https:\/\/ggsignals.com\/wp-content\/uploads\/2021\/11\/8086-300x146.png 300w, https:\/\/ggsignals.com\/wp-content\/uploads\/2021\/11\/8086-1024x500.png 1024w, https:\/\/ggsignals.com\/wp-content\/uploads\/2021\/11\/8086-768x375.png 768w, https:\/\/ggsignals.com\/wp-content\/uploads\/2021\/11\/8086-1536x750.png 1536w, https:\/\/ggsignals.com\/wp-content\/uploads\/2021\/11\/8086-18x9.png 18w, https:\/\/ggsignals.com\/wp-content\/uploads\/2021\/11\/8086-1600x781.png 1600w\" sizes=\"(max-width: 1920px) 100vw, 1920px\" \/><\/p>\n<p>&nbsp;<\/p>","protected":false},"excerpt":{"rendered":"<p>A carteira advanced inclui uma sele\u00e7\u00e3o cuidadosamente escolhida de 15 rob\u00f4s, cada um projetado para otimizar a lucratividade de suas negocia\u00e7\u00f5es. A lista de rob\u00f4s inclui os classicos: Rexwin, Jack Ma, Spectre, Eike, Safra, Maquine, Niander, Pikoli, Elon, Warren, Bill, Koch, Arnault, Ortega e Lecram.<\/p>\n<p>Com a carteira advanced, voc\u00ea n\u00e3o precisar\u00e1 se preocupar em instalar nada em seu computador ou deix\u00e1-lo ligado durante todo o dia. Esses rob\u00f4s trabalham perfeitamente juntos para maximizar seus resultados, eliminando a necessidade de procurar novos rob\u00f4s ou se preocupar com mensalidades. Se voc\u00ea est\u00e1 procurando uma maneira eficaz e conveniente de melhorar sua negocia\u00e7\u00e3o, a carteira advanced \u00e9 a escolha perfeita para voc\u00ea.<\/p>","protected":false},"featured_media":5591,"template":"","meta":[],"product_cat":[17],"product_tag":[],"class_list":["post-3949","product","type-product","status-publish","has-post-thumbnail","hentry","product_cat-uncategorized"],"yoast_head":"<!-- This site is optimized with the Yoast SEO plugin v25.7 - https:\/\/yoast.com\/wordpress\/plugins\/seo\/ -->\n<title>Carteira Advanced - ggsignals.com<\/title>\n<meta name=\"robots\" content=\"index, follow, max-snippet:-1, max-image-preview:large, max-video-preview:-1\" \/>\n<link rel=\"canonical\" href=\"https:\/\/ggsignals.com\/pt\/shop\/carteira-advanced\/\" \/>\n<meta property=\"og:locale\" content=\"pt_BR\" \/>\n<meta property=\"og:type\" content=\"article\" \/>\n<meta property=\"og:title\" content=\"Carteira Advanced - ggsignals.com\" \/>\n<meta property=\"og:description\" content=\"A carteira advanced inclui uma sele\u00e7\u00e3o cuidadosamente escolhida de 15 rob\u00f4s, cada um projetado para otimizar a lucratividade de suas negocia\u00e7\u00f5es. A lista de rob\u00f4s inclui os classicos: Rexwin, Jack Ma, Spectre, Eike, Safra, Maquine, Niander, Pikoli, Elon, Warren, Bill, Koch, Arnault, Ortega e Lecram.  Com a carteira advanced, voc\u00ea n\u00e3o precisar\u00e1 se preocupar em instalar nada em seu computador ou deix\u00e1-lo ligado durante todo o dia. Esses rob\u00f4s trabalham perfeitamente juntos para maximizar seus resultados, eliminando a necessidade de procurar novos rob\u00f4s ou se preocupar com mensalidades. Se voc\u00ea est\u00e1 procurando uma maneira eficaz e conveniente de melhorar sua negocia\u00e7\u00e3o, a carteira advanced \u00e9 a escolha perfeita para voc\u00ea.\" \/>\n<meta property=\"og:url\" content=\"https:\/\/ggsignals.com\/pt\/shop\/carteira-advanced\/\" \/>\n<meta property=\"og:site_name\" content=\"ggsignals.com\" \/>\n<meta property=\"article:modified_time\" content=\"2025-08-12T21:50:28+00:00\" \/>\n<meta property=\"og:image\" content=\"https:\/\/ggsignals.com\/wp-content\/uploads\/2021\/11\/advanced.webp\" \/>\n\t<meta property=\"og:image:width\" content=\"1536\" \/>\n\t<meta property=\"og:image:height\" content=\"1024\" \/>\n\t<meta property=\"og:image:type\" content=\"image\/webp\" \/>\n<meta name=\"twitter:card\" content=\"summary_large_image\" \/>\n<script type=\"application\/ld+json\" class=\"yoast-schema-graph\">{\"@context\":\"https:\/\/schema.org\",\"@graph\":[{\"@type\":\"WebPage\",\"@id\":\"https:\/\/ggsignals.com\/shop\/carteira-advanced\/\",\"url\":\"https:\/\/ggsignals.com\/shop\/carteira-advanced\/\",\"name\":\"Carteira Advanced - ggsignals.com\",\"isPartOf\":{\"@id\":\"https:\/\/ggsignals.com\/#website\"},\"primaryImageOfPage\":{\"@id\":\"https:\/\/ggsignals.com\/shop\/carteira-advanced\/#primaryimage\"},\"image\":{\"@id\":\"https:\/\/ggsignals.com\/shop\/carteira-advanced\/#primaryimage\"},\"thumbnailUrl\":\"https:\/\/ggsignals.com\/wp-content\/uploads\/2021\/11\/advanced.webp\",\"datePublished\":\"2021-11-26T05:27:21+00:00\",\"dateModified\":\"2025-08-12T21:50:28+00:00\",\"breadcrumb\":{\"@id\":\"https:\/\/ggsignals.com\/shop\/carteira-advanced\/#breadcrumb\"},\"inLanguage\":\"pt-BR\",\"potentialAction\":[{\"@type\":\"ReadAction\",\"target\":[\"https:\/\/ggsignals.com\/shop\/carteira-advanced\/\"]}]},{\"@type\":\"ImageObject\",\"inLanguage\":\"pt-BR\",\"@id\":\"https:\/\/ggsignals.com\/shop\/carteira-advanced\/#primaryimage\",\"url\":\"https:\/\/ggsignals.com\/wp-content\/uploads\/2021\/11\/advanced.webp\",\"contentUrl\":\"https:\/\/ggsignals.com\/wp-content\/uploads\/2021\/11\/advanced.webp\",\"width\":1536,\"height\":1024},{\"@type\":\"BreadcrumbList\",\"@id\":\"https:\/\/ggsignals.com\/shop\/carteira-advanced\/#breadcrumb\",\"itemListElement\":[{\"@type\":\"ListItem\",\"position\":1,\"name\":\"Home\",\"item\":\"https:\/\/ggsignals.com\/\"},{\"@type\":\"ListItem\",\"position\":2,\"name\":\"Shop\",\"item\":\"https:\/\/ggsignals.com\/shop\/\"},{\"@type\":\"ListItem\",\"position\":3,\"name\":\"Carteira Advanced\"}]},{\"@type\":\"WebSite\",\"@id\":\"https:\/\/ggsignals.com\/#website\",\"url\":\"https:\/\/ggsignals.com\/\",\"name\":\"ggsignals.com\",\"description\":\"Robos para smarttbot\",\"publisher\":{\"@id\":\"https:\/\/ggsignals.com\/#organization\"},\"potentialAction\":[{\"@type\":\"SearchAction\",\"target\":{\"@type\":\"EntryPoint\",\"urlTemplate\":\"https:\/\/ggsignals.com\/?s={search_term_string}\"},\"query-input\":{\"@type\":\"PropertyValueSpecification\",\"valueRequired\":true,\"valueName\":\"search_term_string\"}}],\"inLanguage\":\"pt-BR\"},{\"@type\":\"Organization\",\"@id\":\"https:\/\/ggsignals.com\/#organization\",\"name\":\"GG Signals\",\"url\":\"https:\/\/ggsignals.com\/\",\"logo\":{\"@type\":\"ImageObject\",\"inLanguage\":\"pt-BR\",\"@id\":\"https:\/\/ggsignals.com\/#\/schema\/logo\/image\/\",\"url\":\"https:\/\/ggsignals.com\/wp-content\/uploads\/2020\/12\/cropped-752.png\",\"contentUrl\":\"https:\/\/ggsignals.com\/wp-content\/uploads\/2020\/12\/cropped-752.png\",\"width\":531,\"height\":177,\"caption\":\"GG Signals\"},\"image\":{\"@id\":\"https:\/\/ggsignals.com\/#\/schema\/logo\/image\/\"}}]}<\/script>\n<!-- \/ Yoast SEO plugin. -->","yoast_head_json":{"title":"Carteira Advanced - ggsignals.com","robots":{"index":"index","follow":"follow","max-snippet":"max-snippet:-1","max-image-preview":"max-image-preview:large","max-video-preview":"max-video-preview:-1"},"canonical":"https:\/\/ggsignals.com\/pt\/shop\/carteira-advanced\/","og_locale":"pt_BR","og_type":"article","og_title":"Carteira Advanced - ggsignals.com","og_description":"A carteira advanced inclui uma sele\u00e7\u00e3o cuidadosamente escolhida de 15 rob\u00f4s, cada um projetado para otimizar a lucratividade de suas negocia\u00e7\u00f5es. A lista de rob\u00f4s inclui os classicos: Rexwin, Jack Ma, Spectre, Eike, Safra, Maquine, Niander, Pikoli, Elon, Warren, Bill, Koch, Arnault, Ortega e Lecram.  Com a carteira advanced, voc\u00ea n\u00e3o precisar\u00e1 se preocupar em instalar nada em seu computador ou deix\u00e1-lo ligado durante todo o dia. Esses rob\u00f4s trabalham perfeitamente juntos para maximizar seus resultados, eliminando a necessidade de procurar novos rob\u00f4s ou se preocupar com mensalidades. Se voc\u00ea est\u00e1 procurando uma maneira eficaz e conveniente de melhorar sua negocia\u00e7\u00e3o, a carteira advanced \u00e9 a escolha perfeita para voc\u00ea.","og_url":"https:\/\/ggsignals.com\/pt\/shop\/carteira-advanced\/","og_site_name":"ggsignals.com","article_modified_time":"2025-08-12T21:50:28+00:00","og_image":[{"width":1536,"height":1024,"url":"https:\/\/ggsignals.com\/wp-content\/uploads\/2021\/11\/advanced.webp","type":"image\/webp"}],"twitter_card":"summary_large_image","schema":{"@context":"https:\/\/schema.org","@graph":[{"@type":"WebPage","@id":"https:\/\/ggsignals.com\/shop\/carteira-advanced\/","url":"https:\/\/ggsignals.com\/shop\/carteira-advanced\/","name":"Carteira Advanced - ggsignals.com","isPartOf":{"@id":"https:\/\/ggsignals.com\/#website"},"primaryImageOfPage":{"@id":"https:\/\/ggsignals.com\/shop\/carteira-advanced\/#primaryimage"},"image":{"@id":"https:\/\/ggsignals.com\/shop\/carteira-advanced\/#primaryimage"},"thumbnailUrl":"https:\/\/ggsignals.com\/wp-content\/uploads\/2021\/11\/advanced.webp","datePublished":"2021-11-26T05:27:21+00:00","dateModified":"2025-08-12T21:50:28+00:00","breadcrumb":{"@id":"https:\/\/ggsignals.com\/shop\/carteira-advanced\/#breadcrumb"},"inLanguage":"pt-BR","potentialAction":[{"@type":"ReadAction","target":["https:\/\/ggsignals.com\/shop\/carteira-advanced\/"]}]},{"@type":"ImageObject","inLanguage":"pt-BR","@id":"https:\/\/ggsignals.com\/shop\/carteira-advanced\/#primaryimage","url":"https:\/\/ggsignals.com\/wp-content\/uploads\/2021\/11\/advanced.webp","contentUrl":"https:\/\/ggsignals.com\/wp-content\/uploads\/2021\/11\/advanced.webp","width":1536,"height":1024},{"@type":"BreadcrumbList","@id":"https:\/\/ggsignals.com\/shop\/carteira-advanced\/#breadcrumb","itemListElement":[{"@type":"ListItem","position":1,"name":"Home","item":"https:\/\/ggsignals.com\/"},{"@type":"ListItem","position":2,"name":"Shop","item":"https:\/\/ggsignals.com\/shop\/"},{"@type":"ListItem","position":3,"name":"Carteira Advanced"}]},{"@type":"WebSite","@id":"https:\/\/ggsignals.com\/#website","url":"https:\/\/ggsignals.com\/","name":"ggsignals.com","description":"Robos para smarttbot","publisher":{"@id":"https:\/\/ggsignals.com\/#organization"},"potentialAction":[{"@type":"SearchAction","target":{"@type":"EntryPoint","urlTemplate":"https:\/\/ggsignals.com\/?s={search_term_string}"},"query-input":{"@type":"PropertyValueSpecification","valueRequired":true,"valueName":"search_term_string"}}],"inLanguage":"pt-BR"},{"@type":"Organization","@id":"https:\/\/ggsignals.com\/#organization","name":"GG Signals","url":"https:\/\/ggsignals.com\/","logo":{"@type":"ImageObject","inLanguage":"pt-BR","@id":"https:\/\/ggsignals.com\/#\/schema\/logo\/image\/","url":"https:\/\/ggsignals.com\/wp-content\/uploads\/2020\/12\/cropped-752.png","contentUrl":"https:\/\/ggsignals.com\/wp-content\/uploads\/2020\/12\/cropped-752.png","width":531,"height":177,"caption":"GG Signals"},"image":{"@id":"https:\/\/ggsignals.com\/#\/schema\/logo\/image\/"}}]}},"_links":{"self":[{"href":"https:\/\/ggsignals.com\/pt\/wp-json\/wp\/v2\/product\/3949","targetHints":{"allow":["GET"]}}],"collection":[{"href":"https:\/\/ggsignals.com\/pt\/wp-json\/wp\/v2\/product"}],"about":[{"href":"https:\/\/ggsignals.com\/pt\/wp-json\/wp\/v2\/types\/product"}],"wp:featuredmedia":[{"embeddable":true,"href":"https:\/\/ggsignals.com\/pt\/wp-json\/wp\/v2\/media\/5591"}],"wp:attachment":[{"href":"https:\/\/ggsignals.com\/pt\/wp-json\/wp\/v2\/media?parent=3949"}],"wp:term":[{"taxonomy":"product_cat","embeddable":true,"href":"https:\/\/ggsignals.com\/pt\/wp-json\/wp\/v2\/product_cat?post=3949"},{"taxonomy":"product_tag","embeddable":true,"href":"https:\/\/ggsignals.com\/pt\/wp-json\/wp\/v2\/product_tag?post=3949"}],"curies":[{"name":"wp","href":"https:\/\/api.w.org\/{rel}","templated":true}]}}