{"id":3893,"date":"2021-11-21T16:08:59","date_gmt":"2021-11-21T19:08:59","guid":{"rendered":"https:\/\/ggsignals.com\/?post_type=product&#038;p=3893"},"modified":"2022-06-05T16:31:33","modified_gmt":"2022-06-05T19:31:33","slug":"pacote-acoes","status":"publish","type":"product","link":"https:\/\/ggsignals.com\/pt\/shop\/pacote-acoes\/","title":{"rendered":"Carteira A\u00e7\u00f5es"},"content":{"rendered":"","protected":false},"excerpt":{"rendered":"<p>Procurando algo novo alem de \u00cdndice e D\u00f3lar?<br \/>\nA GGSignals acabou de fazer o seu maior lan\u00e7amento at\u00e9 agora<br \/>\n\u00c8 a Carteira a\u00e7\u00f5es que inclui 3 rob\u00f4s para as a\u00e7\u00f5es MGLU3, VALE3 e B3SA3<br \/>\nE como sempre esses rob\u00f4s tem atualiza\u00e7\u00f5es vitalicias, rodam em nuvem, e n\u00e3o tem mensalidades<br \/>\nAlem disso, aproveitando agora a promo\u00e7\u00e3o Black Friday voc\u00ea receber\u00e1 um rob\u00f4 exclusivo para negociar a o bdr da a\u00e7\u00e3o americana apple (APPL34)<br \/>\nPS: \u00c9 necessario uma grande quantia em garantia para day trade em bdrs<\/p>\n<p>Os resultados nas fotos foram feitos utilizando 2.000 a\u00e7\u00f5es<br \/>\nCapital Recomendado:<br \/>\nR$435 em garantia para o rob\u00f4 Vale3 para cada 100 a\u00e7\u00f5es<br \/>\nR$252 em garantia para o rob\u00f4 MGLU3 para cada 100 a\u00e7\u00f5es<br \/>\nR$150 em garantia para o rob\u00f4 B3SA3 para cada 100 a\u00e7\u00f5es<\/p>\n<p>Relatorios Completos:<br \/>\n<a style=\"font-size: 16px; font-style: normal; font-weight: 400; color: #3a3a3a;\" href=\"http:\/\/ggsignals.com\/wp-content\/uploads\/2021\/11\/mglu3-22-11-2021.pdf\">Clique aqui pra ver o relatorio completo mglu3\u00a0<\/a><br \/>\n<a href=\"http:\/\/ggsignals.com\/wp-content\/uploads\/2021\/11\/b3sa3-22-11-2021.pdf\">Clique aqui pra ver o relatorio completo b3sa3\u00a0<\/a><br \/>\n<a href=\"http:\/\/ggsignals.com\/wp-content\/uploads\/2021\/11\/vale3-22-11-2021.pdf\">Clique aqui pra ver o relatorio completo vale3\u00a0<\/a><\/p>","protected":false},"featured_media":3894,"template":"","meta":[],"product_cat":[21],"product_tag":[],"class_list":["post-3893","product","type-product","status-publish","has-post-thumbnail","hentry","product_cat-robos-smarttbot"],"yoast_head":"<!-- This site is optimized with the Yoast SEO plugin v25.7 - https:\/\/yoast.com\/wordpress\/plugins\/seo\/ -->\n<title>Carteira A\u00e7\u00f5es - ggsignals.com<\/title>\n<meta name=\"robots\" content=\"index, follow, max-snippet:-1, max-image-preview:large, max-video-preview:-1\" \/>\n<link rel=\"canonical\" href=\"https:\/\/ggsignals.com\/pt\/shop\/pacote-acoes\/\" \/>\n<meta property=\"og:locale\" content=\"pt_BR\" \/>\n<meta property=\"og:type\" content=\"article\" \/>\n<meta property=\"og:title\" content=\"Carteira A\u00e7\u00f5es - ggsignals.com\" \/>\n<meta property=\"og:description\" content=\"Procurando algo novo alem de \u00cdndice e D\u00f3lar? A GGSignals acabou de fazer o seu maior lan\u00e7amento at\u00e9 agora \u00c8 a Carteira a\u00e7\u00f5es que inclui 3 rob\u00f4s para as a\u00e7\u00f5es MGLU3, VALE3 e B3SA3 E como sempre esses rob\u00f4s tem atualiza\u00e7\u00f5es vitalicias, rodam em nuvem, e n\u00e3o tem mensalidades Alem disso, aproveitando agora a promo\u00e7\u00e3o Black Friday voc\u00ea receber\u00e1 um rob\u00f4 exclusivo para negociar a o bdr da a\u00e7\u00e3o americana apple (APPL34) PS: \u00c9 necessario uma grande quantia em garantia para day trade em bdrs  Os resultados nas fotos foram feitos utilizando 2.000 a\u00e7\u00f5es Capital Recomendado: R$435 em garantia para o rob\u00f4 Vale3 para cada 100 a\u00e7\u00f5es R$252 em garantia para o rob\u00f4 MGLU3 para cada 100 a\u00e7\u00f5es R$150 em garantia para o rob\u00f4 B3SA3 para cada 100 a\u00e7\u00f5es  Relatorios Completos: Clique aqui pra ver o relatorio completo mglu3\u00a0 Clique aqui pra ver o relatorio completo b3sa3\u00a0 Clique aqui pra ver o relatorio completo vale3\u00a0\" \/>\n<meta property=\"og:url\" content=\"https:\/\/ggsignals.com\/pt\/shop\/pacote-acoes\/\" \/>\n<meta property=\"og:site_name\" content=\"ggsignals.com\" \/>\n<meta property=\"article:modified_time\" content=\"2022-06-05T19:31:33+00:00\" \/>\n<meta property=\"og:image\" content=\"https:\/\/ggsignals.com\/wp-content\/uploads\/2021\/11\/5444.png\" \/>\n\t<meta property=\"og:image:width\" content=\"487\" \/>\n\t<meta property=\"og:image:height\" content=\"551\" \/>\n\t<meta property=\"og:image:type\" content=\"image\/png\" \/>\n<meta name=\"twitter:card\" content=\"summary_large_image\" \/>\n<script type=\"application\/ld+json\" class=\"yoast-schema-graph\">{\"@context\":\"https:\/\/schema.org\",\"@graph\":[{\"@type\":\"WebPage\",\"@id\":\"https:\/\/ggsignals.com\/shop\/pacote-acoes\/\",\"url\":\"https:\/\/ggsignals.com\/shop\/pacote-acoes\/\",\"name\":\"Carteira A\u00e7\u00f5es - ggsignals.com\",\"isPartOf\":{\"@id\":\"https:\/\/ggsignals.com\/#website\"},\"primaryImageOfPage\":{\"@id\":\"https:\/\/ggsignals.com\/shop\/pacote-acoes\/#primaryimage\"},\"image\":{\"@id\":\"https:\/\/ggsignals.com\/shop\/pacote-acoes\/#primaryimage\"},\"thumbnailUrl\":\"https:\/\/ggsignals.com\/wp-content\/uploads\/2021\/11\/5444.png\",\"datePublished\":\"2021-11-21T19:08:59+00:00\",\"dateModified\":\"2022-06-05T19:31:33+00:00\",\"breadcrumb\":{\"@id\":\"https:\/\/ggsignals.com\/shop\/pacote-acoes\/#breadcrumb\"},\"inLanguage\":\"pt-BR\",\"potentialAction\":[{\"@type\":\"ReadAction\",\"target\":[\"https:\/\/ggsignals.com\/shop\/pacote-acoes\/\"]}]},{\"@type\":\"ImageObject\",\"inLanguage\":\"pt-BR\",\"@id\":\"https:\/\/ggsignals.com\/shop\/pacote-acoes\/#primaryimage\",\"url\":\"https:\/\/ggsignals.com\/wp-content\/uploads\/2021\/11\/5444.png\",\"contentUrl\":\"https:\/\/ggsignals.com\/wp-content\/uploads\/2021\/11\/5444.png\",\"width\":487,\"height\":551},{\"@type\":\"BreadcrumbList\",\"@id\":\"https:\/\/ggsignals.com\/shop\/pacote-acoes\/#breadcrumb\",\"itemListElement\":[{\"@type\":\"ListItem\",\"position\":1,\"name\":\"Home\",\"item\":\"https:\/\/ggsignals.com\/\"},{\"@type\":\"ListItem\",\"position\":2,\"name\":\"Shop\",\"item\":\"https:\/\/ggsignals.com\/shop\/\"},{\"@type\":\"ListItem\",\"position\":3,\"name\":\"Carteira A\u00e7\u00f5es\"}]},{\"@type\":\"WebSite\",\"@id\":\"https:\/\/ggsignals.com\/#website\",\"url\":\"https:\/\/ggsignals.com\/\",\"name\":\"ggsignals.com\",\"description\":\"Robos para smarttbot\",\"publisher\":{\"@id\":\"https:\/\/ggsignals.com\/#organization\"},\"potentialAction\":[{\"@type\":\"SearchAction\",\"target\":{\"@type\":\"EntryPoint\",\"urlTemplate\":\"https:\/\/ggsignals.com\/?s={search_term_string}\"},\"query-input\":{\"@type\":\"PropertyValueSpecification\",\"valueRequired\":true,\"valueName\":\"search_term_string\"}}],\"inLanguage\":\"pt-BR\"},{\"@type\":\"Organization\",\"@id\":\"https:\/\/ggsignals.com\/#organization\",\"name\":\"GG Signals\",\"url\":\"https:\/\/ggsignals.com\/\",\"logo\":{\"@type\":\"ImageObject\",\"inLanguage\":\"pt-BR\",\"@id\":\"https:\/\/ggsignals.com\/#\/schema\/logo\/image\/\",\"url\":\"https:\/\/ggsignals.com\/wp-content\/uploads\/2020\/12\/cropped-752.png\",\"contentUrl\":\"https:\/\/ggsignals.com\/wp-content\/uploads\/2020\/12\/cropped-752.png\",\"width\":531,\"height\":177,\"caption\":\"GG Signals\"},\"image\":{\"@id\":\"https:\/\/ggsignals.com\/#\/schema\/logo\/image\/\"}}]}<\/script>\n<!-- \/ Yoast SEO plugin. -->","yoast_head_json":{"title":"Carteira A\u00e7\u00f5es - ggsignals.com","robots":{"index":"index","follow":"follow","max-snippet":"max-snippet:-1","max-image-preview":"max-image-preview:large","max-video-preview":"max-video-preview:-1"},"canonical":"https:\/\/ggsignals.com\/pt\/shop\/pacote-acoes\/","og_locale":"pt_BR","og_type":"article","og_title":"Carteira A\u00e7\u00f5es - ggsignals.com","og_description":"Procurando algo novo alem de \u00cdndice e D\u00f3lar? A GGSignals acabou de fazer o seu maior lan\u00e7amento at\u00e9 agora \u00c8 a Carteira a\u00e7\u00f5es que inclui 3 rob\u00f4s para as a\u00e7\u00f5es MGLU3, VALE3 e B3SA3 E como sempre esses rob\u00f4s tem atualiza\u00e7\u00f5es vitalicias, rodam em nuvem, e n\u00e3o tem mensalidades Alem disso, aproveitando agora a promo\u00e7\u00e3o Black Friday voc\u00ea receber\u00e1 um rob\u00f4 exclusivo para negociar a o bdr da a\u00e7\u00e3o americana apple (APPL34) PS: \u00c9 necessario uma grande quantia em garantia para day trade em bdrs  Os resultados nas fotos foram feitos utilizando 2.000 a\u00e7\u00f5es Capital Recomendado: R$435 em garantia para o rob\u00f4 Vale3 para cada 100 a\u00e7\u00f5es R$252 em garantia para o rob\u00f4 MGLU3 para cada 100 a\u00e7\u00f5es R$150 em garantia para o rob\u00f4 B3SA3 para cada 100 a\u00e7\u00f5es  Relatorios Completos: Clique aqui pra ver o relatorio completo mglu3\u00a0 Clique aqui pra ver o relatorio completo b3sa3\u00a0 Clique aqui pra ver o relatorio completo vale3\u00a0","og_url":"https:\/\/ggsignals.com\/pt\/shop\/pacote-acoes\/","og_site_name":"ggsignals.com","article_modified_time":"2022-06-05T19:31:33+00:00","og_image":[{"width":487,"height":551,"url":"https:\/\/ggsignals.com\/wp-content\/uploads\/2021\/11\/5444.png","type":"image\/png"}],"twitter_card":"summary_large_image","schema":{"@context":"https:\/\/schema.org","@graph":[{"@type":"WebPage","@id":"https:\/\/ggsignals.com\/shop\/pacote-acoes\/","url":"https:\/\/ggsignals.com\/shop\/pacote-acoes\/","name":"Carteira A\u00e7\u00f5es - ggsignals.com","isPartOf":{"@id":"https:\/\/ggsignals.com\/#website"},"primaryImageOfPage":{"@id":"https:\/\/ggsignals.com\/shop\/pacote-acoes\/#primaryimage"},"image":{"@id":"https:\/\/ggsignals.com\/shop\/pacote-acoes\/#primaryimage"},"thumbnailUrl":"https:\/\/ggsignals.com\/wp-content\/uploads\/2021\/11\/5444.png","datePublished":"2021-11-21T19:08:59+00:00","dateModified":"2022-06-05T19:31:33+00:00","breadcrumb":{"@id":"https:\/\/ggsignals.com\/shop\/pacote-acoes\/#breadcrumb"},"inLanguage":"pt-BR","potentialAction":[{"@type":"ReadAction","target":["https:\/\/ggsignals.com\/shop\/pacote-acoes\/"]}]},{"@type":"ImageObject","inLanguage":"pt-BR","@id":"https:\/\/ggsignals.com\/shop\/pacote-acoes\/#primaryimage","url":"https:\/\/ggsignals.com\/wp-content\/uploads\/2021\/11\/5444.png","contentUrl":"https:\/\/ggsignals.com\/wp-content\/uploads\/2021\/11\/5444.png","width":487,"height":551},{"@type":"BreadcrumbList","@id":"https:\/\/ggsignals.com\/shop\/pacote-acoes\/#breadcrumb","itemListElement":[{"@type":"ListItem","position":1,"name":"Home","item":"https:\/\/ggsignals.com\/"},{"@type":"ListItem","position":2,"name":"Shop","item":"https:\/\/ggsignals.com\/shop\/"},{"@type":"ListItem","position":3,"name":"Carteira A\u00e7\u00f5es"}]},{"@type":"WebSite","@id":"https:\/\/ggsignals.com\/#website","url":"https:\/\/ggsignals.com\/","name":"ggsignals.com","description":"Robos para smarttbot","publisher":{"@id":"https:\/\/ggsignals.com\/#organization"},"potentialAction":[{"@type":"SearchAction","target":{"@type":"EntryPoint","urlTemplate":"https:\/\/ggsignals.com\/?s={search_term_string}"},"query-input":{"@type":"PropertyValueSpecification","valueRequired":true,"valueName":"search_term_string"}}],"inLanguage":"pt-BR"},{"@type":"Organization","@id":"https:\/\/ggsignals.com\/#organization","name":"GG Signals","url":"https:\/\/ggsignals.com\/","logo":{"@type":"ImageObject","inLanguage":"pt-BR","@id":"https:\/\/ggsignals.com\/#\/schema\/logo\/image\/","url":"https:\/\/ggsignals.com\/wp-content\/uploads\/2020\/12\/cropped-752.png","contentUrl":"https:\/\/ggsignals.com\/wp-content\/uploads\/2020\/12\/cropped-752.png","width":531,"height":177,"caption":"GG Signals"},"image":{"@id":"https:\/\/ggsignals.com\/#\/schema\/logo\/image\/"}}]}},"_links":{"self":[{"href":"https:\/\/ggsignals.com\/pt\/wp-json\/wp\/v2\/product\/3893","targetHints":{"allow":["GET"]}}],"collection":[{"href":"https:\/\/ggsignals.com\/pt\/wp-json\/wp\/v2\/product"}],"about":[{"href":"https:\/\/ggsignals.com\/pt\/wp-json\/wp\/v2\/types\/product"}],"wp:featuredmedia":[{"embeddable":true,"href":"https:\/\/ggsignals.com\/pt\/wp-json\/wp\/v2\/media\/3894"}],"wp:attachment":[{"href":"https:\/\/ggsignals.com\/pt\/wp-json\/wp\/v2\/media?parent=3893"}],"wp:term":[{"taxonomy":"product_cat","embeddable":true,"href":"https:\/\/ggsignals.com\/pt\/wp-json\/wp\/v2\/product_cat?post=3893"},{"taxonomy":"product_tag","embeddable":true,"href":"https:\/\/ggsignals.com\/pt\/wp-json\/wp\/v2\/product_tag?post=3893"}],"curies":[{"name":"wp","href":"https:\/\/api.w.org\/{rel}","templated":true}]}}