{"id":3576,"date":"2021-09-23T14:52:59","date_gmt":"2021-09-23T17:52:59","guid":{"rendered":"https:\/\/ggsignals.com\/?post_type=product&#038;p=3576"},"modified":"2025-08-12T16:53:51","modified_gmt":"2025-08-12T19:53:51","slug":"niander-tangram-indice","status":"publish","type":"product","link":"https:\/\/ggsignals.com\/pt\/shop\/niander-tangram-indice\/","title":{"rendered":"Niander &#8211; Tangram Indice"},"content":{"rendered":"<p><img fetchpriority=\"high\" decoding=\"async\" class=\"alignnone size-full wp-image-5507\" src=\"http:\/\/ggsignals.com\/wp-content\/uploads\/2021\/09\/8081.png\" alt=\"\" width=\"1920\" height=\"937\" srcset=\"https:\/\/ggsignals.com\/wp-content\/uploads\/2021\/09\/8081.png 1920w, https:\/\/ggsignals.com\/wp-content\/uploads\/2021\/09\/8081-300x146.png 300w, https:\/\/ggsignals.com\/wp-content\/uploads\/2021\/09\/8081-1024x500.png 1024w, https:\/\/ggsignals.com\/wp-content\/uploads\/2021\/09\/8081-768x375.png 768w, https:\/\/ggsignals.com\/wp-content\/uploads\/2021\/09\/8081-1536x750.png 1536w, https:\/\/ggsignals.com\/wp-content\/uploads\/2021\/09\/8081-18x9.png 18w, https:\/\/ggsignals.com\/wp-content\/uploads\/2021\/09\/8081-1600x781.png 1600w\" sizes=\"(max-width: 1920px) 100vw, 1920px\" \/><\/p>","protected":false},"excerpt":{"rendered":"<p>O Niander, sem d\u00favida, \u00e9 a escolha mais inteligente quando se trata de operar de forma automatizada no mercado de \u00edndice, garantindo resultados excepcionais. Ele se destaca como a solu\u00e7\u00e3o ideal para aqueles que desejam obter uma renda extra de forma totalmente passiva, por meio da negocia\u00e7\u00e3o de contratos de mini \u00edndice.<\/p>\n<p>Uma das principais raz\u00f5es pelas quais o Niander se destaca \u00e9 a sua integra\u00e7\u00e3o perfeita com a estrat\u00e9gia Tangram, disponibilizada pela plataforma Smarttbot de forma gratuita<\/p>","protected":false},"featured_media":5588,"template":"","meta":[],"product_cat":[21],"product_tag":[],"class_list":["post-3576","product","type-product","status-publish","has-post-thumbnail","hentry","product_cat-robos-smarttbot"],"yoast_head":"<!-- This site is optimized with the Yoast SEO plugin v25.7 - https:\/\/yoast.com\/wordpress\/plugins\/seo\/ -->\n<title>Niander - Tangram Indice - ggsignals.com<\/title>\n<meta name=\"robots\" content=\"index, follow, max-snippet:-1, max-image-preview:large, max-video-preview:-1\" \/>\n<link rel=\"canonical\" href=\"https:\/\/ggsignals.com\/pt\/shop\/niander-tangram-indice\/\" \/>\n<meta property=\"og:locale\" content=\"pt_BR\" \/>\n<meta property=\"og:type\" content=\"article\" \/>\n<meta property=\"og:title\" content=\"Niander - Tangram Indice - ggsignals.com\" \/>\n<meta property=\"og:description\" content=\"O Niander, sem d\u00favida, \u00e9 a escolha mais inteligente quando se trata de operar de forma automatizada no mercado de \u00edndice, garantindo resultados excepcionais. Ele se destaca como a solu\u00e7\u00e3o ideal para aqueles que desejam obter uma renda extra de forma totalmente passiva, por meio da negocia\u00e7\u00e3o de contratos de mini \u00edndice.  Uma das principais raz\u00f5es pelas quais o Niander se destaca \u00e9 a sua integra\u00e7\u00e3o perfeita com a estrat\u00e9gia Tangram, disponibilizada pela plataforma Smarttbot de forma gratuita\" \/>\n<meta property=\"og:url\" content=\"https:\/\/ggsignals.com\/pt\/shop\/niander-tangram-indice\/\" \/>\n<meta property=\"og:site_name\" content=\"ggsignals.com\" \/>\n<meta property=\"article:modified_time\" content=\"2025-08-12T19:53:51+00:00\" \/>\n<meta property=\"og:image\" content=\"https:\/\/ggsignals.com\/wp-content\/uploads\/2021\/09\/20250812_1651_Pacote-de-Robo-Tangram_remix_01k2fx6tdwfkq8wtt651zaytvf-1024x683.png\" \/>\n\t<meta property=\"og:image:width\" content=\"1024\" \/>\n\t<meta property=\"og:image:height\" content=\"683\" \/>\n\t<meta property=\"og:image:type\" content=\"image\/png\" \/>\n<meta name=\"twitter:card\" content=\"summary_large_image\" \/>\n<script type=\"application\/ld+json\" class=\"yoast-schema-graph\">{\"@context\":\"https:\/\/schema.org\",\"@graph\":[{\"@type\":\"WebPage\",\"@id\":\"https:\/\/ggsignals.com\/shop\/niander-tangram-indice\/\",\"url\":\"https:\/\/ggsignals.com\/shop\/niander-tangram-indice\/\",\"name\":\"Niander - Tangram Indice - ggsignals.com\",\"isPartOf\":{\"@id\":\"https:\/\/ggsignals.com\/#website\"},\"primaryImageOfPage\":{\"@id\":\"https:\/\/ggsignals.com\/shop\/niander-tangram-indice\/#primaryimage\"},\"image\":{\"@id\":\"https:\/\/ggsignals.com\/shop\/niander-tangram-indice\/#primaryimage\"},\"thumbnailUrl\":\"https:\/\/ggsignals.com\/wp-content\/uploads\/2021\/09\/20250812_1651_Pacote-de-Robo-Tangram_remix_01k2fx6tdwfkq8wtt651zaytvf.png\",\"datePublished\":\"2021-09-23T17:52:59+00:00\",\"dateModified\":\"2025-08-12T19:53:51+00:00\",\"breadcrumb\":{\"@id\":\"https:\/\/ggsignals.com\/shop\/niander-tangram-indice\/#breadcrumb\"},\"inLanguage\":\"pt-BR\",\"potentialAction\":[{\"@type\":\"ReadAction\",\"target\":[\"https:\/\/ggsignals.com\/shop\/niander-tangram-indice\/\"]}]},{\"@type\":\"ImageObject\",\"inLanguage\":\"pt-BR\",\"@id\":\"https:\/\/ggsignals.com\/shop\/niander-tangram-indice\/#primaryimage\",\"url\":\"https:\/\/ggsignals.com\/wp-content\/uploads\/2021\/09\/20250812_1651_Pacote-de-Robo-Tangram_remix_01k2fx6tdwfkq8wtt651zaytvf.png\",\"contentUrl\":\"https:\/\/ggsignals.com\/wp-content\/uploads\/2021\/09\/20250812_1651_Pacote-de-Robo-Tangram_remix_01k2fx6tdwfkq8wtt651zaytvf.png\",\"width\":1536,\"height\":1024},{\"@type\":\"BreadcrumbList\",\"@id\":\"https:\/\/ggsignals.com\/shop\/niander-tangram-indice\/#breadcrumb\",\"itemListElement\":[{\"@type\":\"ListItem\",\"position\":1,\"name\":\"Home\",\"item\":\"https:\/\/ggsignals.com\/\"},{\"@type\":\"ListItem\",\"position\":2,\"name\":\"Shop\",\"item\":\"https:\/\/ggsignals.com\/shop\/\"},{\"@type\":\"ListItem\",\"position\":3,\"name\":\"Niander &#8211; Tangram Indice\"}]},{\"@type\":\"WebSite\",\"@id\":\"https:\/\/ggsignals.com\/#website\",\"url\":\"https:\/\/ggsignals.com\/\",\"name\":\"ggsignals.com\",\"description\":\"Robos para smarttbot\",\"publisher\":{\"@id\":\"https:\/\/ggsignals.com\/#organization\"},\"potentialAction\":[{\"@type\":\"SearchAction\",\"target\":{\"@type\":\"EntryPoint\",\"urlTemplate\":\"https:\/\/ggsignals.com\/?s={search_term_string}\"},\"query-input\":{\"@type\":\"PropertyValueSpecification\",\"valueRequired\":true,\"valueName\":\"search_term_string\"}}],\"inLanguage\":\"pt-BR\"},{\"@type\":\"Organization\",\"@id\":\"https:\/\/ggsignals.com\/#organization\",\"name\":\"GG Signals\",\"url\":\"https:\/\/ggsignals.com\/\",\"logo\":{\"@type\":\"ImageObject\",\"inLanguage\":\"pt-BR\",\"@id\":\"https:\/\/ggsignals.com\/#\/schema\/logo\/image\/\",\"url\":\"https:\/\/ggsignals.com\/wp-content\/uploads\/2020\/12\/cropped-752.png\",\"contentUrl\":\"https:\/\/ggsignals.com\/wp-content\/uploads\/2020\/12\/cropped-752.png\",\"width\":531,\"height\":177,\"caption\":\"GG Signals\"},\"image\":{\"@id\":\"https:\/\/ggsignals.com\/#\/schema\/logo\/image\/\"}}]}<\/script>\n<!-- \/ Yoast SEO plugin. -->","yoast_head_json":{"title":"Niander - Tangram Indice - ggsignals.com","robots":{"index":"index","follow":"follow","max-snippet":"max-snippet:-1","max-image-preview":"max-image-preview:large","max-video-preview":"max-video-preview:-1"},"canonical":"https:\/\/ggsignals.com\/pt\/shop\/niander-tangram-indice\/","og_locale":"pt_BR","og_type":"article","og_title":"Niander - Tangram Indice - ggsignals.com","og_description":"O Niander, sem d\u00favida, \u00e9 a escolha mais inteligente quando se trata de operar de forma automatizada no mercado de \u00edndice, garantindo resultados excepcionais. Ele se destaca como a solu\u00e7\u00e3o ideal para aqueles que desejam obter uma renda extra de forma totalmente passiva, por meio da negocia\u00e7\u00e3o de contratos de mini \u00edndice.  Uma das principais raz\u00f5es pelas quais o Niander se destaca \u00e9 a sua integra\u00e7\u00e3o perfeita com a estrat\u00e9gia Tangram, disponibilizada pela plataforma Smarttbot de forma gratuita","og_url":"https:\/\/ggsignals.com\/pt\/shop\/niander-tangram-indice\/","og_site_name":"ggsignals.com","article_modified_time":"2025-08-12T19:53:51+00:00","og_image":[{"width":1024,"height":683,"url":"https:\/\/ggsignals.com\/wp-content\/uploads\/2021\/09\/20250812_1651_Pacote-de-Robo-Tangram_remix_01k2fx6tdwfkq8wtt651zaytvf-1024x683.png","type":"image\/png"}],"twitter_card":"summary_large_image","schema":{"@context":"https:\/\/schema.org","@graph":[{"@type":"WebPage","@id":"https:\/\/ggsignals.com\/shop\/niander-tangram-indice\/","url":"https:\/\/ggsignals.com\/shop\/niander-tangram-indice\/","name":"Niander - Tangram Indice - ggsignals.com","isPartOf":{"@id":"https:\/\/ggsignals.com\/#website"},"primaryImageOfPage":{"@id":"https:\/\/ggsignals.com\/shop\/niander-tangram-indice\/#primaryimage"},"image":{"@id":"https:\/\/ggsignals.com\/shop\/niander-tangram-indice\/#primaryimage"},"thumbnailUrl":"https:\/\/ggsignals.com\/wp-content\/uploads\/2021\/09\/20250812_1651_Pacote-de-Robo-Tangram_remix_01k2fx6tdwfkq8wtt651zaytvf.png","datePublished":"2021-09-23T17:52:59+00:00","dateModified":"2025-08-12T19:53:51+00:00","breadcrumb":{"@id":"https:\/\/ggsignals.com\/shop\/niander-tangram-indice\/#breadcrumb"},"inLanguage":"pt-BR","potentialAction":[{"@type":"ReadAction","target":["https:\/\/ggsignals.com\/shop\/niander-tangram-indice\/"]}]},{"@type":"ImageObject","inLanguage":"pt-BR","@id":"https:\/\/ggsignals.com\/shop\/niander-tangram-indice\/#primaryimage","url":"https:\/\/ggsignals.com\/wp-content\/uploads\/2021\/09\/20250812_1651_Pacote-de-Robo-Tangram_remix_01k2fx6tdwfkq8wtt651zaytvf.png","contentUrl":"https:\/\/ggsignals.com\/wp-content\/uploads\/2021\/09\/20250812_1651_Pacote-de-Robo-Tangram_remix_01k2fx6tdwfkq8wtt651zaytvf.png","width":1536,"height":1024},{"@type":"BreadcrumbList","@id":"https:\/\/ggsignals.com\/shop\/niander-tangram-indice\/#breadcrumb","itemListElement":[{"@type":"ListItem","position":1,"name":"Home","item":"https:\/\/ggsignals.com\/"},{"@type":"ListItem","position":2,"name":"Shop","item":"https:\/\/ggsignals.com\/shop\/"},{"@type":"ListItem","position":3,"name":"Niander &#8211; Tangram Indice"}]},{"@type":"WebSite","@id":"https:\/\/ggsignals.com\/#website","url":"https:\/\/ggsignals.com\/","name":"ggsignals.com","description":"Robos para smarttbot","publisher":{"@id":"https:\/\/ggsignals.com\/#organization"},"potentialAction":[{"@type":"SearchAction","target":{"@type":"EntryPoint","urlTemplate":"https:\/\/ggsignals.com\/?s={search_term_string}"},"query-input":{"@type":"PropertyValueSpecification","valueRequired":true,"valueName":"search_term_string"}}],"inLanguage":"pt-BR"},{"@type":"Organization","@id":"https:\/\/ggsignals.com\/#organization","name":"GG Signals","url":"https:\/\/ggsignals.com\/","logo":{"@type":"ImageObject","inLanguage":"pt-BR","@id":"https:\/\/ggsignals.com\/#\/schema\/logo\/image\/","url":"https:\/\/ggsignals.com\/wp-content\/uploads\/2020\/12\/cropped-752.png","contentUrl":"https:\/\/ggsignals.com\/wp-content\/uploads\/2020\/12\/cropped-752.png","width":531,"height":177,"caption":"GG Signals"},"image":{"@id":"https:\/\/ggsignals.com\/#\/schema\/logo\/image\/"}}]}},"_links":{"self":[{"href":"https:\/\/ggsignals.com\/pt\/wp-json\/wp\/v2\/product\/3576","targetHints":{"allow":["GET"]}}],"collection":[{"href":"https:\/\/ggsignals.com\/pt\/wp-json\/wp\/v2\/product"}],"about":[{"href":"https:\/\/ggsignals.com\/pt\/wp-json\/wp\/v2\/types\/product"}],"wp:featuredmedia":[{"embeddable":true,"href":"https:\/\/ggsignals.com\/pt\/wp-json\/wp\/v2\/media\/5588"}],"wp:attachment":[{"href":"https:\/\/ggsignals.com\/pt\/wp-json\/wp\/v2\/media?parent=3576"}],"wp:term":[{"taxonomy":"product_cat","embeddable":true,"href":"https:\/\/ggsignals.com\/pt\/wp-json\/wp\/v2\/product_cat?post=3576"},{"taxonomy":"product_tag","embeddable":true,"href":"https:\/\/ggsignals.com\/pt\/wp-json\/wp\/v2\/product_tag?post=3576"}],"curies":[{"name":"wp","href":"https:\/\/api.w.org\/{rel}","templated":true}]}}