{"id":3181,"date":"2021-05-30T18:00:02","date_gmt":"2021-05-30T21:00:02","guid":{"rendered":"https:\/\/ggsignals.com\/?post_type=product&#038;p=3181"},"modified":"2022-08-09T19:26:09","modified_gmt":"2022-08-09T22:26:09","slug":"lecram-robo-para-dolar-contra-tendencia-tangram","status":"publish","type":"product","link":"https:\/\/ggsignals.com\/pt\/shop\/lecram-robo-para-dolar-contra-tendencia-tangram\/","title":{"rendered":"Lecram &#8211; Rob\u00f4 para d\u00f3lar contra tend\u00eancia Tangram"},"content":{"rendered":"<p>Utilizando as bandas de bollinger criadas por John Bollinger, o rob\u00f4 Lecram faz entradas quando o d\u00f3lar est\u00e1 sobrecomprado\/vendido e faz sua saida na media m\u00f3vel<br \/>\n<img fetchpriority=\"high\" decoding=\"async\" class=\"alignnone wp-image-3188 size-full\" src=\"http:\/\/ggsignals.com\/wp-content\/uploads\/2021\/05\/4954-2.png\" alt=\"\" width=\"854\" height=\"416\" srcset=\"https:\/\/ggsignals.com\/wp-content\/uploads\/2021\/05\/4954-2.png 854w, https:\/\/ggsignals.com\/wp-content\/uploads\/2021\/05\/4954-2-300x146.png 300w, https:\/\/ggsignals.com\/wp-content\/uploads\/2021\/05\/4954-2-768x374.png 768w, https:\/\/ggsignals.com\/wp-content\/uploads\/2021\/05\/4954-2-16x8.png 16w, https:\/\/ggsignals.com\/wp-content\/uploads\/2021\/05\/4954-2-600x292.png 600w\" sizes=\"(max-width: 854px) 100vw, 854px\" \/><\/p>\n<p><img decoding=\"async\" class=\"alignnone wp-image-3186 size-full\" src=\"http:\/\/ggsignals.com\/wp-content\/uploads\/2021\/05\/4955-1.png\" alt=\"\" width=\"1680\" height=\"912\" srcset=\"https:\/\/ggsignals.com\/wp-content\/uploads\/2021\/05\/4955-1.png 1680w, https:\/\/ggsignals.com\/wp-content\/uploads\/2021\/05\/4955-1-1600x869.png 1600w, https:\/\/ggsignals.com\/wp-content\/uploads\/2021\/05\/4955-1-300x163.png 300w, https:\/\/ggsignals.com\/wp-content\/uploads\/2021\/05\/4955-1-1024x556.png 1024w, https:\/\/ggsignals.com\/wp-content\/uploads\/2021\/05\/4955-1-768x417.png 768w, https:\/\/ggsignals.com\/wp-content\/uploads\/2021\/05\/4955-1-1536x834.png 1536w, https:\/\/ggsignals.com\/wp-content\/uploads\/2021\/05\/4955-1-16x9.png 16w\" sizes=\"(max-width: 1680px) 100vw, 1680px\" \/><\/p>","protected":false},"excerpt":{"rendered":"<p>Utilizando as bandas de bollinger criadas por John Bollinger, o rob\u00f4 Lecram faz entradas quando o d\u00f3lar est\u00e1 sobrecomprado\/vendido e faz sua saida na media m\u00f3vel<\/p>","protected":false},"featured_media":3185,"template":"","meta":[],"product_cat":[21],"product_tag":[18,20,19],"class_list":["post-3181","product","type-product","status-publish","has-post-thumbnail","hentry","product_cat-robos-smarttbot","product_tag-robo","product_tag-smartbot","product_tag-smarttbot"],"yoast_head":"<!-- This site is optimized with the Yoast SEO plugin v25.7 - https:\/\/yoast.com\/wordpress\/plugins\/seo\/ -->\n<title>Lecram - Rob\u00f4 para d\u00f3lar contra tend\u00eancia Tangram - ggsignals.com<\/title>\n<meta name=\"robots\" content=\"index, follow, max-snippet:-1, max-image-preview:large, max-video-preview:-1\" \/>\n<link rel=\"canonical\" href=\"https:\/\/ggsignals.com\/pt\/shop\/lecram-robo-para-dolar-contra-tendencia-tangram\/\" \/>\n<meta property=\"og:locale\" content=\"pt_BR\" \/>\n<meta property=\"og:type\" content=\"article\" \/>\n<meta property=\"og:title\" content=\"Lecram - Rob\u00f4 para d\u00f3lar contra tend\u00eancia Tangram - ggsignals.com\" \/>\n<meta property=\"og:description\" content=\"Utilizando as bandas de bollinger criadas por John Bollinger, o rob\u00f4 Lecram faz entradas quando o d\u00f3lar est\u00e1 sobrecomprado\/vendido e faz sua saida na media m\u00f3vel\" \/>\n<meta property=\"og:url\" content=\"https:\/\/ggsignals.com\/pt\/shop\/lecram-robo-para-dolar-contra-tendencia-tangram\/\" \/>\n<meta property=\"og:site_name\" content=\"ggsignals.com\" \/>\n<meta property=\"article:modified_time\" content=\"2022-08-09T22:26:09+00:00\" \/>\n<meta property=\"og:image\" content=\"https:\/\/ggsignals.com\/wp-content\/uploads\/2021\/05\/4955.png\" \/>\n\t<meta property=\"og:image:width\" content=\"1680\" \/>\n\t<meta property=\"og:image:height\" content=\"912\" \/>\n\t<meta property=\"og:image:type\" content=\"image\/png\" \/>\n<meta name=\"twitter:card\" content=\"summary_large_image\" \/>\n<script type=\"application\/ld+json\" class=\"yoast-schema-graph\">{\"@context\":\"https:\/\/schema.org\",\"@graph\":[{\"@type\":\"WebPage\",\"@id\":\"https:\/\/ggsignals.com\/shop\/lecram-robo-para-dolar-contra-tendencia-tangram\/\",\"url\":\"https:\/\/ggsignals.com\/shop\/lecram-robo-para-dolar-contra-tendencia-tangram\/\",\"name\":\"Lecram - Rob\u00f4 para d\u00f3lar contra tend\u00eancia Tangram - ggsignals.com\",\"isPartOf\":{\"@id\":\"https:\/\/ggsignals.com\/#website\"},\"primaryImageOfPage\":{\"@id\":\"https:\/\/ggsignals.com\/shop\/lecram-robo-para-dolar-contra-tendencia-tangram\/#primaryimage\"},\"image\":{\"@id\":\"https:\/\/ggsignals.com\/shop\/lecram-robo-para-dolar-contra-tendencia-tangram\/#primaryimage\"},\"thumbnailUrl\":\"https:\/\/ggsignals.com\/wp-content\/uploads\/2021\/05\/4955.png\",\"datePublished\":\"2021-05-30T21:00:02+00:00\",\"dateModified\":\"2022-08-09T22:26:09+00:00\",\"breadcrumb\":{\"@id\":\"https:\/\/ggsignals.com\/shop\/lecram-robo-para-dolar-contra-tendencia-tangram\/#breadcrumb\"},\"inLanguage\":\"pt-BR\",\"potentialAction\":[{\"@type\":\"ReadAction\",\"target\":[\"https:\/\/ggsignals.com\/shop\/lecram-robo-para-dolar-contra-tendencia-tangram\/\"]}]},{\"@type\":\"ImageObject\",\"inLanguage\":\"pt-BR\",\"@id\":\"https:\/\/ggsignals.com\/shop\/lecram-robo-para-dolar-contra-tendencia-tangram\/#primaryimage\",\"url\":\"https:\/\/ggsignals.com\/wp-content\/uploads\/2021\/05\/4955.png\",\"contentUrl\":\"https:\/\/ggsignals.com\/wp-content\/uploads\/2021\/05\/4955.png\",\"width\":1680,\"height\":912},{\"@type\":\"BreadcrumbList\",\"@id\":\"https:\/\/ggsignals.com\/shop\/lecram-robo-para-dolar-contra-tendencia-tangram\/#breadcrumb\",\"itemListElement\":[{\"@type\":\"ListItem\",\"position\":1,\"name\":\"Home\",\"item\":\"https:\/\/ggsignals.com\/\"},{\"@type\":\"ListItem\",\"position\":2,\"name\":\"Shop\",\"item\":\"https:\/\/ggsignals.com\/shop\/\"},{\"@type\":\"ListItem\",\"position\":3,\"name\":\"Lecram &#8211; Rob\u00f4 para d\u00f3lar contra tend\u00eancia Tangram\"}]},{\"@type\":\"WebSite\",\"@id\":\"https:\/\/ggsignals.com\/#website\",\"url\":\"https:\/\/ggsignals.com\/\",\"name\":\"ggsignals.com\",\"description\":\"Robos para smarttbot\",\"publisher\":{\"@id\":\"https:\/\/ggsignals.com\/#organization\"},\"potentialAction\":[{\"@type\":\"SearchAction\",\"target\":{\"@type\":\"EntryPoint\",\"urlTemplate\":\"https:\/\/ggsignals.com\/?s={search_term_string}\"},\"query-input\":{\"@type\":\"PropertyValueSpecification\",\"valueRequired\":true,\"valueName\":\"search_term_string\"}}],\"inLanguage\":\"pt-BR\"},{\"@type\":\"Organization\",\"@id\":\"https:\/\/ggsignals.com\/#organization\",\"name\":\"GG Signals\",\"url\":\"https:\/\/ggsignals.com\/\",\"logo\":{\"@type\":\"ImageObject\",\"inLanguage\":\"pt-BR\",\"@id\":\"https:\/\/ggsignals.com\/#\/schema\/logo\/image\/\",\"url\":\"https:\/\/ggsignals.com\/wp-content\/uploads\/2020\/12\/cropped-752.png\",\"contentUrl\":\"https:\/\/ggsignals.com\/wp-content\/uploads\/2020\/12\/cropped-752.png\",\"width\":531,\"height\":177,\"caption\":\"GG Signals\"},\"image\":{\"@id\":\"https:\/\/ggsignals.com\/#\/schema\/logo\/image\/\"}}]}<\/script>\n<!-- \/ Yoast SEO plugin. -->","yoast_head_json":{"title":"Lecram - Rob\u00f4 para d\u00f3lar contra tend\u00eancia Tangram - ggsignals.com","robots":{"index":"index","follow":"follow","max-snippet":"max-snippet:-1","max-image-preview":"max-image-preview:large","max-video-preview":"max-video-preview:-1"},"canonical":"https:\/\/ggsignals.com\/pt\/shop\/lecram-robo-para-dolar-contra-tendencia-tangram\/","og_locale":"pt_BR","og_type":"article","og_title":"Lecram - Rob\u00f4 para d\u00f3lar contra tend\u00eancia Tangram - ggsignals.com","og_description":"Utilizando as bandas de bollinger criadas por John Bollinger, o rob\u00f4 Lecram faz entradas quando o d\u00f3lar est\u00e1 sobrecomprado\/vendido e faz sua saida na media m\u00f3vel","og_url":"https:\/\/ggsignals.com\/pt\/shop\/lecram-robo-para-dolar-contra-tendencia-tangram\/","og_site_name":"ggsignals.com","article_modified_time":"2022-08-09T22:26:09+00:00","og_image":[{"width":1680,"height":912,"url":"https:\/\/ggsignals.com\/wp-content\/uploads\/2021\/05\/4955.png","type":"image\/png"}],"twitter_card":"summary_large_image","schema":{"@context":"https:\/\/schema.org","@graph":[{"@type":"WebPage","@id":"https:\/\/ggsignals.com\/shop\/lecram-robo-para-dolar-contra-tendencia-tangram\/","url":"https:\/\/ggsignals.com\/shop\/lecram-robo-para-dolar-contra-tendencia-tangram\/","name":"Lecram - Rob\u00f4 para d\u00f3lar contra tend\u00eancia Tangram - ggsignals.com","isPartOf":{"@id":"https:\/\/ggsignals.com\/#website"},"primaryImageOfPage":{"@id":"https:\/\/ggsignals.com\/shop\/lecram-robo-para-dolar-contra-tendencia-tangram\/#primaryimage"},"image":{"@id":"https:\/\/ggsignals.com\/shop\/lecram-robo-para-dolar-contra-tendencia-tangram\/#primaryimage"},"thumbnailUrl":"https:\/\/ggsignals.com\/wp-content\/uploads\/2021\/05\/4955.png","datePublished":"2021-05-30T21:00:02+00:00","dateModified":"2022-08-09T22:26:09+00:00","breadcrumb":{"@id":"https:\/\/ggsignals.com\/shop\/lecram-robo-para-dolar-contra-tendencia-tangram\/#breadcrumb"},"inLanguage":"pt-BR","potentialAction":[{"@type":"ReadAction","target":["https:\/\/ggsignals.com\/shop\/lecram-robo-para-dolar-contra-tendencia-tangram\/"]}]},{"@type":"ImageObject","inLanguage":"pt-BR","@id":"https:\/\/ggsignals.com\/shop\/lecram-robo-para-dolar-contra-tendencia-tangram\/#primaryimage","url":"https:\/\/ggsignals.com\/wp-content\/uploads\/2021\/05\/4955.png","contentUrl":"https:\/\/ggsignals.com\/wp-content\/uploads\/2021\/05\/4955.png","width":1680,"height":912},{"@type":"BreadcrumbList","@id":"https:\/\/ggsignals.com\/shop\/lecram-robo-para-dolar-contra-tendencia-tangram\/#breadcrumb","itemListElement":[{"@type":"ListItem","position":1,"name":"Home","item":"https:\/\/ggsignals.com\/"},{"@type":"ListItem","position":2,"name":"Shop","item":"https:\/\/ggsignals.com\/shop\/"},{"@type":"ListItem","position":3,"name":"Lecram &#8211; Rob\u00f4 para d\u00f3lar contra tend\u00eancia Tangram"}]},{"@type":"WebSite","@id":"https:\/\/ggsignals.com\/#website","url":"https:\/\/ggsignals.com\/","name":"ggsignals.com","description":"Robos para smarttbot","publisher":{"@id":"https:\/\/ggsignals.com\/#organization"},"potentialAction":[{"@type":"SearchAction","target":{"@type":"EntryPoint","urlTemplate":"https:\/\/ggsignals.com\/?s={search_term_string}"},"query-input":{"@type":"PropertyValueSpecification","valueRequired":true,"valueName":"search_term_string"}}],"inLanguage":"pt-BR"},{"@type":"Organization","@id":"https:\/\/ggsignals.com\/#organization","name":"GG Signals","url":"https:\/\/ggsignals.com\/","logo":{"@type":"ImageObject","inLanguage":"pt-BR","@id":"https:\/\/ggsignals.com\/#\/schema\/logo\/image\/","url":"https:\/\/ggsignals.com\/wp-content\/uploads\/2020\/12\/cropped-752.png","contentUrl":"https:\/\/ggsignals.com\/wp-content\/uploads\/2020\/12\/cropped-752.png","width":531,"height":177,"caption":"GG Signals"},"image":{"@id":"https:\/\/ggsignals.com\/#\/schema\/logo\/image\/"}}]}},"_links":{"self":[{"href":"https:\/\/ggsignals.com\/pt\/wp-json\/wp\/v2\/product\/3181","targetHints":{"allow":["GET"]}}],"collection":[{"href":"https:\/\/ggsignals.com\/pt\/wp-json\/wp\/v2\/product"}],"about":[{"href":"https:\/\/ggsignals.com\/pt\/wp-json\/wp\/v2\/types\/product"}],"wp:featuredmedia":[{"embeddable":true,"href":"https:\/\/ggsignals.com\/pt\/wp-json\/wp\/v2\/media\/3185"}],"wp:attachment":[{"href":"https:\/\/ggsignals.com\/pt\/wp-json\/wp\/v2\/media?parent=3181"}],"wp:term":[{"taxonomy":"product_cat","embeddable":true,"href":"https:\/\/ggsignals.com\/pt\/wp-json\/wp\/v2\/product_cat?post=3181"},{"taxonomy":"product_tag","embeddable":true,"href":"https:\/\/ggsignals.com\/pt\/wp-json\/wp\/v2\/product_tag?post=3181"}],"curies":[{"name":"wp","href":"https:\/\/api.w.org\/{rel}","templated":true}]}}