{"id":3103,"date":"2021-05-21T16:37:49","date_gmt":"2021-05-21T19:37:49","guid":{"rendered":"https:\/\/ggsignals.com\/?post_type=product&#038;p=3103"},"modified":"2022-06-09T18:50:17","modified_gmt":"2022-06-09T21:50:17","slug":"ggsignals-elon","status":"publish","type":"product","link":"https:\/\/ggsignals.com\/pt\/shop\/ggsignals-elon\/","title":{"rendered":"Elon &#8211; Rob\u00f4 para \u00edndice com 5 indicadores"},"content":{"rendered":"<p>Rob\u00f4 para indice com alta taxa de acertos<br \/>\nCom parcial<br \/>\nStop gain :1150<br \/>\nStop Loss : 500<br \/>\nValores em pontos<\/p>","protected":false},"excerpt":{"rendered":"<p>Rob\u00f4 para indice com alta taxa de acertos Com parcial Stop gain :1150 Stop Loss : 500 Valores em pontos<\/p>","protected":false},"featured_media":0,"template":"","meta":[],"product_cat":[17],"product_tag":[],"class_list":["post-3103","product","type-product","status-publish","hentry","product_cat-uncategorized"],"yoast_head":"<!-- This site is optimized with the Yoast SEO plugin v25.7 - https:\/\/yoast.com\/wordpress\/plugins\/seo\/ -->\n<title>Elon - Rob\u00f4 para \u00edndice com 5 indicadores - ggsignals.com<\/title>\n<meta name=\"robots\" content=\"index, follow, max-snippet:-1, max-image-preview:large, max-video-preview:-1\" \/>\n<link rel=\"canonical\" href=\"https:\/\/ggsignals.com\/pt\/shop\/ggsignals-elon\/\" \/>\n<meta property=\"og:locale\" content=\"pt_BR\" \/>\n<meta property=\"og:type\" content=\"article\" \/>\n<meta property=\"og:title\" content=\"Elon - Rob\u00f4 para \u00edndice com 5 indicadores - ggsignals.com\" \/>\n<meta property=\"og:description\" content=\"Rob\u00f4 para indice com alta taxa de acertos Com parcial Stop gain :1150 Stop Loss : 500 Valores em pontos\" \/>\n<meta property=\"og:url\" content=\"https:\/\/ggsignals.com\/pt\/shop\/ggsignals-elon\/\" \/>\n<meta property=\"og:site_name\" content=\"ggsignals.com\" \/>\n<meta property=\"article:modified_time\" content=\"2022-06-09T21:50:17+00:00\" \/>\n<meta name=\"twitter:card\" content=\"summary_large_image\" \/>\n<script type=\"application\/ld+json\" class=\"yoast-schema-graph\">{\"@context\":\"https:\/\/schema.org\",\"@graph\":[{\"@type\":\"WebPage\",\"@id\":\"https:\/\/ggsignals.com\/shop\/ggsignals-elon\/\",\"url\":\"https:\/\/ggsignals.com\/shop\/ggsignals-elon\/\",\"name\":\"Elon - Rob\u00f4 para \u00edndice com 5 indicadores - ggsignals.com\",\"isPartOf\":{\"@id\":\"https:\/\/ggsignals.com\/#website\"},\"datePublished\":\"2021-05-21T19:37:49+00:00\",\"dateModified\":\"2022-06-09T21:50:17+00:00\",\"breadcrumb\":{\"@id\":\"https:\/\/ggsignals.com\/shop\/ggsignals-elon\/#breadcrumb\"},\"inLanguage\":\"pt-BR\",\"potentialAction\":[{\"@type\":\"ReadAction\",\"target\":[\"https:\/\/ggsignals.com\/shop\/ggsignals-elon\/\"]}]},{\"@type\":\"BreadcrumbList\",\"@id\":\"https:\/\/ggsignals.com\/shop\/ggsignals-elon\/#breadcrumb\",\"itemListElement\":[{\"@type\":\"ListItem\",\"position\":1,\"name\":\"Home\",\"item\":\"https:\/\/ggsignals.com\/\"},{\"@type\":\"ListItem\",\"position\":2,\"name\":\"Shop\",\"item\":\"https:\/\/ggsignals.com\/shop\/\"},{\"@type\":\"ListItem\",\"position\":3,\"name\":\"Elon &#8211; Rob\u00f4 para \u00edndice com 5 indicadores\"}]},{\"@type\":\"WebSite\",\"@id\":\"https:\/\/ggsignals.com\/#website\",\"url\":\"https:\/\/ggsignals.com\/\",\"name\":\"ggsignals.com\",\"description\":\"Robos para smarttbot\",\"publisher\":{\"@id\":\"https:\/\/ggsignals.com\/#organization\"},\"potentialAction\":[{\"@type\":\"SearchAction\",\"target\":{\"@type\":\"EntryPoint\",\"urlTemplate\":\"https:\/\/ggsignals.com\/?s={search_term_string}\"},\"query-input\":{\"@type\":\"PropertyValueSpecification\",\"valueRequired\":true,\"valueName\":\"search_term_string\"}}],\"inLanguage\":\"pt-BR\"},{\"@type\":\"Organization\",\"@id\":\"https:\/\/ggsignals.com\/#organization\",\"name\":\"GG Signals\",\"url\":\"https:\/\/ggsignals.com\/\",\"logo\":{\"@type\":\"ImageObject\",\"inLanguage\":\"pt-BR\",\"@id\":\"https:\/\/ggsignals.com\/#\/schema\/logo\/image\/\",\"url\":\"https:\/\/ggsignals.com\/wp-content\/uploads\/2020\/12\/cropped-752.png\",\"contentUrl\":\"https:\/\/ggsignals.com\/wp-content\/uploads\/2020\/12\/cropped-752.png\",\"width\":531,\"height\":177,\"caption\":\"GG Signals\"},\"image\":{\"@id\":\"https:\/\/ggsignals.com\/#\/schema\/logo\/image\/\"}}]}<\/script>\n<!-- \/ Yoast SEO plugin. -->","yoast_head_json":{"title":"Elon - Rob\u00f4 para \u00edndice com 5 indicadores - ggsignals.com","robots":{"index":"index","follow":"follow","max-snippet":"max-snippet:-1","max-image-preview":"max-image-preview:large","max-video-preview":"max-video-preview:-1"},"canonical":"https:\/\/ggsignals.com\/pt\/shop\/ggsignals-elon\/","og_locale":"pt_BR","og_type":"article","og_title":"Elon - Rob\u00f4 para \u00edndice com 5 indicadores - ggsignals.com","og_description":"Rob\u00f4 para indice com alta taxa de acertos Com parcial Stop gain :1150 Stop Loss : 500 Valores em pontos","og_url":"https:\/\/ggsignals.com\/pt\/shop\/ggsignals-elon\/","og_site_name":"ggsignals.com","article_modified_time":"2022-06-09T21:50:17+00:00","twitter_card":"summary_large_image","schema":{"@context":"https:\/\/schema.org","@graph":[{"@type":"WebPage","@id":"https:\/\/ggsignals.com\/shop\/ggsignals-elon\/","url":"https:\/\/ggsignals.com\/shop\/ggsignals-elon\/","name":"Elon - Rob\u00f4 para \u00edndice com 5 indicadores - ggsignals.com","isPartOf":{"@id":"https:\/\/ggsignals.com\/#website"},"datePublished":"2021-05-21T19:37:49+00:00","dateModified":"2022-06-09T21:50:17+00:00","breadcrumb":{"@id":"https:\/\/ggsignals.com\/shop\/ggsignals-elon\/#breadcrumb"},"inLanguage":"pt-BR","potentialAction":[{"@type":"ReadAction","target":["https:\/\/ggsignals.com\/shop\/ggsignals-elon\/"]}]},{"@type":"BreadcrumbList","@id":"https:\/\/ggsignals.com\/shop\/ggsignals-elon\/#breadcrumb","itemListElement":[{"@type":"ListItem","position":1,"name":"Home","item":"https:\/\/ggsignals.com\/"},{"@type":"ListItem","position":2,"name":"Shop","item":"https:\/\/ggsignals.com\/shop\/"},{"@type":"ListItem","position":3,"name":"Elon &#8211; Rob\u00f4 para \u00edndice com 5 indicadores"}]},{"@type":"WebSite","@id":"https:\/\/ggsignals.com\/#website","url":"https:\/\/ggsignals.com\/","name":"ggsignals.com","description":"Robos para smarttbot","publisher":{"@id":"https:\/\/ggsignals.com\/#organization"},"potentialAction":[{"@type":"SearchAction","target":{"@type":"EntryPoint","urlTemplate":"https:\/\/ggsignals.com\/?s={search_term_string}"},"query-input":{"@type":"PropertyValueSpecification","valueRequired":true,"valueName":"search_term_string"}}],"inLanguage":"pt-BR"},{"@type":"Organization","@id":"https:\/\/ggsignals.com\/#organization","name":"GG Signals","url":"https:\/\/ggsignals.com\/","logo":{"@type":"ImageObject","inLanguage":"pt-BR","@id":"https:\/\/ggsignals.com\/#\/schema\/logo\/image\/","url":"https:\/\/ggsignals.com\/wp-content\/uploads\/2020\/12\/cropped-752.png","contentUrl":"https:\/\/ggsignals.com\/wp-content\/uploads\/2020\/12\/cropped-752.png","width":531,"height":177,"caption":"GG Signals"},"image":{"@id":"https:\/\/ggsignals.com\/#\/schema\/logo\/image\/"}}]}},"_links":{"self":[{"href":"https:\/\/ggsignals.com\/pt\/wp-json\/wp\/v2\/product\/3103","targetHints":{"allow":["GET"]}}],"collection":[{"href":"https:\/\/ggsignals.com\/pt\/wp-json\/wp\/v2\/product"}],"about":[{"href":"https:\/\/ggsignals.com\/pt\/wp-json\/wp\/v2\/types\/product"}],"wp:attachment":[{"href":"https:\/\/ggsignals.com\/pt\/wp-json\/wp\/v2\/media?parent=3103"}],"wp:term":[{"taxonomy":"product_cat","embeddable":true,"href":"https:\/\/ggsignals.com\/pt\/wp-json\/wp\/v2\/product_cat?post=3103"},{"taxonomy":"product_tag","embeddable":true,"href":"https:\/\/ggsignals.com\/pt\/wp-json\/wp\/v2\/product_tag?post=3103"}],"curies":[{"name":"wp","href":"https:\/\/api.w.org\/{rel}","templated":true}]}}