{"id":2562,"date":"2021-03-29T15:38:45","date_gmt":"2021-03-29T18:38:45","guid":{"rendered":"https:\/\/ggsignals.com\/?post_type=product&#038;p=2562"},"modified":"2024-11-26T02:10:11","modified_gmt":"2024-11-26T05:10:11","slug":"robo-para-indice-rexwin","status":"publish","type":"product","link":"https:\/\/ggsignals.com\/pt\/shop\/robo-para-indice-rexwin\/","title":{"rendered":"Rexwin- Rob\u00f4 Agressivo para ter smarttbot gr\u00e1tis"},"content":{"rendered":"<p>Resultados da Clear (abril de 2021 a mar\u00e7o de 2023)<\/p>\n<p><img fetchpriority=\"high\" decoding=\"async\" class=\"alignnone size-full wp-image-5060\" src=\"http:\/\/ggsignals.com\/wp-content\/uploads\/2021\/03\/rexwin-2-anos-1.png\" alt=\"\" width=\"1878\" height=\"933\" srcset=\"https:\/\/ggsignals.com\/wp-content\/uploads\/2021\/03\/rexwin-2-anos-1.png 1878w, https:\/\/ggsignals.com\/wp-content\/uploads\/2021\/03\/rexwin-2-anos-1-300x149.png 300w, https:\/\/ggsignals.com\/wp-content\/uploads\/2021\/03\/rexwin-2-anos-1-1024x509.png 1024w, https:\/\/ggsignals.com\/wp-content\/uploads\/2021\/03\/rexwin-2-anos-1-768x382.png 768w, https:\/\/ggsignals.com\/wp-content\/uploads\/2021\/03\/rexwin-2-anos-1-1536x763.png 1536w, https:\/\/ggsignals.com\/wp-content\/uploads\/2021\/03\/rexwin-2-anos-1-18x9.png 18w, https:\/\/ggsignals.com\/wp-content\/uploads\/2021\/03\/rexwin-2-anos-1-1600x795.png 1600w\" sizes=\"(max-width: 1878px) 100vw, 1878px\" \/><\/p>\n<p>Resultados do backtest:<\/p>\n<p><img decoding=\"async\" class=\"alignnone size-full wp-image-4945\" src=\"http:\/\/ggsignals.com\/wp-content\/uploads\/2021\/03\/7609-2.png\" alt=\"\" width=\"1641\" height=\"709\" srcset=\"https:\/\/ggsignals.com\/wp-content\/uploads\/2021\/03\/7609-2.png 1641w, https:\/\/ggsignals.com\/wp-content\/uploads\/2021\/03\/7609-2-300x130.png 300w, https:\/\/ggsignals.com\/wp-content\/uploads\/2021\/03\/7609-2-1024x442.png 1024w, https:\/\/ggsignals.com\/wp-content\/uploads\/2021\/03\/7609-2-768x332.png 768w, https:\/\/ggsignals.com\/wp-content\/uploads\/2021\/03\/7609-2-1536x664.png 1536w, https:\/\/ggsignals.com\/wp-content\/uploads\/2021\/03\/7609-2-18x8.png 18w, https:\/\/ggsignals.com\/wp-content\/uploads\/2021\/03\/7609-2-1600x691.png 1600w\" sizes=\"(max-width: 1641px) 100vw, 1641px\" \/><\/p>\n<p>&nbsp;<\/p>","protected":false},"excerpt":{"rendered":"<p>Se voc\u00ea est\u00e1 buscando uma maneira eficaz de aprimorar suas negocia\u00e7\u00f5es na bolsa de valores, o rob\u00f4 Rexwin \u00e9 a escolha perfeita para voc\u00ea. Com a estrat\u00e9gia price action, o Rexwin \u00e9 capaz de identificar revers\u00f5es de tend\u00eancia no mercado, permitindo que ele tome decis\u00f5es mais precisas e lucrativas. E o melhor de tudo \u00e9 que, gra\u00e7as a uma parceria com algumas corretoras, voc\u00ea pode ter acesso gratuito \u00e0 plataforma SmarttBot.<\/p>\n<p>Com a SmarttBot, voc\u00ea tem acesso a diversas ferramentas avan\u00e7adas e recursos que ajudam a gerenciar e acompanhar seus trades com mais efici\u00eancia. E ao usar o Rexwin em conjunto com a plataforma, voc\u00ea pode maximizar ainda mais seus resultados.<\/p>\n<p>A parceria com as corretoras permite que voc\u00ea tenha acesso gratuito \u00e0 SmarttBot, tornando mais f\u00e1cil e acess\u00edvel aprimorar suas negocia\u00e7\u00f5es. Aproveite essa oportunidade para come\u00e7ar a ter resultados mais positivos em seus trades e expandir ainda mais seus conhecimentos na \u00e1rea.<\/p>\n<p>N\u00e3o perca mais tempo e comece agora mesmo a usar o rob\u00f4 Rexwin em conjunto com a SmarttBot gratuita. Voc\u00ea ter\u00e1 uma combina\u00e7\u00e3o poderosa em suas m\u00e3os para impulsionar seus resultados na bolsa de valores.<\/p>\n<p>&nbsp;<\/p>","protected":false},"featured_media":4937,"template":"","meta":[],"product_cat":[21],"product_tag":[],"class_list":["post-2562","product","type-product","status-publish","has-post-thumbnail","hentry","product_cat-robos-smarttbot"],"yoast_head":"<!-- This site is optimized with the Yoast SEO plugin v25.7 - https:\/\/yoast.com\/wordpress\/plugins\/seo\/ -->\n<title>Rexwin- Rob\u00f4 Agressivo para ter smarttbot gr\u00e1tis - ggsignals.com<\/title>\n<meta name=\"robots\" content=\"index, follow, max-snippet:-1, max-image-preview:large, max-video-preview:-1\" \/>\n<link rel=\"canonical\" href=\"https:\/\/ggsignals.com\/pt\/shop\/robo-para-indice-rexwin\/\" \/>\n<meta property=\"og:locale\" content=\"pt_BR\" \/>\n<meta property=\"og:type\" content=\"article\" \/>\n<meta property=\"og:title\" content=\"Rexwin- Rob\u00f4 Agressivo para ter smarttbot gr\u00e1tis - ggsignals.com\" \/>\n<meta property=\"og:description\" content=\"Se voc\u00ea est\u00e1 buscando uma maneira eficaz de aprimorar suas negocia\u00e7\u00f5es na bolsa de valores, o rob\u00f4 Rexwin \u00e9 a escolha perfeita para voc\u00ea. Com a estrat\u00e9gia price action, o Rexwin \u00e9 capaz de identificar revers\u00f5es de tend\u00eancia no mercado, permitindo que ele tome decis\u00f5es mais precisas e lucrativas. E o melhor de tudo \u00e9 que, gra\u00e7as a uma parceria com algumas corretoras, voc\u00ea pode ter acesso gratuito \u00e0 plataforma SmarttBot.  Com a SmarttBot, voc\u00ea tem acesso a diversas ferramentas avan\u00e7adas e recursos que ajudam a gerenciar e acompanhar seus trades com mais efici\u00eancia. E ao usar o Rexwin em conjunto com a plataforma, voc\u00ea pode maximizar ainda mais seus resultados.  A parceria com as corretoras permite que voc\u00ea tenha acesso gratuito \u00e0 SmarttBot, tornando mais f\u00e1cil e acess\u00edvel aprimorar suas negocia\u00e7\u00f5es. Aproveite essa oportunidade para come\u00e7ar a ter resultados mais positivos em seus trades e expandir ainda mais seus conhecimentos na \u00e1rea.  N\u00e3o perca mais tempo e comece agora mesmo a usar o rob\u00f4 Rexwin em conjunto com a SmarttBot gratuita. Voc\u00ea ter\u00e1 uma combina\u00e7\u00e3o poderosa em suas m\u00e3os para impulsionar seus resultados na bolsa de valores.  &nbsp;\" \/>\n<meta property=\"og:url\" content=\"https:\/\/ggsignals.com\/pt\/shop\/robo-para-indice-rexwin\/\" \/>\n<meta property=\"og:site_name\" content=\"ggsignals.com\" \/>\n<meta property=\"article:modified_time\" content=\"2024-11-26T05:10:11+00:00\" \/>\n<meta property=\"og:image\" content=\"https:\/\/ggsignals.com\/wp-content\/uploads\/2021\/03\/7607-2.png\" \/>\n\t<meta property=\"og:image:width\" content=\"606\" \/>\n\t<meta property=\"og:image:height\" content=\"614\" \/>\n\t<meta property=\"og:image:type\" content=\"image\/png\" \/>\n<meta name=\"twitter:card\" content=\"summary_large_image\" \/>\n<script type=\"application\/ld+json\" class=\"yoast-schema-graph\">{\"@context\":\"https:\/\/schema.org\",\"@graph\":[{\"@type\":\"WebPage\",\"@id\":\"https:\/\/ggsignals.com\/shop\/robo-para-indice-rexwin\/\",\"url\":\"https:\/\/ggsignals.com\/shop\/robo-para-indice-rexwin\/\",\"name\":\"Rexwin- Rob\u00f4 Agressivo para ter smarttbot gr\u00e1tis - ggsignals.com\",\"isPartOf\":{\"@id\":\"https:\/\/ggsignals.com\/#website\"},\"primaryImageOfPage\":{\"@id\":\"https:\/\/ggsignals.com\/shop\/robo-para-indice-rexwin\/#primaryimage\"},\"image\":{\"@id\":\"https:\/\/ggsignals.com\/shop\/robo-para-indice-rexwin\/#primaryimage\"},\"thumbnailUrl\":\"https:\/\/ggsignals.com\/wp-content\/uploads\/2021\/03\/7607-2.png\",\"datePublished\":\"2021-03-29T18:38:45+00:00\",\"dateModified\":\"2024-11-26T05:10:11+00:00\",\"breadcrumb\":{\"@id\":\"https:\/\/ggsignals.com\/shop\/robo-para-indice-rexwin\/#breadcrumb\"},\"inLanguage\":\"pt-BR\",\"potentialAction\":[{\"@type\":\"ReadAction\",\"target\":[\"https:\/\/ggsignals.com\/shop\/robo-para-indice-rexwin\/\"]}]},{\"@type\":\"ImageObject\",\"inLanguage\":\"pt-BR\",\"@id\":\"https:\/\/ggsignals.com\/shop\/robo-para-indice-rexwin\/#primaryimage\",\"url\":\"https:\/\/ggsignals.com\/wp-content\/uploads\/2021\/03\/7607-2.png\",\"contentUrl\":\"https:\/\/ggsignals.com\/wp-content\/uploads\/2021\/03\/7607-2.png\",\"width\":606,\"height\":614},{\"@type\":\"BreadcrumbList\",\"@id\":\"https:\/\/ggsignals.com\/shop\/robo-para-indice-rexwin\/#breadcrumb\",\"itemListElement\":[{\"@type\":\"ListItem\",\"position\":1,\"name\":\"Home\",\"item\":\"https:\/\/ggsignals.com\/\"},{\"@type\":\"ListItem\",\"position\":2,\"name\":\"Shop\",\"item\":\"https:\/\/ggsignals.com\/shop\/\"},{\"@type\":\"ListItem\",\"position\":3,\"name\":\"Rexwin- Rob\u00f4 Agressivo para ter smarttbot gr\u00e1tis\"}]},{\"@type\":\"WebSite\",\"@id\":\"https:\/\/ggsignals.com\/#website\",\"url\":\"https:\/\/ggsignals.com\/\",\"name\":\"ggsignals.com\",\"description\":\"Robos para smarttbot\",\"publisher\":{\"@id\":\"https:\/\/ggsignals.com\/#organization\"},\"potentialAction\":[{\"@type\":\"SearchAction\",\"target\":{\"@type\":\"EntryPoint\",\"urlTemplate\":\"https:\/\/ggsignals.com\/?s={search_term_string}\"},\"query-input\":{\"@type\":\"PropertyValueSpecification\",\"valueRequired\":true,\"valueName\":\"search_term_string\"}}],\"inLanguage\":\"pt-BR\"},{\"@type\":\"Organization\",\"@id\":\"https:\/\/ggsignals.com\/#organization\",\"name\":\"GG Signals\",\"url\":\"https:\/\/ggsignals.com\/\",\"logo\":{\"@type\":\"ImageObject\",\"inLanguage\":\"pt-BR\",\"@id\":\"https:\/\/ggsignals.com\/#\/schema\/logo\/image\/\",\"url\":\"https:\/\/ggsignals.com\/wp-content\/uploads\/2020\/12\/cropped-752.png\",\"contentUrl\":\"https:\/\/ggsignals.com\/wp-content\/uploads\/2020\/12\/cropped-752.png\",\"width\":531,\"height\":177,\"caption\":\"GG Signals\"},\"image\":{\"@id\":\"https:\/\/ggsignals.com\/#\/schema\/logo\/image\/\"}}]}<\/script>\n<!-- \/ Yoast SEO plugin. -->","yoast_head_json":{"title":"Rexwin- Rob\u00f4 Agressivo para ter smarttbot gr\u00e1tis - ggsignals.com","robots":{"index":"index","follow":"follow","max-snippet":"max-snippet:-1","max-image-preview":"max-image-preview:large","max-video-preview":"max-video-preview:-1"},"canonical":"https:\/\/ggsignals.com\/pt\/shop\/robo-para-indice-rexwin\/","og_locale":"pt_BR","og_type":"article","og_title":"Rexwin- Rob\u00f4 Agressivo para ter smarttbot gr\u00e1tis - ggsignals.com","og_description":"Se voc\u00ea est\u00e1 buscando uma maneira eficaz de aprimorar suas negocia\u00e7\u00f5es na bolsa de valores, o rob\u00f4 Rexwin \u00e9 a escolha perfeita para voc\u00ea. Com a estrat\u00e9gia price action, o Rexwin \u00e9 capaz de identificar revers\u00f5es de tend\u00eancia no mercado, permitindo que ele tome decis\u00f5es mais precisas e lucrativas. E o melhor de tudo \u00e9 que, gra\u00e7as a uma parceria com algumas corretoras, voc\u00ea pode ter acesso gratuito \u00e0 plataforma SmarttBot.  Com a SmarttBot, voc\u00ea tem acesso a diversas ferramentas avan\u00e7adas e recursos que ajudam a gerenciar e acompanhar seus trades com mais efici\u00eancia. E ao usar o Rexwin em conjunto com a plataforma, voc\u00ea pode maximizar ainda mais seus resultados.  A parceria com as corretoras permite que voc\u00ea tenha acesso gratuito \u00e0 SmarttBot, tornando mais f\u00e1cil e acess\u00edvel aprimorar suas negocia\u00e7\u00f5es. Aproveite essa oportunidade para come\u00e7ar a ter resultados mais positivos em seus trades e expandir ainda mais seus conhecimentos na \u00e1rea.  N\u00e3o perca mais tempo e comece agora mesmo a usar o rob\u00f4 Rexwin em conjunto com a SmarttBot gratuita. Voc\u00ea ter\u00e1 uma combina\u00e7\u00e3o poderosa em suas m\u00e3os para impulsionar seus resultados na bolsa de valores.  &nbsp;","og_url":"https:\/\/ggsignals.com\/pt\/shop\/robo-para-indice-rexwin\/","og_site_name":"ggsignals.com","article_modified_time":"2024-11-26T05:10:11+00:00","og_image":[{"width":606,"height":614,"url":"https:\/\/ggsignals.com\/wp-content\/uploads\/2021\/03\/7607-2.png","type":"image\/png"}],"twitter_card":"summary_large_image","schema":{"@context":"https:\/\/schema.org","@graph":[{"@type":"WebPage","@id":"https:\/\/ggsignals.com\/shop\/robo-para-indice-rexwin\/","url":"https:\/\/ggsignals.com\/shop\/robo-para-indice-rexwin\/","name":"Rexwin- Rob\u00f4 Agressivo para ter smarttbot gr\u00e1tis - ggsignals.com","isPartOf":{"@id":"https:\/\/ggsignals.com\/#website"},"primaryImageOfPage":{"@id":"https:\/\/ggsignals.com\/shop\/robo-para-indice-rexwin\/#primaryimage"},"image":{"@id":"https:\/\/ggsignals.com\/shop\/robo-para-indice-rexwin\/#primaryimage"},"thumbnailUrl":"https:\/\/ggsignals.com\/wp-content\/uploads\/2021\/03\/7607-2.png","datePublished":"2021-03-29T18:38:45+00:00","dateModified":"2024-11-26T05:10:11+00:00","breadcrumb":{"@id":"https:\/\/ggsignals.com\/shop\/robo-para-indice-rexwin\/#breadcrumb"},"inLanguage":"pt-BR","potentialAction":[{"@type":"ReadAction","target":["https:\/\/ggsignals.com\/shop\/robo-para-indice-rexwin\/"]}]},{"@type":"ImageObject","inLanguage":"pt-BR","@id":"https:\/\/ggsignals.com\/shop\/robo-para-indice-rexwin\/#primaryimage","url":"https:\/\/ggsignals.com\/wp-content\/uploads\/2021\/03\/7607-2.png","contentUrl":"https:\/\/ggsignals.com\/wp-content\/uploads\/2021\/03\/7607-2.png","width":606,"height":614},{"@type":"BreadcrumbList","@id":"https:\/\/ggsignals.com\/shop\/robo-para-indice-rexwin\/#breadcrumb","itemListElement":[{"@type":"ListItem","position":1,"name":"Home","item":"https:\/\/ggsignals.com\/"},{"@type":"ListItem","position":2,"name":"Shop","item":"https:\/\/ggsignals.com\/shop\/"},{"@type":"ListItem","position":3,"name":"Rexwin- Rob\u00f4 Agressivo para ter smarttbot gr\u00e1tis"}]},{"@type":"WebSite","@id":"https:\/\/ggsignals.com\/#website","url":"https:\/\/ggsignals.com\/","name":"ggsignals.com","description":"Robos para smarttbot","publisher":{"@id":"https:\/\/ggsignals.com\/#organization"},"potentialAction":[{"@type":"SearchAction","target":{"@type":"EntryPoint","urlTemplate":"https:\/\/ggsignals.com\/?s={search_term_string}"},"query-input":{"@type":"PropertyValueSpecification","valueRequired":true,"valueName":"search_term_string"}}],"inLanguage":"pt-BR"},{"@type":"Organization","@id":"https:\/\/ggsignals.com\/#organization","name":"GG Signals","url":"https:\/\/ggsignals.com\/","logo":{"@type":"ImageObject","inLanguage":"pt-BR","@id":"https:\/\/ggsignals.com\/#\/schema\/logo\/image\/","url":"https:\/\/ggsignals.com\/wp-content\/uploads\/2020\/12\/cropped-752.png","contentUrl":"https:\/\/ggsignals.com\/wp-content\/uploads\/2020\/12\/cropped-752.png","width":531,"height":177,"caption":"GG Signals"},"image":{"@id":"https:\/\/ggsignals.com\/#\/schema\/logo\/image\/"}}]}},"_links":{"self":[{"href":"https:\/\/ggsignals.com\/pt\/wp-json\/wp\/v2\/product\/2562","targetHints":{"allow":["GET"]}}],"collection":[{"href":"https:\/\/ggsignals.com\/pt\/wp-json\/wp\/v2\/product"}],"about":[{"href":"https:\/\/ggsignals.com\/pt\/wp-json\/wp\/v2\/types\/product"}],"wp:featuredmedia":[{"embeddable":true,"href":"https:\/\/ggsignals.com\/pt\/wp-json\/wp\/v2\/media\/4937"}],"wp:attachment":[{"href":"https:\/\/ggsignals.com\/pt\/wp-json\/wp\/v2\/media?parent=2562"}],"wp:term":[{"taxonomy":"product_cat","embeddable":true,"href":"https:\/\/ggsignals.com\/pt\/wp-json\/wp\/v2\/product_cat?post=2562"},{"taxonomy":"product_tag","embeddable":true,"href":"https:\/\/ggsignals.com\/pt\/wp-json\/wp\/v2\/product_tag?post=2562"}],"curies":[{"name":"wp","href":"https:\/\/api.w.org\/{rel}","templated":true}]}}