{"id":1160,"date":"2020-12-11T05:53:37","date_gmt":"2020-12-11T08:53:37","guid":{"rendered":"https:\/\/ggsignals.com\/?post_type=product&#038;p=1160"},"modified":"2024-11-26T02:12:55","modified_gmt":"2024-11-26T05:12:55","slug":"safra","status":"publish","type":"product","link":"https:\/\/ggsignals.com\/pt\/shop\/safra\/","title":{"rendered":"SAFRA &#8211; Rob\u00f4 fechamento de gap na abertura do preg\u00e3o para \u00edndice"},"content":{"rendered":"<p>Robo Smarttbot GG-SAFRA, perfeito para dias de consolida\u00e7\u00e3o por ser contra tendencia<\/p>\n<p>Tangram normal- Mini &#8211; Indice (WIN)<\/p>\n<p>Robo para indice com alta acertividade e baixo drawdown<\/p>","protected":false},"excerpt":{"rendered":"<p>Robo Smarttbot GG-SAFRA, perfeito para dias de consolida\u00e7\u00e3o por ser contra tendencia Tangram normal- Mini &#8211; Indice (WIN) Robo para indice com alta acertividade e baixo drawdown<\/p>","protected":false},"featured_media":1161,"template":"","meta":[],"product_cat":[21],"product_tag":[],"class_list":["post-1160","product","type-product","status-publish","has-post-thumbnail","hentry","product_cat-robos-smarttbot"],"yoast_head":"<!-- This site is optimized with the Yoast SEO plugin v25.7 - https:\/\/yoast.com\/wordpress\/plugins\/seo\/ -->\n<title>SAFRA - Rob\u00f4 fechamento de gap na abertura do preg\u00e3o para \u00edndice - ggsignals.com<\/title>\n<meta name=\"robots\" content=\"index, follow, max-snippet:-1, max-image-preview:large, max-video-preview:-1\" \/>\n<link rel=\"canonical\" href=\"https:\/\/ggsignals.com\/pt\/shop\/safra\/\" \/>\n<meta property=\"og:locale\" content=\"pt_BR\" \/>\n<meta property=\"og:type\" content=\"article\" \/>\n<meta property=\"og:title\" content=\"SAFRA - Rob\u00f4 fechamento de gap na abertura do preg\u00e3o para \u00edndice - ggsignals.com\" \/>\n<meta property=\"og:description\" content=\"Robo Smarttbot GG-SAFRA, perfeito para dias de consolida\u00e7\u00e3o por ser contra tendencia Tangram normal- Mini &#8211; Indice (WIN) Robo para indice com alta acertividade e baixo drawdown\" \/>\n<meta property=\"og:url\" content=\"https:\/\/ggsignals.com\/pt\/shop\/safra\/\" \/>\n<meta property=\"og:site_name\" content=\"ggsignals.com\" \/>\n<meta property=\"article:modified_time\" content=\"2024-11-26T05:12:55+00:00\" \/>\n<meta property=\"og:image\" content=\"https:\/\/ggsignals.com\/wp-content\/uploads\/2020\/12\/732.png\" \/>\n\t<meta property=\"og:image:width\" content=\"915\" \/>\n\t<meta property=\"og:image:height\" content=\"648\" \/>\n\t<meta property=\"og:image:type\" content=\"image\/png\" \/>\n<meta name=\"twitter:card\" content=\"summary_large_image\" \/>\n<script type=\"application\/ld+json\" class=\"yoast-schema-graph\">{\"@context\":\"https:\/\/schema.org\",\"@graph\":[{\"@type\":\"WebPage\",\"@id\":\"https:\/\/ggsignals.com\/shop\/safra\/\",\"url\":\"https:\/\/ggsignals.com\/shop\/safra\/\",\"name\":\"SAFRA - Rob\u00f4 fechamento de gap na abertura do preg\u00e3o para \u00edndice - ggsignals.com\",\"isPartOf\":{\"@id\":\"https:\/\/ggsignals.com\/#website\"},\"primaryImageOfPage\":{\"@id\":\"https:\/\/ggsignals.com\/shop\/safra\/#primaryimage\"},\"image\":{\"@id\":\"https:\/\/ggsignals.com\/shop\/safra\/#primaryimage\"},\"thumbnailUrl\":\"https:\/\/ggsignals.com\/wp-content\/uploads\/2020\/12\/732.png\",\"datePublished\":\"2020-12-11T08:53:37+00:00\",\"dateModified\":\"2024-11-26T05:12:55+00:00\",\"breadcrumb\":{\"@id\":\"https:\/\/ggsignals.com\/shop\/safra\/#breadcrumb\"},\"inLanguage\":\"pt-BR\",\"potentialAction\":[{\"@type\":\"ReadAction\",\"target\":[\"https:\/\/ggsignals.com\/shop\/safra\/\"]}]},{\"@type\":\"ImageObject\",\"inLanguage\":\"pt-BR\",\"@id\":\"https:\/\/ggsignals.com\/shop\/safra\/#primaryimage\",\"url\":\"https:\/\/ggsignals.com\/wp-content\/uploads\/2020\/12\/732.png\",\"contentUrl\":\"https:\/\/ggsignals.com\/wp-content\/uploads\/2020\/12\/732.png\",\"width\":915,\"height\":648,\"caption\":\"ROBO SMARTTBOT SAFRA\"},{\"@type\":\"BreadcrumbList\",\"@id\":\"https:\/\/ggsignals.com\/shop\/safra\/#breadcrumb\",\"itemListElement\":[{\"@type\":\"ListItem\",\"position\":1,\"name\":\"Home\",\"item\":\"https:\/\/ggsignals.com\/\"},{\"@type\":\"ListItem\",\"position\":2,\"name\":\"Shop\",\"item\":\"https:\/\/ggsignals.com\/shop\/\"},{\"@type\":\"ListItem\",\"position\":3,\"name\":\"SAFRA &#8211; Rob\u00f4 fechamento de gap na abertura do preg\u00e3o para \u00edndice\"}]},{\"@type\":\"WebSite\",\"@id\":\"https:\/\/ggsignals.com\/#website\",\"url\":\"https:\/\/ggsignals.com\/\",\"name\":\"ggsignals.com\",\"description\":\"Robos para smarttbot\",\"publisher\":{\"@id\":\"https:\/\/ggsignals.com\/#organization\"},\"potentialAction\":[{\"@type\":\"SearchAction\",\"target\":{\"@type\":\"EntryPoint\",\"urlTemplate\":\"https:\/\/ggsignals.com\/?s={search_term_string}\"},\"query-input\":{\"@type\":\"PropertyValueSpecification\",\"valueRequired\":true,\"valueName\":\"search_term_string\"}}],\"inLanguage\":\"pt-BR\"},{\"@type\":\"Organization\",\"@id\":\"https:\/\/ggsignals.com\/#organization\",\"name\":\"GG Signals\",\"url\":\"https:\/\/ggsignals.com\/\",\"logo\":{\"@type\":\"ImageObject\",\"inLanguage\":\"pt-BR\",\"@id\":\"https:\/\/ggsignals.com\/#\/schema\/logo\/image\/\",\"url\":\"https:\/\/ggsignals.com\/wp-content\/uploads\/2020\/12\/cropped-752.png\",\"contentUrl\":\"https:\/\/ggsignals.com\/wp-content\/uploads\/2020\/12\/cropped-752.png\",\"width\":531,\"height\":177,\"caption\":\"GG Signals\"},\"image\":{\"@id\":\"https:\/\/ggsignals.com\/#\/schema\/logo\/image\/\"}}]}<\/script>\n<!-- \/ Yoast SEO plugin. -->","yoast_head_json":{"title":"SAFRA - Rob\u00f4 fechamento de gap na abertura do preg\u00e3o para \u00edndice - ggsignals.com","robots":{"index":"index","follow":"follow","max-snippet":"max-snippet:-1","max-image-preview":"max-image-preview:large","max-video-preview":"max-video-preview:-1"},"canonical":"https:\/\/ggsignals.com\/pt\/shop\/safra\/","og_locale":"pt_BR","og_type":"article","og_title":"SAFRA - Rob\u00f4 fechamento de gap na abertura do preg\u00e3o para \u00edndice - ggsignals.com","og_description":"Robo Smarttbot GG-SAFRA, perfeito para dias de consolida\u00e7\u00e3o por ser contra tendencia Tangram normal- Mini &#8211; Indice (WIN) Robo para indice com alta acertividade e baixo drawdown","og_url":"https:\/\/ggsignals.com\/pt\/shop\/safra\/","og_site_name":"ggsignals.com","article_modified_time":"2024-11-26T05:12:55+00:00","og_image":[{"width":915,"height":648,"url":"https:\/\/ggsignals.com\/wp-content\/uploads\/2020\/12\/732.png","type":"image\/png"}],"twitter_card":"summary_large_image","schema":{"@context":"https:\/\/schema.org","@graph":[{"@type":"WebPage","@id":"https:\/\/ggsignals.com\/shop\/safra\/","url":"https:\/\/ggsignals.com\/shop\/safra\/","name":"SAFRA - Rob\u00f4 fechamento de gap na abertura do preg\u00e3o para \u00edndice - ggsignals.com","isPartOf":{"@id":"https:\/\/ggsignals.com\/#website"},"primaryImageOfPage":{"@id":"https:\/\/ggsignals.com\/shop\/safra\/#primaryimage"},"image":{"@id":"https:\/\/ggsignals.com\/shop\/safra\/#primaryimage"},"thumbnailUrl":"https:\/\/ggsignals.com\/wp-content\/uploads\/2020\/12\/732.png","datePublished":"2020-12-11T08:53:37+00:00","dateModified":"2024-11-26T05:12:55+00:00","breadcrumb":{"@id":"https:\/\/ggsignals.com\/shop\/safra\/#breadcrumb"},"inLanguage":"pt-BR","potentialAction":[{"@type":"ReadAction","target":["https:\/\/ggsignals.com\/shop\/safra\/"]}]},{"@type":"ImageObject","inLanguage":"pt-BR","@id":"https:\/\/ggsignals.com\/shop\/safra\/#primaryimage","url":"https:\/\/ggsignals.com\/wp-content\/uploads\/2020\/12\/732.png","contentUrl":"https:\/\/ggsignals.com\/wp-content\/uploads\/2020\/12\/732.png","width":915,"height":648,"caption":"ROBO SMARTTBOT SAFRA"},{"@type":"BreadcrumbList","@id":"https:\/\/ggsignals.com\/shop\/safra\/#breadcrumb","itemListElement":[{"@type":"ListItem","position":1,"name":"Home","item":"https:\/\/ggsignals.com\/"},{"@type":"ListItem","position":2,"name":"Shop","item":"https:\/\/ggsignals.com\/shop\/"},{"@type":"ListItem","position":3,"name":"SAFRA &#8211; Rob\u00f4 fechamento de gap na abertura do preg\u00e3o para \u00edndice"}]},{"@type":"WebSite","@id":"https:\/\/ggsignals.com\/#website","url":"https:\/\/ggsignals.com\/","name":"ggsignals.com","description":"Robos para smarttbot","publisher":{"@id":"https:\/\/ggsignals.com\/#organization"},"potentialAction":[{"@type":"SearchAction","target":{"@type":"EntryPoint","urlTemplate":"https:\/\/ggsignals.com\/?s={search_term_string}"},"query-input":{"@type":"PropertyValueSpecification","valueRequired":true,"valueName":"search_term_string"}}],"inLanguage":"pt-BR"},{"@type":"Organization","@id":"https:\/\/ggsignals.com\/#organization","name":"GG Signals","url":"https:\/\/ggsignals.com\/","logo":{"@type":"ImageObject","inLanguage":"pt-BR","@id":"https:\/\/ggsignals.com\/#\/schema\/logo\/image\/","url":"https:\/\/ggsignals.com\/wp-content\/uploads\/2020\/12\/cropped-752.png","contentUrl":"https:\/\/ggsignals.com\/wp-content\/uploads\/2020\/12\/cropped-752.png","width":531,"height":177,"caption":"GG Signals"},"image":{"@id":"https:\/\/ggsignals.com\/#\/schema\/logo\/image\/"}}]}},"_links":{"self":[{"href":"https:\/\/ggsignals.com\/pt\/wp-json\/wp\/v2\/product\/1160","targetHints":{"allow":["GET"]}}],"collection":[{"href":"https:\/\/ggsignals.com\/pt\/wp-json\/wp\/v2\/product"}],"about":[{"href":"https:\/\/ggsignals.com\/pt\/wp-json\/wp\/v2\/types\/product"}],"wp:featuredmedia":[{"embeddable":true,"href":"https:\/\/ggsignals.com\/pt\/wp-json\/wp\/v2\/media\/1161"}],"wp:attachment":[{"href":"https:\/\/ggsignals.com\/pt\/wp-json\/wp\/v2\/media?parent=1160"}],"wp:term":[{"taxonomy":"product_cat","embeddable":true,"href":"https:\/\/ggsignals.com\/pt\/wp-json\/wp\/v2\/product_cat?post=1160"},{"taxonomy":"product_tag","embeddable":true,"href":"https:\/\/ggsignals.com\/pt\/wp-json\/wp\/v2\/product_tag?post=1160"}],"curies":[{"name":"wp","href":"https:\/\/api.w.org\/{rel}","templated":true}]}}