{"id":1048,"date":"2020-12-09T05:38:25","date_gmt":"2020-12-09T05:38:25","guid":{"rendered":"https:\/\/ggsignals.com\/?post_type=product&#038;p=1048"},"modified":"2025-08-12T17:53:19","modified_gmt":"2025-08-12T20:53:19","slug":"pacote-robos-para-smarttbot","status":"publish","type":"product","link":"https:\/\/ggsignals.com\/pt\/shop\/pacote-robos-para-smarttbot\/","title":{"rendered":"Carteira Pro de rob\u00f4s para Smarttbot"},"content":{"rendered":"<p>Se voc\u00ea est\u00e1 buscando maneiras de otimizar seus resultados na bolsa de valores, os rob\u00f4s da carteira Pro s\u00e3o a escolha certa para voc\u00ea. Com Bill, Warren, Pikoli, Maquine e Eike, voc\u00ea ter\u00e1 \u00e0 disposi\u00e7\u00e3o uma sele\u00e7\u00e3o de rob\u00f4s especializados em estrat\u00e9gias variadas, para operar em diferentes mercados e hor\u00e1rios.<\/p>\n<p>O rob\u00f4 Bill utiliza a estrat\u00e9gia Tangram b\u00e1sica, mas \u00e9 altamente seletivo em suas opera\u00e7\u00f5es, buscando maximizar as oportunidades de lucro e minimizar os riscos.<\/p>\n<p>J\u00e1 o rob\u00f4 Warren utiliza Tangram a favor datend\u00eancia para opera\u00e7\u00f5es no \u00edndice, permitindo que voc\u00ea aproveite as oscila\u00e7\u00f5es do mercado de forma mais precisa e lucrativa.<\/p>\n<p>O rob\u00f4 Pikoli utiliza a estrat\u00e9gia Tangram com alta taxa de acertos para opera\u00e7\u00f5es no \u00edndice, ajudando voc\u00ea a obter resultados mais positivos em suas negocia\u00e7\u00f5es.<\/p>\n<p>O rob\u00f4 Maquine, por sua vez, utiliza a estrat\u00e9gia Tangram a favor da tend\u00eancia com hor\u00e1rio espec\u00edfico para opera\u00e7\u00f5es com d\u00f3lar, permitindo que voc\u00ea maximize seus resultados em um dos mercados mais importantes e vol\u00e1teis do mundo.<\/p>\n<p>Por fim, o rob\u00f4 Eike utiliza a estrat\u00e9gia Tangram b\u00e1sica, sendo ideal para acompanhar tend\u00eancias e identificar oportunidades de negocia\u00e7\u00e3o.<\/p>\n<p>Todos os rob\u00f4s da carteira Pro s\u00e3o f\u00e1ceis de usar e n\u00e3o requerem instala\u00e7\u00e3o em seu computador. Eles s\u00e3o perfeitos para serem usados juntos e voc\u00ea n\u00e3o precisar\u00e1 se preocupar em procurar novos rob\u00f4s ou pagar mensalidades para acess\u00e1-los.<\/p>\n<p>&nbsp;<\/p>\n<p>&nbsp;<\/p>\n<p><img fetchpriority=\"high\" decoding=\"async\" class=\"alignnone size-full wp-image-5310\" src=\"http:\/\/ggsignals.com\/wp-content\/uploads\/2020\/12\/7943.png\" alt=\"\" width=\"1920\" height=\"949\" srcset=\"https:\/\/ggsignals.com\/wp-content\/uploads\/2020\/12\/7943.png 1920w, https:\/\/ggsignals.com\/wp-content\/uploads\/2020\/12\/7943-300x148.png 300w, https:\/\/ggsignals.com\/wp-content\/uploads\/2020\/12\/7943-1024x506.png 1024w, https:\/\/ggsignals.com\/wp-content\/uploads\/2020\/12\/7943-768x380.png 768w, https:\/\/ggsignals.com\/wp-content\/uploads\/2020\/12\/7943-1536x759.png 1536w, https:\/\/ggsignals.com\/wp-content\/uploads\/2020\/12\/7943-18x9.png 18w, https:\/\/ggsignals.com\/wp-content\/uploads\/2020\/12\/7943-1600x791.png 1600w\" sizes=\"(max-width: 1920px) 100vw, 1920px\" \/><\/p>\n<p>&nbsp;<\/p>\n<p><img decoding=\"async\" class=\"alignnone size-full wp-image-5524\" src=\"http:\/\/ggsignals.com\/wp-content\/uploads\/2020\/12\/8086.png\" alt=\"\" width=\"1920\" height=\"937\" srcset=\"https:\/\/ggsignals.com\/wp-content\/uploads\/2020\/12\/8086.png 1920w, https:\/\/ggsignals.com\/wp-content\/uploads\/2020\/12\/8086-300x146.png 300w, https:\/\/ggsignals.com\/wp-content\/uploads\/2020\/12\/8086-1024x500.png 1024w, https:\/\/ggsignals.com\/wp-content\/uploads\/2020\/12\/8086-768x375.png 768w, https:\/\/ggsignals.com\/wp-content\/uploads\/2020\/12\/8086-1536x750.png 1536w, https:\/\/ggsignals.com\/wp-content\/uploads\/2020\/12\/8086-18x9.png 18w, https:\/\/ggsignals.com\/wp-content\/uploads\/2020\/12\/8086-1600x781.png 1600w\" sizes=\"(max-width: 1920px) 100vw, 1920px\" \/><img decoding=\"async\" class=\"alignnone size-full wp-image-5307\" src=\"http:\/\/ggsignals.com\/wp-content\/uploads\/2020\/12\/7940.png\" alt=\"\" width=\"1920\" height=\"949\" srcset=\"https:\/\/ggsignals.com\/wp-content\/uploads\/2020\/12\/7940.png 1920w, https:\/\/ggsignals.com\/wp-content\/uploads\/2020\/12\/7940-300x148.png 300w, https:\/\/ggsignals.com\/wp-content\/uploads\/2020\/12\/7940-1024x506.png 1024w, https:\/\/ggsignals.com\/wp-content\/uploads\/2020\/12\/7940-768x380.png 768w, https:\/\/ggsignals.com\/wp-content\/uploads\/2020\/12\/7940-1536x759.png 1536w, https:\/\/ggsignals.com\/wp-content\/uploads\/2020\/12\/7940-18x9.png 18w, https:\/\/ggsignals.com\/wp-content\/uploads\/2020\/12\/7940-1600x791.png 1600w\" sizes=\"(max-width: 1920px) 100vw, 1920px\" \/><img loading=\"lazy\" decoding=\"async\" class=\"alignnone size-full wp-image-5525\" src=\"http:\/\/ggsignals.com\/wp-content\/uploads\/2020\/12\/8085.png\" alt=\"\" width=\"1920\" height=\"937\" srcset=\"https:\/\/ggsignals.com\/wp-content\/uploads\/2020\/12\/8085.png 1920w, https:\/\/ggsignals.com\/wp-content\/uploads\/2020\/12\/8085-300x146.png 300w, https:\/\/ggsignals.com\/wp-content\/uploads\/2020\/12\/8085-1024x500.png 1024w, https:\/\/ggsignals.com\/wp-content\/uploads\/2020\/12\/8085-768x375.png 768w, https:\/\/ggsignals.com\/wp-content\/uploads\/2020\/12\/8085-1536x750.png 1536w, https:\/\/ggsignals.com\/wp-content\/uploads\/2020\/12\/8085-18x9.png 18w, https:\/\/ggsignals.com\/wp-content\/uploads\/2020\/12\/8085-1600x781.png 1600w\" sizes=\"(max-width: 1920px) 100vw, 1920px\" \/><img loading=\"lazy\" decoding=\"async\" class=\"alignnone size-full wp-image-5309\" src=\"http:\/\/ggsignals.com\/wp-content\/uploads\/2020\/12\/7942.png\" alt=\"\" width=\"1920\" height=\"949\" srcset=\"https:\/\/ggsignals.com\/wp-content\/uploads\/2020\/12\/7942.png 1920w, https:\/\/ggsignals.com\/wp-content\/uploads\/2020\/12\/7942-300x148.png 300w, https:\/\/ggsignals.com\/wp-content\/uploads\/2020\/12\/7942-1024x506.png 1024w, https:\/\/ggsignals.com\/wp-content\/uploads\/2020\/12\/7942-768x380.png 768w, https:\/\/ggsignals.com\/wp-content\/uploads\/2020\/12\/7942-1536x759.png 1536w, https:\/\/ggsignals.com\/wp-content\/uploads\/2020\/12\/7942-18x9.png 18w, https:\/\/ggsignals.com\/wp-content\/uploads\/2020\/12\/7942-1600x791.png 1600w\" sizes=\"(max-width: 1920px) 100vw, 1920px\" \/><\/p>\n<p>&nbsp;<\/p>\n<p>Uma carteira de rob\u00f4s balanceada para voc\u00ea lucrar na bolsa de valores por apenas 1,70 por dia<br \/>\nEconomize R$ 500,00<br \/>\n<strong>J\u00e1 possui um ou mais rob\u00f4s da carteira? escolha outros rob\u00f4s e envie-nos um email que fazemos a troca (contact@ggsignals.com)<\/strong><\/p>","protected":false},"excerpt":{"rendered":"<p>Se voc\u00ea est\u00e1 procurando uma carteira completa de rob\u00f4s para potencializar seus investimentos no mercado financeiro, a carteira PRO \u00e9 a escolha perfeita para voc\u00ea.<\/p>\n<p>Com os rob\u00f4s inclu\u00eddos neste pacote, voc\u00ea ter\u00e1 \u00e0 sua disposi\u00e7\u00e3o as mais avan\u00e7adas e eficientes ferramentas para operar em diferentes mercados e estrat\u00e9gias.<\/p>\n<p>Al\u00e9m disso, ao adquirir o pacote PRO, voc\u00ea economiza R$ 500,00 em rela\u00e7\u00e3o \u00e0 compra dos rob\u00f4s individualmente.<\/p>","protected":false},"featured_media":5590,"template":"","meta":[],"product_cat":[21],"product_tag":[22],"class_list":["post-1048","product","type-product","status-publish","has-post-thumbnail","hentry","product_cat-robos-smarttbot","product_tag-robos-smarttbot"],"yoast_head":"<!-- This site is optimized with the Yoast SEO plugin v25.7 - https:\/\/yoast.com\/wordpress\/plugins\/seo\/ -->\n<title>Carteira Pro de rob\u00f4s para Smarttbot - ggsignals.com<\/title>\n<meta name=\"robots\" content=\"index, follow, max-snippet:-1, max-image-preview:large, max-video-preview:-1\" \/>\n<link rel=\"canonical\" href=\"https:\/\/ggsignals.com\/pt\/shop\/pacote-robos-para-smarttbot\/\" \/>\n<meta property=\"og:locale\" content=\"pt_BR\" \/>\n<meta property=\"og:type\" content=\"article\" \/>\n<meta property=\"og:title\" content=\"Carteira Pro de rob\u00f4s para Smarttbot - ggsignals.com\" \/>\n<meta property=\"og:description\" content=\"Se voc\u00ea est\u00e1 procurando uma carteira completa de rob\u00f4s para potencializar seus investimentos no mercado financeiro, a carteira PRO \u00e9 a escolha perfeita para voc\u00ea.  Com os rob\u00f4s inclu\u00eddos neste pacote, voc\u00ea ter\u00e1 \u00e0 sua disposi\u00e7\u00e3o as mais avan\u00e7adas e eficientes ferramentas para operar em diferentes mercados e estrat\u00e9gias.  Al\u00e9m disso, ao adquirir o pacote PRO, voc\u00ea economiza R$ 500,00 em rela\u00e7\u00e3o \u00e0 compra dos rob\u00f4s individualmente.\" \/>\n<meta property=\"og:url\" content=\"https:\/\/ggsignals.com\/pt\/shop\/pacote-robos-para-smarttbot\/\" \/>\n<meta property=\"og:site_name\" content=\"ggsignals.com\" \/>\n<meta property=\"article:modified_time\" content=\"2025-08-12T20:53:19+00:00\" \/>\n<meta property=\"og:image\" content=\"https:\/\/ggsignals.com\/wp-content\/uploads\/2020\/12\/pack-pro.webp\" \/>\n\t<meta property=\"og:image:width\" content=\"1536\" \/>\n\t<meta property=\"og:image:height\" content=\"1024\" \/>\n\t<meta property=\"og:image:type\" content=\"image\/webp\" \/>\n<meta name=\"twitter:card\" content=\"summary_large_image\" \/>\n<meta name=\"twitter:label1\" content=\"Est. tempo de leitura\" \/>\n\t<meta name=\"twitter:data1\" content=\"2 minutos\" \/>\n<script type=\"application\/ld+json\" class=\"yoast-schema-graph\">{\"@context\":\"https:\/\/schema.org\",\"@graph\":[{\"@type\":\"WebPage\",\"@id\":\"https:\/\/ggsignals.com\/shop\/pacote-robos-para-smarttbot\/\",\"url\":\"https:\/\/ggsignals.com\/shop\/pacote-robos-para-smarttbot\/\",\"name\":\"Carteira Pro de rob\u00f4s para Smarttbot - ggsignals.com\",\"isPartOf\":{\"@id\":\"https:\/\/ggsignals.com\/#website\"},\"primaryImageOfPage\":{\"@id\":\"https:\/\/ggsignals.com\/shop\/pacote-robos-para-smarttbot\/#primaryimage\"},\"image\":{\"@id\":\"https:\/\/ggsignals.com\/shop\/pacote-robos-para-smarttbot\/#primaryimage\"},\"thumbnailUrl\":\"https:\/\/ggsignals.com\/wp-content\/uploads\/2020\/12\/pack-pro.webp\",\"datePublished\":\"2020-12-09T05:38:25+00:00\",\"dateModified\":\"2025-08-12T20:53:19+00:00\",\"breadcrumb\":{\"@id\":\"https:\/\/ggsignals.com\/shop\/pacote-robos-para-smarttbot\/#breadcrumb\"},\"inLanguage\":\"pt-BR\",\"potentialAction\":[{\"@type\":\"ReadAction\",\"target\":[\"https:\/\/ggsignals.com\/shop\/pacote-robos-para-smarttbot\/\"]}]},{\"@type\":\"ImageObject\",\"inLanguage\":\"pt-BR\",\"@id\":\"https:\/\/ggsignals.com\/shop\/pacote-robos-para-smarttbot\/#primaryimage\",\"url\":\"https:\/\/ggsignals.com\/wp-content\/uploads\/2020\/12\/pack-pro.webp\",\"contentUrl\":\"https:\/\/ggsignals.com\/wp-content\/uploads\/2020\/12\/pack-pro.webp\",\"width\":1536,\"height\":1024},{\"@type\":\"BreadcrumbList\",\"@id\":\"https:\/\/ggsignals.com\/shop\/pacote-robos-para-smarttbot\/#breadcrumb\",\"itemListElement\":[{\"@type\":\"ListItem\",\"position\":1,\"name\":\"Home\",\"item\":\"https:\/\/ggsignals.com\/\"},{\"@type\":\"ListItem\",\"position\":2,\"name\":\"Shop\",\"item\":\"https:\/\/ggsignals.com\/shop\/\"},{\"@type\":\"ListItem\",\"position\":3,\"name\":\"Carteira Pro de rob\u00f4s para Smarttbot\"}]},{\"@type\":\"WebSite\",\"@id\":\"https:\/\/ggsignals.com\/#website\",\"url\":\"https:\/\/ggsignals.com\/\",\"name\":\"ggsignals.com\",\"description\":\"Robos para smarttbot\",\"publisher\":{\"@id\":\"https:\/\/ggsignals.com\/#organization\"},\"potentialAction\":[{\"@type\":\"SearchAction\",\"target\":{\"@type\":\"EntryPoint\",\"urlTemplate\":\"https:\/\/ggsignals.com\/?s={search_term_string}\"},\"query-input\":{\"@type\":\"PropertyValueSpecification\",\"valueRequired\":true,\"valueName\":\"search_term_string\"}}],\"inLanguage\":\"pt-BR\"},{\"@type\":\"Organization\",\"@id\":\"https:\/\/ggsignals.com\/#organization\",\"name\":\"GG Signals\",\"url\":\"https:\/\/ggsignals.com\/\",\"logo\":{\"@type\":\"ImageObject\",\"inLanguage\":\"pt-BR\",\"@id\":\"https:\/\/ggsignals.com\/#\/schema\/logo\/image\/\",\"url\":\"https:\/\/ggsignals.com\/wp-content\/uploads\/2020\/12\/cropped-752.png\",\"contentUrl\":\"https:\/\/ggsignals.com\/wp-content\/uploads\/2020\/12\/cropped-752.png\",\"width\":531,\"height\":177,\"caption\":\"GG Signals\"},\"image\":{\"@id\":\"https:\/\/ggsignals.com\/#\/schema\/logo\/image\/\"}}]}<\/script>\n<!-- \/ Yoast SEO plugin. -->","yoast_head_json":{"title":"Carteira Pro de rob\u00f4s para Smarttbot - ggsignals.com","robots":{"index":"index","follow":"follow","max-snippet":"max-snippet:-1","max-image-preview":"max-image-preview:large","max-video-preview":"max-video-preview:-1"},"canonical":"https:\/\/ggsignals.com\/pt\/shop\/pacote-robos-para-smarttbot\/","og_locale":"pt_BR","og_type":"article","og_title":"Carteira Pro de rob\u00f4s para Smarttbot - ggsignals.com","og_description":"Se voc\u00ea est\u00e1 procurando uma carteira completa de rob\u00f4s para potencializar seus investimentos no mercado financeiro, a carteira PRO \u00e9 a escolha perfeita para voc\u00ea.  Com os rob\u00f4s inclu\u00eddos neste pacote, voc\u00ea ter\u00e1 \u00e0 sua disposi\u00e7\u00e3o as mais avan\u00e7adas e eficientes ferramentas para operar em diferentes mercados e estrat\u00e9gias.  Al\u00e9m disso, ao adquirir o pacote PRO, voc\u00ea economiza R$ 500,00 em rela\u00e7\u00e3o \u00e0 compra dos rob\u00f4s individualmente.","og_url":"https:\/\/ggsignals.com\/pt\/shop\/pacote-robos-para-smarttbot\/","og_site_name":"ggsignals.com","article_modified_time":"2025-08-12T20:53:19+00:00","og_image":[{"width":1536,"height":1024,"url":"https:\/\/ggsignals.com\/wp-content\/uploads\/2020\/12\/pack-pro.webp","type":"image\/webp"}],"twitter_card":"summary_large_image","twitter_misc":{"Est. tempo de leitura":"2 minutos"},"schema":{"@context":"https:\/\/schema.org","@graph":[{"@type":"WebPage","@id":"https:\/\/ggsignals.com\/shop\/pacote-robos-para-smarttbot\/","url":"https:\/\/ggsignals.com\/shop\/pacote-robos-para-smarttbot\/","name":"Carteira Pro de rob\u00f4s para Smarttbot - ggsignals.com","isPartOf":{"@id":"https:\/\/ggsignals.com\/#website"},"primaryImageOfPage":{"@id":"https:\/\/ggsignals.com\/shop\/pacote-robos-para-smarttbot\/#primaryimage"},"image":{"@id":"https:\/\/ggsignals.com\/shop\/pacote-robos-para-smarttbot\/#primaryimage"},"thumbnailUrl":"https:\/\/ggsignals.com\/wp-content\/uploads\/2020\/12\/pack-pro.webp","datePublished":"2020-12-09T05:38:25+00:00","dateModified":"2025-08-12T20:53:19+00:00","breadcrumb":{"@id":"https:\/\/ggsignals.com\/shop\/pacote-robos-para-smarttbot\/#breadcrumb"},"inLanguage":"pt-BR","potentialAction":[{"@type":"ReadAction","target":["https:\/\/ggsignals.com\/shop\/pacote-robos-para-smarttbot\/"]}]},{"@type":"ImageObject","inLanguage":"pt-BR","@id":"https:\/\/ggsignals.com\/shop\/pacote-robos-para-smarttbot\/#primaryimage","url":"https:\/\/ggsignals.com\/wp-content\/uploads\/2020\/12\/pack-pro.webp","contentUrl":"https:\/\/ggsignals.com\/wp-content\/uploads\/2020\/12\/pack-pro.webp","width":1536,"height":1024},{"@type":"BreadcrumbList","@id":"https:\/\/ggsignals.com\/shop\/pacote-robos-para-smarttbot\/#breadcrumb","itemListElement":[{"@type":"ListItem","position":1,"name":"Home","item":"https:\/\/ggsignals.com\/"},{"@type":"ListItem","position":2,"name":"Shop","item":"https:\/\/ggsignals.com\/shop\/"},{"@type":"ListItem","position":3,"name":"Carteira Pro de rob\u00f4s para Smarttbot"}]},{"@type":"WebSite","@id":"https:\/\/ggsignals.com\/#website","url":"https:\/\/ggsignals.com\/","name":"ggsignals.com","description":"Robos para smarttbot","publisher":{"@id":"https:\/\/ggsignals.com\/#organization"},"potentialAction":[{"@type":"SearchAction","target":{"@type":"EntryPoint","urlTemplate":"https:\/\/ggsignals.com\/?s={search_term_string}"},"query-input":{"@type":"PropertyValueSpecification","valueRequired":true,"valueName":"search_term_string"}}],"inLanguage":"pt-BR"},{"@type":"Organization","@id":"https:\/\/ggsignals.com\/#organization","name":"GG Signals","url":"https:\/\/ggsignals.com\/","logo":{"@type":"ImageObject","inLanguage":"pt-BR","@id":"https:\/\/ggsignals.com\/#\/schema\/logo\/image\/","url":"https:\/\/ggsignals.com\/wp-content\/uploads\/2020\/12\/cropped-752.png","contentUrl":"https:\/\/ggsignals.com\/wp-content\/uploads\/2020\/12\/cropped-752.png","width":531,"height":177,"caption":"GG Signals"},"image":{"@id":"https:\/\/ggsignals.com\/#\/schema\/logo\/image\/"}}]}},"_links":{"self":[{"href":"https:\/\/ggsignals.com\/pt\/wp-json\/wp\/v2\/product\/1048","targetHints":{"allow":["GET"]}}],"collection":[{"href":"https:\/\/ggsignals.com\/pt\/wp-json\/wp\/v2\/product"}],"about":[{"href":"https:\/\/ggsignals.com\/pt\/wp-json\/wp\/v2\/types\/product"}],"wp:featuredmedia":[{"embeddable":true,"href":"https:\/\/ggsignals.com\/pt\/wp-json\/wp\/v2\/media\/5590"}],"wp:attachment":[{"href":"https:\/\/ggsignals.com\/pt\/wp-json\/wp\/v2\/media?parent=1048"}],"wp:term":[{"taxonomy":"product_cat","embeddable":true,"href":"https:\/\/ggsignals.com\/pt\/wp-json\/wp\/v2\/product_cat?post=1048"},{"taxonomy":"product_tag","embeddable":true,"href":"https:\/\/ggsignals.com\/pt\/wp-json\/wp\/v2\/product_tag?post=1048"}],"curies":[{"name":"wp","href":"https:\/\/api.w.org\/{rel}","templated":true}]}}