{"id":1033,"date":"2020-12-08T22:00:42","date_gmt":"2020-12-09T01:00:42","guid":{"rendered":"https:\/\/ggsignals.com\/?post_type=product&#038;p=1033"},"modified":"2022-10-03T15:02:27","modified_gmt":"2022-10-03T18:02:27","slug":"robo-smarttbot-gg-jack-ma","status":"publish","type":"product","link":"https:\/\/ggsignals.com\/pt\/shop\/robo-smarttbot-gg-jack-ma\/","title":{"rendered":"Jack Ma &#8211; Rob\u00f4 para d\u00f3lar a favor da tend\u00eancia"},"content":{"rendered":"<p>Robo para dolar smarttbot com alta taxa de acerto e pouco drawdown<\/p>","protected":false},"excerpt":{"rendered":"<p>Robo para dolar smarttbot com alta taxa de acerto e pouco drawdown<\/p>","protected":false},"featured_media":1077,"template":"","meta":[],"product_cat":[17],"product_tag":[18,20,19],"class_list":["post-1033","product","type-product","status-publish","has-post-thumbnail","hentry","product_cat-uncategorized","product_tag-robo","product_tag-smartbot","product_tag-smarttbot"],"yoast_head":"<!-- This site is optimized with the Yoast SEO plugin v25.7 - https:\/\/yoast.com\/wordpress\/plugins\/seo\/ -->\n<title>Jack Ma - Rob\u00f4 para d\u00f3lar a favor da tend\u00eancia - ggsignals.com<\/title>\n<meta name=\"robots\" content=\"index, follow, max-snippet:-1, max-image-preview:large, max-video-preview:-1\" \/>\n<link rel=\"canonical\" href=\"https:\/\/ggsignals.com\/pt\/shop\/robo-smarttbot-gg-jack-ma\/\" \/>\n<meta property=\"og:locale\" content=\"pt_BR\" \/>\n<meta property=\"og:type\" content=\"article\" \/>\n<meta property=\"og:title\" content=\"Jack Ma - Rob\u00f4 para d\u00f3lar a favor da tend\u00eancia - ggsignals.com\" \/>\n<meta property=\"og:description\" content=\"Robo para dolar smarttbot com alta taxa de acerto e pouco drawdown\" \/>\n<meta property=\"og:url\" content=\"https:\/\/ggsignals.com\/pt\/shop\/robo-smarttbot-gg-jack-ma\/\" \/>\n<meta property=\"og:site_name\" content=\"ggsignals.com\" \/>\n<meta property=\"article:modified_time\" content=\"2022-10-03T18:02:27+00:00\" \/>\n<meta property=\"og:image\" content=\"https:\/\/ggsignals.com\/wp-content\/uploads\/2020\/12\/701.png\" \/>\n\t<meta property=\"og:image:width\" content=\"1023\" \/>\n\t<meta property=\"og:image:height\" content=\"647\" \/>\n\t<meta property=\"og:image:type\" content=\"image\/png\" \/>\n<meta name=\"twitter:card\" content=\"summary_large_image\" \/>\n<script type=\"application\/ld+json\" class=\"yoast-schema-graph\">{\"@context\":\"https:\/\/schema.org\",\"@graph\":[{\"@type\":\"WebPage\",\"@id\":\"https:\/\/ggsignals.com\/shop\/robo-smarttbot-gg-jack-ma\/\",\"url\":\"https:\/\/ggsignals.com\/shop\/robo-smarttbot-gg-jack-ma\/\",\"name\":\"Jack Ma - Rob\u00f4 para d\u00f3lar a favor da tend\u00eancia - ggsignals.com\",\"isPartOf\":{\"@id\":\"https:\/\/ggsignals.com\/#website\"},\"primaryImageOfPage\":{\"@id\":\"https:\/\/ggsignals.com\/shop\/robo-smarttbot-gg-jack-ma\/#primaryimage\"},\"image\":{\"@id\":\"https:\/\/ggsignals.com\/shop\/robo-smarttbot-gg-jack-ma\/#primaryimage\"},\"thumbnailUrl\":\"https:\/\/ggsignals.com\/wp-content\/uploads\/2020\/12\/701.png\",\"datePublished\":\"2020-12-09T01:00:42+00:00\",\"dateModified\":\"2022-10-03T18:02:27+00:00\",\"breadcrumb\":{\"@id\":\"https:\/\/ggsignals.com\/shop\/robo-smarttbot-gg-jack-ma\/#breadcrumb\"},\"inLanguage\":\"pt-BR\",\"potentialAction\":[{\"@type\":\"ReadAction\",\"target\":[\"https:\/\/ggsignals.com\/shop\/robo-smarttbot-gg-jack-ma\/\"]}]},{\"@type\":\"ImageObject\",\"inLanguage\":\"pt-BR\",\"@id\":\"https:\/\/ggsignals.com\/shop\/robo-smarttbot-gg-jack-ma\/#primaryimage\",\"url\":\"https:\/\/ggsignals.com\/wp-content\/uploads\/2020\/12\/701.png\",\"contentUrl\":\"https:\/\/ggsignals.com\/wp-content\/uploads\/2020\/12\/701.png\",\"width\":1023,\"height\":647,\"caption\":\"robo para smarttbot jack ma\"},{\"@type\":\"BreadcrumbList\",\"@id\":\"https:\/\/ggsignals.com\/shop\/robo-smarttbot-gg-jack-ma\/#breadcrumb\",\"itemListElement\":[{\"@type\":\"ListItem\",\"position\":1,\"name\":\"Home\",\"item\":\"https:\/\/ggsignals.com\/\"},{\"@type\":\"ListItem\",\"position\":2,\"name\":\"Shop\",\"item\":\"https:\/\/ggsignals.com\/shop\/\"},{\"@type\":\"ListItem\",\"position\":3,\"name\":\"Jack Ma &#8211; Rob\u00f4 para d\u00f3lar a favor da tend\u00eancia\"}]},{\"@type\":\"WebSite\",\"@id\":\"https:\/\/ggsignals.com\/#website\",\"url\":\"https:\/\/ggsignals.com\/\",\"name\":\"ggsignals.com\",\"description\":\"Robos para smarttbot\",\"publisher\":{\"@id\":\"https:\/\/ggsignals.com\/#organization\"},\"potentialAction\":[{\"@type\":\"SearchAction\",\"target\":{\"@type\":\"EntryPoint\",\"urlTemplate\":\"https:\/\/ggsignals.com\/?s={search_term_string}\"},\"query-input\":{\"@type\":\"PropertyValueSpecification\",\"valueRequired\":true,\"valueName\":\"search_term_string\"}}],\"inLanguage\":\"pt-BR\"},{\"@type\":\"Organization\",\"@id\":\"https:\/\/ggsignals.com\/#organization\",\"name\":\"GG Signals\",\"url\":\"https:\/\/ggsignals.com\/\",\"logo\":{\"@type\":\"ImageObject\",\"inLanguage\":\"pt-BR\",\"@id\":\"https:\/\/ggsignals.com\/#\/schema\/logo\/image\/\",\"url\":\"https:\/\/ggsignals.com\/wp-content\/uploads\/2020\/12\/cropped-752.png\",\"contentUrl\":\"https:\/\/ggsignals.com\/wp-content\/uploads\/2020\/12\/cropped-752.png\",\"width\":531,\"height\":177,\"caption\":\"GG Signals\"},\"image\":{\"@id\":\"https:\/\/ggsignals.com\/#\/schema\/logo\/image\/\"}}]}<\/script>\n<!-- \/ Yoast SEO plugin. -->","yoast_head_json":{"title":"Jack Ma - Rob\u00f4 para d\u00f3lar a favor da tend\u00eancia - ggsignals.com","robots":{"index":"index","follow":"follow","max-snippet":"max-snippet:-1","max-image-preview":"max-image-preview:large","max-video-preview":"max-video-preview:-1"},"canonical":"https:\/\/ggsignals.com\/pt\/shop\/robo-smarttbot-gg-jack-ma\/","og_locale":"pt_BR","og_type":"article","og_title":"Jack Ma - Rob\u00f4 para d\u00f3lar a favor da tend\u00eancia - ggsignals.com","og_description":"Robo para dolar smarttbot com alta taxa de acerto e pouco drawdown","og_url":"https:\/\/ggsignals.com\/pt\/shop\/robo-smarttbot-gg-jack-ma\/","og_site_name":"ggsignals.com","article_modified_time":"2022-10-03T18:02:27+00:00","og_image":[{"width":1023,"height":647,"url":"https:\/\/ggsignals.com\/wp-content\/uploads\/2020\/12\/701.png","type":"image\/png"}],"twitter_card":"summary_large_image","schema":{"@context":"https:\/\/schema.org","@graph":[{"@type":"WebPage","@id":"https:\/\/ggsignals.com\/shop\/robo-smarttbot-gg-jack-ma\/","url":"https:\/\/ggsignals.com\/shop\/robo-smarttbot-gg-jack-ma\/","name":"Jack Ma - Rob\u00f4 para d\u00f3lar a favor da tend\u00eancia - ggsignals.com","isPartOf":{"@id":"https:\/\/ggsignals.com\/#website"},"primaryImageOfPage":{"@id":"https:\/\/ggsignals.com\/shop\/robo-smarttbot-gg-jack-ma\/#primaryimage"},"image":{"@id":"https:\/\/ggsignals.com\/shop\/robo-smarttbot-gg-jack-ma\/#primaryimage"},"thumbnailUrl":"https:\/\/ggsignals.com\/wp-content\/uploads\/2020\/12\/701.png","datePublished":"2020-12-09T01:00:42+00:00","dateModified":"2022-10-03T18:02:27+00:00","breadcrumb":{"@id":"https:\/\/ggsignals.com\/shop\/robo-smarttbot-gg-jack-ma\/#breadcrumb"},"inLanguage":"pt-BR","potentialAction":[{"@type":"ReadAction","target":["https:\/\/ggsignals.com\/shop\/robo-smarttbot-gg-jack-ma\/"]}]},{"@type":"ImageObject","inLanguage":"pt-BR","@id":"https:\/\/ggsignals.com\/shop\/robo-smarttbot-gg-jack-ma\/#primaryimage","url":"https:\/\/ggsignals.com\/wp-content\/uploads\/2020\/12\/701.png","contentUrl":"https:\/\/ggsignals.com\/wp-content\/uploads\/2020\/12\/701.png","width":1023,"height":647,"caption":"robo para smarttbot jack ma"},{"@type":"BreadcrumbList","@id":"https:\/\/ggsignals.com\/shop\/robo-smarttbot-gg-jack-ma\/#breadcrumb","itemListElement":[{"@type":"ListItem","position":1,"name":"Home","item":"https:\/\/ggsignals.com\/"},{"@type":"ListItem","position":2,"name":"Shop","item":"https:\/\/ggsignals.com\/shop\/"},{"@type":"ListItem","position":3,"name":"Jack Ma &#8211; Rob\u00f4 para d\u00f3lar a favor da tend\u00eancia"}]},{"@type":"WebSite","@id":"https:\/\/ggsignals.com\/#website","url":"https:\/\/ggsignals.com\/","name":"ggsignals.com","description":"Robos para smarttbot","publisher":{"@id":"https:\/\/ggsignals.com\/#organization"},"potentialAction":[{"@type":"SearchAction","target":{"@type":"EntryPoint","urlTemplate":"https:\/\/ggsignals.com\/?s={search_term_string}"},"query-input":{"@type":"PropertyValueSpecification","valueRequired":true,"valueName":"search_term_string"}}],"inLanguage":"pt-BR"},{"@type":"Organization","@id":"https:\/\/ggsignals.com\/#organization","name":"GG Signals","url":"https:\/\/ggsignals.com\/","logo":{"@type":"ImageObject","inLanguage":"pt-BR","@id":"https:\/\/ggsignals.com\/#\/schema\/logo\/image\/","url":"https:\/\/ggsignals.com\/wp-content\/uploads\/2020\/12\/cropped-752.png","contentUrl":"https:\/\/ggsignals.com\/wp-content\/uploads\/2020\/12\/cropped-752.png","width":531,"height":177,"caption":"GG Signals"},"image":{"@id":"https:\/\/ggsignals.com\/#\/schema\/logo\/image\/"}}]}},"_links":{"self":[{"href":"https:\/\/ggsignals.com\/pt\/wp-json\/wp\/v2\/product\/1033","targetHints":{"allow":["GET"]}}],"collection":[{"href":"https:\/\/ggsignals.com\/pt\/wp-json\/wp\/v2\/product"}],"about":[{"href":"https:\/\/ggsignals.com\/pt\/wp-json\/wp\/v2\/types\/product"}],"wp:featuredmedia":[{"embeddable":true,"href":"https:\/\/ggsignals.com\/pt\/wp-json\/wp\/v2\/media\/1077"}],"wp:attachment":[{"href":"https:\/\/ggsignals.com\/pt\/wp-json\/wp\/v2\/media?parent=1033"}],"wp:term":[{"taxonomy":"product_cat","embeddable":true,"href":"https:\/\/ggsignals.com\/pt\/wp-json\/wp\/v2\/product_cat?post=1033"},{"taxonomy":"product_tag","embeddable":true,"href":"https:\/\/ggsignals.com\/pt\/wp-json\/wp\/v2\/product_tag?post=1033"}],"curies":[{"name":"wp","href":"https:\/\/api.w.org\/{rel}","templated":true}]}}