{"id":5369,"date":"2023-10-19T01:31:04","date_gmt":"2023-10-19T04:31:04","guid":{"rendered":"https:\/\/ggsignals.com\/?page_id=5369"},"modified":"2023-10-19T02:25:27","modified_gmt":"2023-10-19T05:25:27","slug":"robo-gratis","status":"publish","type":"page","link":"https:\/\/ggsignals.com\/pt\/robo-gratis\/","title":{"rendered":"Rob\u00f4 grat\u00eds"},"content":{"rendered":"<div data-elementor-type=\"wp-page\" data-elementor-id=\"5369\" class=\"elementor elementor-5369\">\n\t\t\t\t\t\t<section class=\"elementor-section elementor-top-section elementor-element elementor-element-1c5518d elementor-section-boxed elementor-section-height-default elementor-section-height-default\" data-id=\"1c5518d\" data-element_type=\"section\" data-settings=\"{&quot;background_background&quot;:&quot;classic&quot;,&quot;shape_divider_top&quot;:&quot;mountains&quot;}\">\n\t\t\t\t\t<div class=\"elementor-shape elementor-shape-top\" data-negative=\"false\">\n\t\t\t<svg xmlns=\"http:\/\/www.w3.org\/2000\/svg\" viewbox=\"0 0 1000 100\" preserveaspectratio=\"none\">\n\t<path class=\"elementor-shape-fill\" opacity=\"0.33\" d=\"M473,67.3c-203.9,88.3-263.1-34-320.3,0C66,119.1,0,59.7,0,59.7V0h1000v59.7 c0,0-62.1,26.1-94.9,29.3c-32.8,3.3-62.8-12.3-75.8-22.1C806,49.6,745.3,8.7,694.9,4.7S492.4,59,473,67.3z\"\/>\n\t<path class=\"elementor-shape-fill\" opacity=\"0.66\" d=\"M734,67.3c-45.5,0-77.2-23.2-129.1-39.1c-28.6-8.7-150.3-10.1-254,39.1 s-91.7-34.4-149.2,0C115.7,118.3,0,39.8,0,39.8V0h1000v36.5c0,0-28.2-18.5-92.1-18.5C810.2,18.1,775.7,67.3,734,67.3z\"\/>\n\t<path class=\"elementor-shape-fill\" d=\"M766.1,28.9c-200-57.5-266,65.5-395.1,19.5C242,1.8,242,5.4,184.8,20.6C128,35.8,132.3,44.9,89.9,52.5C28.6,63.7,0,0,0,0 h1000c0,0-9.9,40.9-83.6,48.1S829.6,47,766.1,28.9z\"\/>\n<\/svg>\t\t<\/div>\n\t\t\t\t\t<div class=\"elementor-container elementor-column-gap-default\">\n\t\t\t\t\t<div class=\"elementor-column elementor-col-100 elementor-top-column elementor-element elementor-element-a559392\" data-id=\"a559392\" data-element_type=\"column\">\n\t\t\t<div class=\"elementor-widget-wrap elementor-element-populated\">\n\t\t\t\t\t\t<div class=\"elementor-element elementor-element-876e5a7 elementor-widget elementor-widget-heading\" data-id=\"876e5a7\" data-element_type=\"widget\" data-widget_type=\"heading.default\">\n\t\t\t\t<div class=\"elementor-widget-container\">\n\t\t\t<h2 class=\"elementor-heading-title elementor-size-default\">100% Grat\u00eds<\/h2>\t\t<\/div>\n\t\t\t\t<\/div>\n\t\t\t\t<div class=\"elementor-element elementor-element-ffe6df1 elementor-widget elementor-widget-text-editor\" data-id=\"ffe6df1\" data-element_type=\"widget\" data-widget_type=\"text-editor.default\">\n\t\t\t\t<div class=\"elementor-widget-container\">\n\t\t\t\t\t\t\t<p>O nosso rob\u00f4 gratuito oferece um impressionante \u00edndice de acerto de 89% e um s\u00f3lido fator de lucro de 4,53, e o melhor de tudo, \u00e9 100% gratuito. Ideal para aqueles que preferem uma abordagem de investimento mais segura.<br \/>Receba ele em seu email completamente gr\u00e1tis<\/p>\t\t\t\t\t\t<\/div>\n\t\t\t\t<\/div>\n\t\t\t\t\t<\/div>\n\t\t<\/div>\n\t\t\t\t\t<\/div>\n\t\t<\/section>\n\t\t\t\t<section class=\"elementor-section elementor-top-section elementor-element elementor-element-f6213db elementor-section-boxed elementor-section-height-default elementor-section-height-default\" data-id=\"f6213db\" data-element_type=\"section\" data-settings=\"{&quot;background_background&quot;:&quot;classic&quot;}\">\n\t\t\t\t\t\t<div class=\"elementor-container elementor-column-gap-default\">\n\t\t\t\t\t<div class=\"elementor-column elementor-col-50 elementor-top-column elementor-element elementor-element-2c3cdeb\" data-id=\"2c3cdeb\" data-element_type=\"column\">\n\t\t\t<div class=\"elementor-widget-wrap elementor-element-populated\">\n\t\t\t\t\t\t<div class=\"elementor-element elementor-element-5201e08 elementor-widget elementor-widget-image\" data-id=\"5201e08\" data-element_type=\"widget\" data-widget_type=\"image.default\">\n\t\t\t\t<div class=\"elementor-widget-container\">\n\t\t\t\t\t\t\t\t\t\t\t\t\t<img fetchpriority=\"high\" decoding=\"async\" width=\"1024\" height=\"506\" src=\"https:\/\/ggsignals.com\/wp-content\/uploads\/2023\/10\/7993-1-1024x506.png\" class=\"attachment-large size-large wp-image-5371\" alt=\"\" srcset=\"https:\/\/ggsignals.com\/wp-content\/uploads\/2023\/10\/7993-1-1024x506.png 1024w, https:\/\/ggsignals.com\/wp-content\/uploads\/2023\/10\/7993-1-300x148.png 300w, https:\/\/ggsignals.com\/wp-content\/uploads\/2023\/10\/7993-1-768x380.png 768w, https:\/\/ggsignals.com\/wp-content\/uploads\/2023\/10\/7993-1-1536x759.png 1536w, https:\/\/ggsignals.com\/wp-content\/uploads\/2023\/10\/7993-1-18x9.png 18w, https:\/\/ggsignals.com\/wp-content\/uploads\/2023\/10\/7993-1-1600x791.png 1600w, https:\/\/ggsignals.com\/wp-content\/uploads\/2023\/10\/7993-1.png 1920w\" sizes=\"(max-width: 1024px) 100vw, 1024px\" \/>\t\t\t\t\t\t\t\t\t\t\t\t\t<\/div>\n\t\t\t\t<\/div>\n\t\t\t\t\t<\/div>\n\t\t<\/div>\n\t\t\t\t<div class=\"elementor-column elementor-col-50 elementor-top-column elementor-element elementor-element-3a41adc\" data-id=\"3a41adc\" data-element_type=\"column\">\n\t\t\t<div class=\"elementor-widget-wrap elementor-element-populated\">\n\t\t\t\t\t\t<div class=\"elementor-element elementor-element-2ee83dd elementor-widget elementor-widget-html\" data-id=\"2ee83dd\" data-element_type=\"widget\" data-widget_type=\"html.default\">\n\t\t\t\t<div class=\"elementor-widget-container\">\n\t\t\t<!-- Begin Brevo Form -->\r\n<!-- START - We recommend to place the below code in head tag of your website html  -->\r\n<style>\r\n  @font-face {\r\n    font-display: block;\r\n    font-family: Roboto;\r\n    src: url(https:\/\/assets.brevo.com\/font\/Roboto\/Latin\/normal\/normal\/7529907e9eaf8ebb5220c5f9850e3811.woff2) format(\"woff2\"), url(https:\/\/assets.brevo.com\/font\/Roboto\/Latin\/normal\/normal\/25c678feafdc175a70922a116c9be3e7.woff) format(\"woff\")\r\n  }\r\n\r\n  @font-face {\r\n    font-display: fallback;\r\n    font-family: Roboto;\r\n    font-weight: 600;\r\n    src: url(https:\/\/assets.brevo.com\/font\/Roboto\/Latin\/medium\/normal\/6e9caeeafb1f3491be3e32744bc30440.woff2) format(\"woff2\"), url(https:\/\/assets.brevo.com\/font\/Roboto\/Latin\/medium\/normal\/71501f0d8d5aa95960f6475d5487d4c2.woff) format(\"woff\")\r\n  }\r\n\r\n  @font-face {\r\n    font-display: fallback;\r\n    font-family: Roboto;\r\n    font-weight: 700;\r\n    src: url(https:\/\/assets.brevo.com\/font\/Roboto\/Latin\/bold\/normal\/3ef7cf158f310cf752d5ad08cd0e7e60.woff2) format(\"woff2\"), url(https:\/\/assets.brevo.com\/font\/Roboto\/Latin\/bold\/normal\/ece3a1d82f18b60bcce0211725c476aa.woff) format(\"woff\")\r\n  }\r\n\r\n  #sib-container input:-ms-input-placeholder {\r\n    text-align: left;\r\n    font-family: \"Helvetica\", sans-serif;\r\n    color: #c0ccda;\r\n  }\r\n\r\n  #sib-container input::placeholder {\r\n    text-align: left;\r\n    font-family: \"Helvetica\", sans-serif;\r\n    color: #c0ccda;\r\n  }\r\n\r\n  #sib-container textarea::placeholder {\r\n    text-align: left;\r\n    font-family: \"Helvetica\", sans-serif;\r\n    color: #c0ccda;\r\n  }\r\n<\/style>\r\n<link rel=\"stylesheet\" href=\"https:\/\/sibforms.com\/forms\/end-form\/build\/sib-styles.css\">\r\n<!--  END - We recommend to place the above code in head tag of your website html -->\r\n\r\n<!-- START - We recommend to place the below code where you want the form in your website html  -->\r\n<div class=\"sib-form\" style=\"text-align: center;         background-color: #e3f0ff;                                 \">\r\n  <div id=\"sib-form-container\" class=\"sib-form-container\">\r\n    <div id=\"error-message\" class=\"sib-form-message-panel\" style=\"font-size:16px; text-align:left; font-family:&quot;Helvetica&quot;, sans-serif; color:#661d1d; background-color:#ffeded; border-radius:3px; border-color:#ff4949;max-width:540px;\">\r\n      <div class=\"sib-form-message-panel__text sib-form-message-panel__text--center\">\r\n        <svg viewbox=\"0 0 512 512\" class=\"sib-icon sib-notification__icon\">\r\n          <path d=\"M256 40c118.621 0 216 96.075 216 216 0 119.291-96.61 216-216 216-119.244 0-216-96.562-216-216 0-119.203 96.602-216 216-216m0-32C119.043 8 8 119.083 8 256c0 136.997 111.043 248 248 248s248-111.003 248-248C504 119.083 392.957 8 256 8zm-11.49 120h22.979c6.823 0 12.274 5.682 11.99 12.5l-7 168c-.268 6.428-5.556 11.5-11.99 11.5h-8.979c-6.433 0-11.722-5.073-11.99-11.5l-7-168c-.283-6.818 5.167-12.5 11.99-12.5zM256 340c-15.464 0-28 12.536-28 28s12.536 28 28 28 28-12.536 28-28-12.536-28-28-28z\" \/>\r\n        <\/svg>\r\n        <span class=\"sib-form-message-panel__inner-text\">\r\n                          Sua assinatura n\u00e3o p\u00f4de ser salva. Por favor, tente novamente.\r\n                      <\/span>\r\n      <\/div>\r\n    <\/div>\r\n    <div><\/div>\r\n    <div id=\"success-message\" class=\"sib-form-message-panel\" style=\"font-size:16px; text-align:left; font-family:&quot;Helvetica&quot;, sans-serif; color:#085229; background-color:#e7faf0; border-radius:3px; border-color:#13ce66;max-width:540px;\">\r\n      <div class=\"sib-form-message-panel__text sib-form-message-panel__text--center\">\r\n        <svg viewbox=\"0 0 512 512\" class=\"sib-icon sib-notification__icon\">\r\n          <path d=\"M256 8C119.033 8 8 119.033 8 256s111.033 248 248 248 248-111.033 248-248S392.967 8 256 8zm0 464c-118.664 0-216-96.055-216-216 0-118.663 96.055-216 216-216 118.664 0 216 96.055 216 216 0 118.663-96.055 216-216 216zm141.63-274.961L217.15 376.071c-4.705 4.667-12.303 4.637-16.97-.068l-85.878-86.572c-4.667-4.705-4.637-12.303.068-16.97l8.52-8.451c4.705-4.667 12.303-4.637 16.97.068l68.976 69.533 163.441-162.13c4.705-4.667 12.303-4.637 16.97.068l8.451 8.52c4.668 4.705 4.637 12.303-.068 16.97z\" \/>\r\n        <\/svg>\r\n        <span class=\"sib-form-message-panel__inner-text\">\r\n                          Sua assinatura foi bem-sucedida.\r\n                      <\/span>\r\n      <\/div>\r\n    <\/div>\r\n    <div><\/div>\r\n    <div id=\"sib-container\" class=\"sib-container--large sib-container--vertical\" style=\"text-align:center; background-color:rgba(255,255,255,1); max-width:540px; border-radius:3px; border-width:1px; border-color:#C0CCD9; border-style:solid; direction:ltr\">\r\n      <form id=\"sib-form\" method=\"POST\" action=\"https:\/\/d35fe8ab.sibforms.com\/serve\/MUIFACeHBABXm20OUIHths9YhodhZtaapLjmx1Eu_RxL_hPcCcbmafmsHsZ9YngPj3EaIoAIDfjyGXtHYFJ-EXb4HP944Dr7rxf1l6TblujT_XJbuU1V4pk9Ez2RnL-0AuISV5cAGy-MI2SScOBhQhRTCj9-6RJBc-q694eg67dst0J5AsOOoOqcShmY-oa3d-wDBGWkTRUDvdnc\" data-type=\"subscription\" data-trp-original-action=\"https:\/\/d35fe8ab.sibforms.com\/serve\/MUIFACeHBABXm20OUIHths9YhodhZtaapLjmx1Eu_RxL_hPcCcbmafmsHsZ9YngPj3EaIoAIDfjyGXtHYFJ-EXb4HP944Dr7rxf1l6TblujT_XJbuU1V4pk9Ez2RnL-0AuISV5cAGy-MI2SScOBhQhRTCj9-6RJBc-q694eg67dst0J5AsOOoOqcShmY-oa3d-wDBGWkTRUDvdnc\">\r\n        <div style=\"padding: 8px 0;\">\r\n          <div class=\"sib-form-block\" style=\"font-size:16px; text-align:left; font-family:&quot;Helvetica&quot;, sans-serif; color:#3C4858; background-color:transparent; text-align:left\">\r\n            <div class=\"sib-text-form-block\">\r\n              <p>Receba o rob\u00f4 gr\u00e1tis em seu email<\/p>\r\n            <\/div>\r\n          <\/div>\r\n        <\/div>\r\n        <div style=\"padding: 8px 0;\">\r\n          <div class=\"sib-input sib-form-block\">\r\n            <div class=\"form__entry entry_block\">\r\n              <div class=\"form__label-row\">\r\n                <label class=\"entry__label\" style=\"font-weight: 700; text-align:left; font-size:16px; text-align:left; font-weight:700; font-family:&quot;Helvetica&quot;, sans-serif; color:#3c4858;\" for=\"EMAIL\" data-required=\"*\">Email<\/label>\r\n\r\n                <div class=\"entry__field\">\r\n                  <input class=\"input\" type=\"text\" id=\"EMAIL\" name=\"EMAIL\" autocomplete=\"off\" placeholder=\"EMAIL\" data-required=\"true\" required \/>\r\n                <\/div>\r\n              <\/div>\r\n\r\n              <label class=\"entry__error entry__error--primary\" style=\"font-size:16px; text-align:left; font-family:&quot;Helvetica&quot;, sans-serif; color:#661d1d; background-color:#ffeded; border-radius:3px; border-color:#ff4949;\">\r\n              <\/label>\r\n              <label class=\"entry__specification\" style=\"font-size:12px; text-align:left; font-family:&quot;Helvetica&quot;, sans-serif; color:#8390A4; text-align:left\">\r\n                Forne\u00e7a seu endere\u00e7o de e-mail para se inscrever. Por exemplo, abc@xyz.com\r\n              <\/label>\r\n            <\/div>\r\n          <\/div>\r\n        <\/div>\r\n        <div style=\"padding: 8px 0;\">\r\n          <div class=\"sib-form-block\" style=\"text-align: left\">\r\n            <button class=\"sib-form-block__button sib-form-block__button-with-loader\" style=\"font-size:16px; text-align:left; font-weight:700; font-family:&quot;Helvetica&quot;, sans-serif; color:#FFFFFF; background-color:#3E4857; border-radius:3px; border-width:0px;\" form=\"sib-form\" type=\"submit\">\r\n              <svg class=\"icon clickable__icon progress-indicator__icon sib-hide-loader-icon\" viewbox=\"0 0 512 512\">\r\n                <path d=\"M460.116 373.846l-20.823-12.022c-5.541-3.199-7.54-10.159-4.663-15.874 30.137-59.886 28.343-131.652-5.386-189.946-33.641-58.394-94.896-95.833-161.827-99.676C261.028 55.961 256 50.751 256 44.352V20.309c0-6.904 5.808-12.337 12.703-11.982 83.556 4.306 160.163 50.864 202.11 123.677 42.063 72.696 44.079 162.316 6.031 236.832-3.14 6.148-10.75 8.461-16.728 5.01z\" \/>\r\n              <\/svg>\r\n              Receber\r\n            <\/button>\r\n          <\/div>\r\n        <\/div>\r\n\r\n        <input type=\"text\" name=\"email_address_check\" value=\"\" class=\"input--hidden\">\r\n        <input type=\"hidden\" name=\"locale\" value=\"en\">\r\n      <input type=\"hidden\" name=\"trp-form-language\" value=\"pt\"\/><\/form>\r\n    <\/div>\r\n  <\/div>\r\n<\/div>\r\n<!-- END - We recommend to place the below code where you want the form in your website html  -->\r\n\r\n<!-- START - We recommend to place the below code in footer or bottom of your website html  -->\r\n<script>\r\n  window.REQUIRED_CODE_ERROR_MESSAGE = 'Please choose a country code';\r\n  window.LOCALE = 'en';\r\n  window.EMAIL_INVALID_MESSAGE = window.SMS_INVALID_MESSAGE = \"A informa\u00e7\u00e3o fornecida \u00e9 inv\u00e1lida. Revise o formato do campo e tente novamente.\";\r\n\r\n  window.REQUIRED_ERROR_MESSAGE = \"Este campo n\u00e3o pode ser deixado em branco. \";\r\n\r\n  window.GENERIC_INVALID_MESSAGE = \"A informa\u00e7\u00e3o fornecida \u00e9 inv\u00e1lida. Revise o formato do campo e tente novamente.\";\r\n\r\n\r\n\r\n\r\n  window.translation = {\r\n    common: {\r\n      selectedList: '{quantity} list selected',\r\n      selectedLists: '{quantity} lists selected'\r\n    }\r\n  };\r\n\r\n  var AUTOHIDE = Boolean(0);\r\n<\/script>\r\n<script defer src=\"https:\/\/sibforms.com\/forms\/end-form\/build\/main.js\"><\/script>\r\n\r\n\r\n<!-- END - We recommend to place the above code in footer or bottom of your website html  -->\r\n<!-- End Brevo Form -->\t\t<\/div>\n\t\t\t\t<\/div>\n\t\t\t\t\t<\/div>\n\t\t<\/div>\n\t\t\t\t\t<\/div>\n\t\t<\/section>\n\t\t\t\t<section class=\"elementor-section elementor-top-section elementor-element elementor-element-2ad64f1 elementor-section-boxed elementor-section-height-default elementor-section-height-default\" data-id=\"2ad64f1\" data-element_type=\"section\" data-settings=\"{&quot;background_background&quot;:&quot;classic&quot;,&quot;shape_divider_bottom&quot;:&quot;mountains&quot;}\">\n\t\t\t\t\t<div class=\"elementor-shape elementor-shape-bottom\" data-negative=\"false\">\n\t\t\t<svg xmlns=\"http:\/\/www.w3.org\/2000\/svg\" viewbox=\"0 0 1000 100\" preserveaspectratio=\"none\">\n\t<path class=\"elementor-shape-fill\" opacity=\"0.33\" d=\"M473,67.3c-203.9,88.3-263.1-34-320.3,0C66,119.1,0,59.7,0,59.7V0h1000v59.7 c0,0-62.1,26.1-94.9,29.3c-32.8,3.3-62.8-12.3-75.8-22.1C806,49.6,745.3,8.7,694.9,4.7S492.4,59,473,67.3z\"\/>\n\t<path class=\"elementor-shape-fill\" opacity=\"0.66\" d=\"M734,67.3c-45.5,0-77.2-23.2-129.1-39.1c-28.6-8.7-150.3-10.1-254,39.1 s-91.7-34.4-149.2,0C115.7,118.3,0,39.8,0,39.8V0h1000v36.5c0,0-28.2-18.5-92.1-18.5C810.2,18.1,775.7,67.3,734,67.3z\"\/>\n\t<path class=\"elementor-shape-fill\" d=\"M766.1,28.9c-200-57.5-266,65.5-395.1,19.5C242,1.8,242,5.4,184.8,20.6C128,35.8,132.3,44.9,89.9,52.5C28.6,63.7,0,0,0,0 h1000c0,0-9.9,40.9-83.6,48.1S829.6,47,766.1,28.9z\"\/>\n<\/svg>\t\t<\/div>\n\t\t\t\t\t<div class=\"elementor-container elementor-column-gap-default\">\n\t\t\t\t\t<div class=\"elementor-column elementor-col-100 elementor-top-column elementor-element elementor-element-e94f4c7\" data-id=\"e94f4c7\" data-element_type=\"column\">\n\t\t\t<div class=\"elementor-widget-wrap elementor-element-populated\">\n\t\t\t\t\t\t<div class=\"elementor-element elementor-element-009c058 elementor-widget elementor-widget-spacer\" data-id=\"009c058\" data-element_type=\"widget\" data-widget_type=\"spacer.default\">\n\t\t\t\t<div class=\"elementor-widget-container\">\n\t\t\t\t\t<div class=\"elementor-spacer\">\n\t\t\t<div class=\"elementor-spacer-inner\"><\/div>\n\t\t<\/div>\n\t\t\t\t<\/div>\n\t\t\t\t<\/div>\n\t\t\t\t\t<\/div>\n\t\t<\/div>\n\t\t\t\t\t<\/div>\n\t\t<\/section>\n\t\t\t\t<\/div>","protected":false},"excerpt":{"rendered":"<p>100% Grat\u00eds O nosso rob\u00f4 gratuito oferece um impressionante \u00edndice de acerto de 89% e um s\u00f3lido fator de lucro de 4,53, e o melhor de tudo, \u00e9 100% gratuito. Ideal para aqueles que preferem uma abordagem de investimento mais segura.Receba ele em seu email completamente gr\u00e1tis Sua assinatura n\u00e3o p\u00f4de ser salva. Por favor, &hellip;<\/p>\n<p class=\"read-more\"> <a class=\"\" href=\"https:\/\/ggsignals.com\/pt\/robo-gratis\/\"> <span class=\"screen-reader-text\">Rob\u00f4 grat\u00eds<\/span> Leia mais &raquo;<\/a><\/p>","protected":false},"author":1,"featured_media":0,"parent":0,"menu_order":0,"comment_status":"closed","ping_status":"closed","template":"","meta":{"footnotes":""},"class_list":["post-5369","page","type-page","status-publish","hentry"],"yoast_head":"<!-- This site is optimized with the Yoast SEO plugin v25.7 - https:\/\/yoast.com\/wordpress\/plugins\/seo\/ -->\n<title>Rob\u00f4 grat\u00eds - ggsignals.com<\/title>\n<meta name=\"robots\" content=\"index, follow, max-snippet:-1, max-image-preview:large, max-video-preview:-1\" \/>\n<link rel=\"canonical\" href=\"https:\/\/ggsignals.com\/pt\/robo-gratis\/\" \/>\n<meta property=\"og:locale\" content=\"pt_BR\" \/>\n<meta property=\"og:type\" content=\"article\" \/>\n<meta property=\"og:title\" content=\"Rob\u00f4 grat\u00eds - ggsignals.com\" \/>\n<meta property=\"og:description\" content=\"100% Grat\u00eds O nosso rob\u00f4 gratuito oferece um impressionante \u00edndice de acerto de 89% e um s\u00f3lido fator de lucro de 4,53, e o melhor de tudo, \u00e9 100% gratuito. Ideal para aqueles que preferem uma abordagem de investimento mais segura.Receba ele em seu email completamente gr\u00e1tis Sua assinatura n\u00e3o p\u00f4de ser salva. Por favor, &hellip; Rob\u00f4 grat\u00eds Leia mais &raquo;\" \/>\n<meta property=\"og:url\" content=\"https:\/\/ggsignals.com\/pt\/robo-gratis\/\" \/>\n<meta property=\"og:site_name\" content=\"ggsignals.com\" \/>\n<meta property=\"article:modified_time\" content=\"2023-10-19T05:25:27+00:00\" \/>\n<meta property=\"og:image\" content=\"http:\/\/ggsignals.com\/wp-content\/uploads\/2023\/10\/7993-1-1024x506.png\" \/>\n<meta name=\"twitter:card\" content=\"summary_large_image\" \/>\n<script type=\"application\/ld+json\" class=\"yoast-schema-graph\">{\"@context\":\"https:\/\/schema.org\",\"@graph\":[{\"@type\":\"WebPage\",\"@id\":\"https:\/\/ggsignals.com\/robo-gratis\/\",\"url\":\"https:\/\/ggsignals.com\/robo-gratis\/\",\"name\":\"Rob\u00f4 grat\u00eds - ggsignals.com\",\"isPartOf\":{\"@id\":\"https:\/\/ggsignals.com\/#website\"},\"primaryImageOfPage\":{\"@id\":\"https:\/\/ggsignals.com\/robo-gratis\/#primaryimage\"},\"image\":{\"@id\":\"https:\/\/ggsignals.com\/robo-gratis\/#primaryimage\"},\"thumbnailUrl\":\"http:\/\/ggsignals.com\/wp-content\/uploads\/2023\/10\/7993-1-1024x506.png\",\"datePublished\":\"2023-10-19T04:31:04+00:00\",\"dateModified\":\"2023-10-19T05:25:27+00:00\",\"breadcrumb\":{\"@id\":\"https:\/\/ggsignals.com\/robo-gratis\/#breadcrumb\"},\"inLanguage\":\"pt-BR\",\"potentialAction\":[{\"@type\":\"ReadAction\",\"target\":[\"https:\/\/ggsignals.com\/robo-gratis\/\"]}]},{\"@type\":\"ImageObject\",\"inLanguage\":\"pt-BR\",\"@id\":\"https:\/\/ggsignals.com\/robo-gratis\/#primaryimage\",\"url\":\"http:\/\/ggsignals.com\/wp-content\/uploads\/2023\/10\/7993-1-1024x506.png\",\"contentUrl\":\"http:\/\/ggsignals.com\/wp-content\/uploads\/2023\/10\/7993-1-1024x506.png\"},{\"@type\":\"BreadcrumbList\",\"@id\":\"https:\/\/ggsignals.com\/robo-gratis\/#breadcrumb\",\"itemListElement\":[{\"@type\":\"ListItem\",\"position\":1,\"name\":\"Home\",\"item\":\"https:\/\/ggsignals.com\/\"},{\"@type\":\"ListItem\",\"position\":2,\"name\":\"Rob\u00f4 grat\u00eds\"}]},{\"@type\":\"WebSite\",\"@id\":\"https:\/\/ggsignals.com\/#website\",\"url\":\"https:\/\/ggsignals.com\/\",\"name\":\"ggsignals.com\",\"description\":\"Robos para smarttbot\",\"publisher\":{\"@id\":\"https:\/\/ggsignals.com\/#organization\"},\"potentialAction\":[{\"@type\":\"SearchAction\",\"target\":{\"@type\":\"EntryPoint\",\"urlTemplate\":\"https:\/\/ggsignals.com\/?s={search_term_string}\"},\"query-input\":{\"@type\":\"PropertyValueSpecification\",\"valueRequired\":true,\"valueName\":\"search_term_string\"}}],\"inLanguage\":\"pt-BR\"},{\"@type\":\"Organization\",\"@id\":\"https:\/\/ggsignals.com\/#organization\",\"name\":\"GG Signals\",\"url\":\"https:\/\/ggsignals.com\/\",\"logo\":{\"@type\":\"ImageObject\",\"inLanguage\":\"pt-BR\",\"@id\":\"https:\/\/ggsignals.com\/#\/schema\/logo\/image\/\",\"url\":\"https:\/\/ggsignals.com\/wp-content\/uploads\/2020\/12\/cropped-752.png\",\"contentUrl\":\"https:\/\/ggsignals.com\/wp-content\/uploads\/2020\/12\/cropped-752.png\",\"width\":531,\"height\":177,\"caption\":\"GG Signals\"},\"image\":{\"@id\":\"https:\/\/ggsignals.com\/#\/schema\/logo\/image\/\"}}]}<\/script>\n<!-- \/ Yoast SEO plugin. -->","yoast_head_json":{"title":"Rob\u00f4 grat\u00eds - ggsignals.com","robots":{"index":"index","follow":"follow","max-snippet":"max-snippet:-1","max-image-preview":"max-image-preview:large","max-video-preview":"max-video-preview:-1"},"canonical":"https:\/\/ggsignals.com\/pt\/robo-gratis\/","og_locale":"pt_BR","og_type":"article","og_title":"Rob\u00f4 grat\u00eds - ggsignals.com","og_description":"100% Grat\u00eds O nosso rob\u00f4 gratuito oferece um impressionante \u00edndice de acerto de 89% e um s\u00f3lido fator de lucro de 4,53, e o melhor de tudo, \u00e9 100% gratuito. Ideal para aqueles que preferem uma abordagem de investimento mais segura.Receba ele em seu email completamente gr\u00e1tis Sua assinatura n\u00e3o p\u00f4de ser salva. Por favor, &hellip; Rob\u00f4 grat\u00eds Leia mais &raquo;","og_url":"https:\/\/ggsignals.com\/pt\/robo-gratis\/","og_site_name":"ggsignals.com","article_modified_time":"2023-10-19T05:25:27+00:00","og_image":[{"url":"http:\/\/ggsignals.com\/wp-content\/uploads\/2023\/10\/7993-1-1024x506.png","type":"","width":"","height":""}],"twitter_card":"summary_large_image","schema":{"@context":"https:\/\/schema.org","@graph":[{"@type":"WebPage","@id":"https:\/\/ggsignals.com\/robo-gratis\/","url":"https:\/\/ggsignals.com\/robo-gratis\/","name":"Rob\u00f4 grat\u00eds - ggsignals.com","isPartOf":{"@id":"https:\/\/ggsignals.com\/#website"},"primaryImageOfPage":{"@id":"https:\/\/ggsignals.com\/robo-gratis\/#primaryimage"},"image":{"@id":"https:\/\/ggsignals.com\/robo-gratis\/#primaryimage"},"thumbnailUrl":"http:\/\/ggsignals.com\/wp-content\/uploads\/2023\/10\/7993-1-1024x506.png","datePublished":"2023-10-19T04:31:04+00:00","dateModified":"2023-10-19T05:25:27+00:00","breadcrumb":{"@id":"https:\/\/ggsignals.com\/robo-gratis\/#breadcrumb"},"inLanguage":"pt-BR","potentialAction":[{"@type":"ReadAction","target":["https:\/\/ggsignals.com\/robo-gratis\/"]}]},{"@type":"ImageObject","inLanguage":"pt-BR","@id":"https:\/\/ggsignals.com\/robo-gratis\/#primaryimage","url":"http:\/\/ggsignals.com\/wp-content\/uploads\/2023\/10\/7993-1-1024x506.png","contentUrl":"http:\/\/ggsignals.com\/wp-content\/uploads\/2023\/10\/7993-1-1024x506.png"},{"@type":"BreadcrumbList","@id":"https:\/\/ggsignals.com\/robo-gratis\/#breadcrumb","itemListElement":[{"@type":"ListItem","position":1,"name":"Home","item":"https:\/\/ggsignals.com\/"},{"@type":"ListItem","position":2,"name":"Rob\u00f4 grat\u00eds"}]},{"@type":"WebSite","@id":"https:\/\/ggsignals.com\/#website","url":"https:\/\/ggsignals.com\/","name":"ggsignals.com","description":"Robos para smarttbot","publisher":{"@id":"https:\/\/ggsignals.com\/#organization"},"potentialAction":[{"@type":"SearchAction","target":{"@type":"EntryPoint","urlTemplate":"https:\/\/ggsignals.com\/?s={search_term_string}"},"query-input":{"@type":"PropertyValueSpecification","valueRequired":true,"valueName":"search_term_string"}}],"inLanguage":"pt-BR"},{"@type":"Organization","@id":"https:\/\/ggsignals.com\/#organization","name":"GG Signals","url":"https:\/\/ggsignals.com\/","logo":{"@type":"ImageObject","inLanguage":"pt-BR","@id":"https:\/\/ggsignals.com\/#\/schema\/logo\/image\/","url":"https:\/\/ggsignals.com\/wp-content\/uploads\/2020\/12\/cropped-752.png","contentUrl":"https:\/\/ggsignals.com\/wp-content\/uploads\/2020\/12\/cropped-752.png","width":531,"height":177,"caption":"GG Signals"},"image":{"@id":"https:\/\/ggsignals.com\/#\/schema\/logo\/image\/"}}]}},"_links":{"self":[{"href":"https:\/\/ggsignals.com\/pt\/wp-json\/wp\/v2\/pages\/5369","targetHints":{"allow":["GET"]}}],"collection":[{"href":"https:\/\/ggsignals.com\/pt\/wp-json\/wp\/v2\/pages"}],"about":[{"href":"https:\/\/ggsignals.com\/pt\/wp-json\/wp\/v2\/types\/page"}],"author":[{"embeddable":true,"href":"https:\/\/ggsignals.com\/pt\/wp-json\/wp\/v2\/users\/1"}],"replies":[{"embeddable":true,"href":"https:\/\/ggsignals.com\/pt\/wp-json\/wp\/v2\/comments?post=5369"}],"version-history":[{"count":0,"href":"https:\/\/ggsignals.com\/pt\/wp-json\/wp\/v2\/pages\/5369\/revisions"}],"wp:attachment":[{"href":"https:\/\/ggsignals.com\/pt\/wp-json\/wp\/v2\/media?parent=5369"}],"curies":[{"name":"wp","href":"https:\/\/api.w.org\/{rel}","templated":true}]}}