{"id":3947,"date":"2021-11-26T02:29:19","date_gmt":"2021-11-26T05:29:19","guid":{"rendered":"https:\/\/ggsignals.com\/?page_id=3947"},"modified":"2022-11-24T13:38:06","modified_gmt":"2022-11-24T16:38:06","slug":"black-friday-ggsignals-2021","status":"publish","type":"page","link":"https:\/\/ggsignals.com\/pt\/black-friday-ggsignals-2021\/","title":{"rendered":"Black Friday GGSignals 2021"},"content":{"rendered":"<div data-elementor-type=\"wp-page\" data-elementor-id=\"3947\" class=\"elementor elementor-3947\">\n\t\t\t\t\t\t<section class=\"elementor-section elementor-top-section elementor-element elementor-element-20552cc elementor-section-boxed elementor-section-height-default elementor-section-height-default\" data-id=\"20552cc\" data-element_type=\"section\" data-settings=\"{&quot;background_background&quot;:&quot;classic&quot;}\">\n\t\t\t\t\t\t<div class=\"elementor-container elementor-column-gap-default\">\n\t\t\t\t\t<div class=\"elementor-column elementor-col-100 elementor-top-column elementor-element elementor-element-4fc1b5e\" data-id=\"4fc1b5e\" data-element_type=\"column\">\n\t\t\t<div class=\"elementor-widget-wrap elementor-element-populated\">\n\t\t\t\t\t\t<div class=\"elementor-element elementor-element-a0d707d elementor-widget elementor-widget-text-editor\" data-id=\"a0d707d\" data-element_type=\"widget\" data-widget_type=\"text-editor.default\">\n\t\t\t\t<div class=\"elementor-widget-container\">\n\t\t\t\t\t\t\t<p><div class=\"hurrytimer-cdt hurrytimer-cdt--3964 hurrytimer-campaign hurryt-loading hurrytimer-campaign-3964\" data-config=\"{&quot;id&quot;:3964,&quot;run_in_background&quot;:false,&quot;sticky&quot;:false,&quot;product_ids&quot;:[],&quot;actions&quot;:[{&quot;id&quot;:1,&quot;redirectUrl&quot;:&quot;&quot;,&quot;message&quot;:&quot;&quot;,&quot;coupon&quot;:&quot;promocao21rexwin+scorponogg_gratis&quot;,&quot;wcStockStatus&quot;:&quot;instock&quot;}],&quot;template&quot;:&quot;&lt;div class=\\&quot;hurrytimer-timer-block hurrytimer-cdt__dur\\&quot;&gt;&lt;div class=\\&quot;hurrytimer-timer-digit hurrytimer-cdt__time\\&quot;&gt;%D&lt;\\\/div&gt;&lt;\\\/div&gt;&lt;div class=\\&quot;hurrytimer-cdt__sep hurrytimer-timer-sep\\&quot;&gt;:&lt;\\\/div&gt;&lt;div class=\\&quot;hurrytimer-timer-block hurrytimer-cdt__dur\\&quot;&gt;&lt;div class=\\&quot;hurrytimer-timer-digit hurrytimer-cdt__time\\&quot;&gt;%H&lt;\\\/div&gt;&lt;\\\/div&gt;&lt;div class=\\&quot;hurrytimer-cdt__sep hurrytimer-timer-sep\\&quot;&gt;:&lt;\\\/div&gt;&lt;div class=\\&quot;hurrytimer-timer-block hurrytimer-cdt__dur\\&quot;&gt;&lt;div class=\\&quot;hurrytimer-timer-digit hurrytimer-cdt__time\\&quot;&gt;%M&lt;\\\/div&gt;&lt;\\\/div&gt;&lt;div class=\\&quot;hurrytimer-cdt__sep hurrytimer-timer-sep\\&quot;&gt;:&lt;\\\/div&gt;&lt;div class=\\&quot;hurrytimer-timer-block hurrytimer-cdt__dur\\&quot;&gt;&lt;div class=\\&quot;hurrytimer-timer-digit hurrytimer-cdt__time\\&quot;&gt;%S&lt;\\\/div&gt;&lt;\\\/div&gt;&quot;,&quot;methods&quot;:[1,2],&quot;mode&quot;:&quot;evergreen&quot;,&quot;sticky_bar_hide_timeout&quot;:7,&quot;isRegular&quot;:false,&quot;restart_duration&quot;:0,&quot;duration&quot;:8262,&quot;should_reset&quot;:false,&quot;reset_token&quot;:&quot;&quot;,&quot;restart&quot;:&quot;3&quot;,&quot;endDate&quot;:null,&quot;cookieName&quot;:&quot;_ht_CDT-3964&quot;,&quot;reload_reset&quot;:false}\" ><div class=\"hurrytimer-cdt__headline hurrytimer-headline\">BLACK FRIDAY GGSIGNALS &#8211;<br \/>\r\nAPROVEITE ESSAS OFERTAS<\/div><div class=\"hurrytimer-cdt__inner hurrytimer-timer\"><\/div><\/div><\/p>\t\t\t\t\t\t<\/div>\n\t\t\t\t<\/div>\n\t\t\t\t\t<\/div>\n\t\t<\/div>\n\t\t\t\t\t<\/div>\n\t\t<\/section>\n\t\t\t\t<section class=\"elementor-section elementor-top-section elementor-element elementor-element-2b1dd4b elementor-section-full_width elementor-section-height-full elementor-section-items-top elementor-section-height-default\" data-id=\"2b1dd4b\" data-element_type=\"section\" data-settings=\"{&quot;background_background&quot;:&quot;classic&quot;}\">\n\t\t\t\t\t\t<div class=\"elementor-container elementor-column-gap-default\">\n\t\t\t\t\t<div class=\"elementor-column elementor-col-100 elementor-top-column elementor-element elementor-element-673d9d3\" data-id=\"673d9d3\" data-element_type=\"column\">\n\t\t\t<div class=\"elementor-widget-wrap elementor-element-populated\">\n\t\t\t\t\t\t<div class=\"elementor-element elementor-element-c33b9cb eael-product-grid-column-4 elementor-widget elementor-widget-eicon-woocommerce\" data-id=\"c33b9cb\" data-element_type=\"widget\" data-widget_type=\"eicon-woocommerce.default\">\n\t\t\t\t<div class=\"elementor-widget-container\">\n\t\t\t\n        <div class=\"eael-product-grid eael-product-default grid\" id=\"eael-product-grid\" data-widget-id=\"c33b9cb\" data-page-id=\"3947\" data-nonce=\"e264206b19\" >\n            <div class=\"woocommerce\">\n                <ul class=\"products\" data-layout-mode=\"grid\"><li class=\"product type-product post-1048 status-publish first instock product_cat-robos-smarttbot product_tag-robos-smarttbot has-post-thumbnail downloadable virtual sold-individually purchasable product-type-simple\">\n\t<a href=\"https:\/\/ggsignals.com\/pt\/checkout\/?add-to-cart=1048\" class=\"single_add_to_cart_button button alt\">Quick Checkout<\/a><\/li>\n<li class=\"product type-product post-3576 status-publish instock product_cat-robos-smarttbot has-post-thumbnail downloadable virtual sold-individually purchasable product-type-simple\">\n\t<a href=\"https:\/\/ggsignals.com\/pt\/checkout\/?add-to-cart=3576\" class=\"single_add_to_cart_button button alt\">Quick Checkout<\/a><\/li>\n<li class=\"product type-product post-3949 status-publish last instock product_cat-uncategorized has-post-thumbnail sale downloadable virtual sold-individually purchasable product-type-simple\">\n\t<a href=\"https:\/\/ggsignals.com\/pt\/checkout\/?add-to-cart=3949\" class=\"single_add_to_cart_button button alt\">Quick Checkout<\/a><\/li>\n<\/ul>            <div class=\"eael-load-more-button-wrap eael-force-hide\">\n                <button class=\"eael-load-more-button\" id=\"eael-load-more-btn-c33b9cb\" data-widget-id=\"c33b9cb\" data-widget=\"c33b9cb\" data-page-id=\"3947\" data-template=\"{&quot;dir&quot;:&quot;lite&quot;,&quot;file_name&quot;:&quot;default.php&quot;,&quot;name&quot;:&quot;Eicon-Woocommerce&quot;}\" data-class=\"Essential_Addons_Elementor\\Elements\\Product_Grid\" data-layout=\"grid\" data-page=\"1\" data-args=\"post_type=product&amp;post_status%5B0%5D=publish&amp;post_status%5B1%5D=pending&amp;post_status%5B2%5D=future&amp;posts_per_page=3&amp;order=DESC&amp;offset=0&amp;tax_query%5Brelation%5D=AND&amp;tax_query%5B0%5D%5Btaxonomy%5D=product_visibility&amp;tax_query%5B0%5D%5Bfield%5D=name&amp;tax_query%5B0%5D%5Bterms%5D%5B0%5D=exclude-from-search&amp;tax_query%5B0%5D%5Bterms%5D%5B1%5D=exclude-from-catalog&amp;tax_query%5B0%5D%5Boperator%5D=NOT+IN&amp;orderby=meta_value_num&amp;meta_query%5Brelation%5D=AND&amp;meta_key=total_sales&amp;total_post=4\" data-max-page=\"2\">\n                    <span class=\"eael-btn-loader button__loader\"><\/span>\n                    <span class=\"eael_load_more_text\"><\/span>\n                <\/button>\n            <\/div>\n                        <\/div>\n        <\/div>\n\n        <script type=\"text\/javascript\">\n            jQuery(document).ready(function($) {\n                var $scope = jQuery(\".elementor-element-c33b9cb\");\n                var $products = $('.products', $scope);\n                var $layout_mode = $products.data('layout-mode');\n                \n                if ( $layout_mode === 'masonry' ) {\n                    \/\/ init isotope\n                    var $isotope_products = $products.isotope({\n                        itemSelector: \"li.product\",\n                        layoutMode: $layout_mode,\n                        percentPosition: true\n                    });\n\n                    $isotope_products.imagesLoaded().progress( function() {\n                        $isotope_products.isotope('layout');\n                    })\n\n                    $(window).on('resize', function() {\n                        $isotope_products.isotope('layout');\n                    });\n                }\n            });\n        <\/script>\n        \t\t<\/div>\n\t\t\t\t<\/div>\n\t\t\t\t<div class=\"elementor-element elementor-element-604a6af elementor-widget elementor-widget-text-editor\" data-id=\"604a6af\" data-element_type=\"widget\" data-widget_type=\"text-editor.default\">\n\t\t\t\t<div class=\"elementor-widget-container\">\n\t\t\t\t\t\t\t<p>Ja possui um ou mais rob\u00f4s da carteira? entre em contato com a gente pelo <a href=\"https:\/\/api.whatsapp.com\/send?phone=5521997722367\">wathsapp<\/a> que vamos te oferecemos um desconto exclusivo, <a href=\"https:\/\/api.whatsapp.com\/send?phone=5521997722367\">\u00e9 so clicar aqui<\/a><\/p>\t\t\t\t\t\t<\/div>\n\t\t\t\t<\/div>\n\t\t\t\t\t<\/div>\n\t\t<\/div>\n\t\t\t\t\t<\/div>\n\t\t<\/section>\n\t\t\t\t<section class=\"elementor-section elementor-top-section elementor-element elementor-element-c018fac elementor-section-boxed elementor-section-height-default elementor-section-height-default\" data-id=\"c018fac\" data-element_type=\"section\">\n\t\t\t\t\t\t<div class=\"elementor-container elementor-column-gap-default\">\n\t\t\t\t\t<div class=\"elementor-column elementor-col-100 elementor-top-column elementor-element elementor-element-61bf5c9\" data-id=\"61bf5c9\" data-element_type=\"column\">\n\t\t\t<div class=\"elementor-widget-wrap elementor-element-populated\">\n\t\t\t\t\t\t<div class=\"elementor-element elementor-element-7b5977b elementor-widget elementor-widget-image\" data-id=\"7b5977b\" data-element_type=\"widget\" data-widget_type=\"image.default\">\n\t\t\t\t<div class=\"elementor-widget-container\">\n\t\t\t\t\t\t\t\t\t\t\t\t\t\t<a href=\"https:\/\/ggsignals.com\/pt\/\">\n\t\t\t\t\t\t\t<img fetchpriority=\"high\" decoding=\"async\" width=\"814\" height=\"189\" src=\"https:\/\/ggsignals.com\/wp-content\/uploads\/2020\/12\/750.png\" class=\"attachment-large size-large wp-image-1213\" alt=\"\" srcset=\"https:\/\/ggsignals.com\/wp-content\/uploads\/2020\/12\/750.png 814w, https:\/\/ggsignals.com\/wp-content\/uploads\/2020\/12\/750-300x70.png 300w, https:\/\/ggsignals.com\/wp-content\/uploads\/2020\/12\/750-768x178.png 768w, https:\/\/ggsignals.com\/wp-content\/uploads\/2020\/12\/750-16x4.png 16w, https:\/\/ggsignals.com\/wp-content\/uploads\/2020\/12\/750-600x139.png 600w\" sizes=\"(max-width: 814px) 100vw, 814px\" \/>\t\t\t\t\t\t\t\t<\/a>\n\t\t\t\t\t\t\t\t\t\t\t\t\t<\/div>\n\t\t\t\t<\/div>\n\t\t\t\t\t<\/div>\n\t\t<\/div>\n\t\t\t\t\t<\/div>\n\t\t<\/section>\n\t\t\t\t<\/div>","protected":false},"excerpt":{"rendered":"<p>Oferta! Rexwin- Rob\u00f4 Agressivo para ter smarttbot gr\u00e1tis &#82;&#36;397.00 &#82;&#36;197.00 ComprarQuick Checkout Oferta! Carteira Pro de rob\u00f4s para Smarttbot &#82;&#36;997.00 &#82;&#36;797.00 ComprarQuick Checkout Oferta! Carteira Advanced &#82;&#36;3,000.00 &#82;&#36;1,447.00 ComprarQuick Checkout Ja possui um ou mais rob\u00f4s da carteira? entre em contato com a gente pelo wathsapp que vamos te oferecemos um desconto exclusivo, \u00e9 so &hellip;<\/p>\n<p class=\"read-more\"> <a class=\"\" href=\"https:\/\/ggsignals.com\/pt\/shop\/carteira-advanced\/\"> <span class=\"screen-reader-text\">Carteira Advanced<\/span> Leia mais &raquo;<\/a><\/p>","protected":false},"author":1,"featured_media":0,"parent":0,"menu_order":0,"comment_status":"closed","ping_status":"closed","template":"elementor_canvas","meta":{"footnotes":""},"class_list":["post-3947","page","type-page","status-publish","hentry"],"yoast_head":"<!-- This site is optimized with the Yoast SEO plugin v25.7 - https:\/\/yoast.com\/wordpress\/plugins\/seo\/ -->\n<title>Black Friday GGSignals 2021 - ggsignals.com<\/title>\n<meta name=\"robots\" content=\"index, follow, max-snippet:-1, max-image-preview:large, max-video-preview:-1\" \/>\n<link rel=\"canonical\" href=\"https:\/\/ggsignals.com\/pt\/black-friday-ggsignals-2021\/\" \/>\n<meta property=\"og:locale\" content=\"pt_BR\" \/>\n<meta property=\"og:type\" content=\"article\" \/>\n<meta property=\"og:title\" content=\"Black Friday GGSignals 2021 - ggsignals.com\" \/>\n<meta property=\"og:description\" content=\"Oferta! Rexwin- Rob\u00f4 Agressivo para ter smarttbot gr\u00e1tis &#082;&#036;397.00 &#082;&#036;197.00 ComprarQuick Checkout Oferta! Carteira Pro de rob\u00f4s para Smarttbot &#082;&#036;997.00 &#082;&#036;797.00 ComprarQuick Checkout Oferta! Carteira Advanced &#082;&#036;3,000.00 &#082;&#036;1,447.00 ComprarQuick Checkout Ja possui um ou mais rob\u00f4s da carteira? entre em contato com a gente pelo wathsapp que vamos te oferecemos um desconto exclusivo, \u00e9 so &hellip; Carteira Advanced Leia mais &raquo;\" \/>\n<meta property=\"og:url\" content=\"https:\/\/ggsignals.com\/pt\/black-friday-ggsignals-2021\/\" \/>\n<meta property=\"og:site_name\" content=\"ggsignals.com\" \/>\n<meta property=\"article:modified_time\" content=\"2022-11-24T16:38:06+00:00\" \/>\n<meta property=\"og:image\" content=\"http:\/\/ggsignals.com\/wp-content\/uploads\/2021\/03\/5122-1600x894.png\" \/>\n<meta name=\"twitter:card\" content=\"summary_large_image\" \/>\n<script type=\"application\/ld+json\" class=\"yoast-schema-graph\">{\"@context\":\"https:\/\/schema.org\",\"@graph\":[{\"@type\":\"WebPage\",\"@id\":\"https:\/\/ggsignals.com\/black-friday-ggsignals-2021\/\",\"url\":\"https:\/\/ggsignals.com\/black-friday-ggsignals-2021\/\",\"name\":\"Black Friday GGSignals 2021 - ggsignals.com\",\"isPartOf\":{\"@id\":\"https:\/\/ggsignals.com\/#website\"},\"primaryImageOfPage\":{\"@id\":\"https:\/\/ggsignals.com\/black-friday-ggsignals-2021\/#primaryimage\"},\"image\":{\"@id\":\"https:\/\/ggsignals.com\/black-friday-ggsignals-2021\/#primaryimage\"},\"thumbnailUrl\":\"http:\/\/ggsignals.com\/wp-content\/uploads\/2021\/03\/5122-1600x894.png\",\"datePublished\":\"2021-11-26T05:29:19+00:00\",\"dateModified\":\"2022-11-24T16:38:06+00:00\",\"breadcrumb\":{\"@id\":\"https:\/\/ggsignals.com\/black-friday-ggsignals-2021\/#breadcrumb\"},\"inLanguage\":\"pt-BR\",\"potentialAction\":[{\"@type\":\"ReadAction\",\"target\":[\"https:\/\/ggsignals.com\/black-friday-ggsignals-2021\/\"]}]},{\"@type\":\"ImageObject\",\"inLanguage\":\"pt-BR\",\"@id\":\"https:\/\/ggsignals.com\/black-friday-ggsignals-2021\/#primaryimage\",\"url\":\"http:\/\/ggsignals.com\/wp-content\/uploads\/2021\/03\/5122-1600x894.png\",\"contentUrl\":\"http:\/\/ggsignals.com\/wp-content\/uploads\/2021\/03\/5122-1600x894.png\"},{\"@type\":\"BreadcrumbList\",\"@id\":\"https:\/\/ggsignals.com\/black-friday-ggsignals-2021\/#breadcrumb\",\"itemListElement\":[{\"@type\":\"ListItem\",\"position\":1,\"name\":\"Home\",\"item\":\"https:\/\/ggsignals.com\/\"},{\"@type\":\"ListItem\",\"position\":2,\"name\":\"Black Friday GGSignals 2021\"}]},{\"@type\":\"WebSite\",\"@id\":\"https:\/\/ggsignals.com\/#website\",\"url\":\"https:\/\/ggsignals.com\/\",\"name\":\"ggsignals.com\",\"description\":\"Robos para smarttbot\",\"publisher\":{\"@id\":\"https:\/\/ggsignals.com\/#organization\"},\"potentialAction\":[{\"@type\":\"SearchAction\",\"target\":{\"@type\":\"EntryPoint\",\"urlTemplate\":\"https:\/\/ggsignals.com\/?s={search_term_string}\"},\"query-input\":{\"@type\":\"PropertyValueSpecification\",\"valueRequired\":true,\"valueName\":\"search_term_string\"}}],\"inLanguage\":\"pt-BR\"},{\"@type\":\"Organization\",\"@id\":\"https:\/\/ggsignals.com\/#organization\",\"name\":\"GG Signals\",\"url\":\"https:\/\/ggsignals.com\/\",\"logo\":{\"@type\":\"ImageObject\",\"inLanguage\":\"pt-BR\",\"@id\":\"https:\/\/ggsignals.com\/#\/schema\/logo\/image\/\",\"url\":\"https:\/\/ggsignals.com\/wp-content\/uploads\/2020\/12\/cropped-752.png\",\"contentUrl\":\"https:\/\/ggsignals.com\/wp-content\/uploads\/2020\/12\/cropped-752.png\",\"width\":531,\"height\":177,\"caption\":\"GG Signals\"},\"image\":{\"@id\":\"https:\/\/ggsignals.com\/#\/schema\/logo\/image\/\"}}]}<\/script>\n<!-- \/ Yoast SEO plugin. -->","yoast_head_json":{"title":"Black Friday GGSignals 2021 - ggsignals.com","robots":{"index":"index","follow":"follow","max-snippet":"max-snippet:-1","max-image-preview":"max-image-preview:large","max-video-preview":"max-video-preview:-1"},"canonical":"https:\/\/ggsignals.com\/pt\/black-friday-ggsignals-2021\/","og_locale":"pt_BR","og_type":"article","og_title":"Black Friday GGSignals 2021 - ggsignals.com","og_description":"Oferta! Rexwin- Rob\u00f4 Agressivo para ter smarttbot gr\u00e1tis &#82;&#36;397.00 &#82;&#36;197.00 ComprarQuick Checkout Oferta! Carteira Pro de rob\u00f4s para Smarttbot &#82;&#36;997.00 &#82;&#36;797.00 ComprarQuick Checkout Oferta! Carteira Advanced &#82;&#36;3,000.00 &#82;&#36;1,447.00 ComprarQuick Checkout Ja possui um ou mais rob\u00f4s da carteira? entre em contato com a gente pelo wathsapp que vamos te oferecemos um desconto exclusivo, \u00e9 so &hellip; Carteira Advanced Leia mais &raquo;","og_url":"https:\/\/ggsignals.com\/pt\/black-friday-ggsignals-2021\/","og_site_name":"ggsignals.com","article_modified_time":"2022-11-24T16:38:06+00:00","og_image":[{"url":"http:\/\/ggsignals.com\/wp-content\/uploads\/2021\/03\/5122-1600x894.png","type":"","width":"","height":""}],"twitter_card":"summary_large_image","schema":{"@context":"https:\/\/schema.org","@graph":[{"@type":"WebPage","@id":"https:\/\/ggsignals.com\/black-friday-ggsignals-2021\/","url":"https:\/\/ggsignals.com\/black-friday-ggsignals-2021\/","name":"Black Friday GGSignals 2021 - ggsignals.com","isPartOf":{"@id":"https:\/\/ggsignals.com\/#website"},"primaryImageOfPage":{"@id":"https:\/\/ggsignals.com\/black-friday-ggsignals-2021\/#primaryimage"},"image":{"@id":"https:\/\/ggsignals.com\/black-friday-ggsignals-2021\/#primaryimage"},"thumbnailUrl":"http:\/\/ggsignals.com\/wp-content\/uploads\/2021\/03\/5122-1600x894.png","datePublished":"2021-11-26T05:29:19+00:00","dateModified":"2022-11-24T16:38:06+00:00","breadcrumb":{"@id":"https:\/\/ggsignals.com\/black-friday-ggsignals-2021\/#breadcrumb"},"inLanguage":"pt-BR","potentialAction":[{"@type":"ReadAction","target":["https:\/\/ggsignals.com\/black-friday-ggsignals-2021\/"]}]},{"@type":"ImageObject","inLanguage":"pt-BR","@id":"https:\/\/ggsignals.com\/black-friday-ggsignals-2021\/#primaryimage","url":"http:\/\/ggsignals.com\/wp-content\/uploads\/2021\/03\/5122-1600x894.png","contentUrl":"http:\/\/ggsignals.com\/wp-content\/uploads\/2021\/03\/5122-1600x894.png"},{"@type":"BreadcrumbList","@id":"https:\/\/ggsignals.com\/black-friday-ggsignals-2021\/#breadcrumb","itemListElement":[{"@type":"ListItem","position":1,"name":"Home","item":"https:\/\/ggsignals.com\/"},{"@type":"ListItem","position":2,"name":"Black Friday GGSignals 2021"}]},{"@type":"WebSite","@id":"https:\/\/ggsignals.com\/#website","url":"https:\/\/ggsignals.com\/","name":"ggsignals.com","description":"Robos para smarttbot","publisher":{"@id":"https:\/\/ggsignals.com\/#organization"},"potentialAction":[{"@type":"SearchAction","target":{"@type":"EntryPoint","urlTemplate":"https:\/\/ggsignals.com\/?s={search_term_string}"},"query-input":{"@type":"PropertyValueSpecification","valueRequired":true,"valueName":"search_term_string"}}],"inLanguage":"pt-BR"},{"@type":"Organization","@id":"https:\/\/ggsignals.com\/#organization","name":"GG Signals","url":"https:\/\/ggsignals.com\/","logo":{"@type":"ImageObject","inLanguage":"pt-BR","@id":"https:\/\/ggsignals.com\/#\/schema\/logo\/image\/","url":"https:\/\/ggsignals.com\/wp-content\/uploads\/2020\/12\/cropped-752.png","contentUrl":"https:\/\/ggsignals.com\/wp-content\/uploads\/2020\/12\/cropped-752.png","width":531,"height":177,"caption":"GG Signals"},"image":{"@id":"https:\/\/ggsignals.com\/#\/schema\/logo\/image\/"}}]}},"_links":{"self":[{"href":"https:\/\/ggsignals.com\/pt\/wp-json\/wp\/v2\/pages\/3947","targetHints":{"allow":["GET"]}}],"collection":[{"href":"https:\/\/ggsignals.com\/pt\/wp-json\/wp\/v2\/pages"}],"about":[{"href":"https:\/\/ggsignals.com\/pt\/wp-json\/wp\/v2\/types\/page"}],"author":[{"embeddable":true,"href":"https:\/\/ggsignals.com\/pt\/wp-json\/wp\/v2\/users\/1"}],"replies":[{"embeddable":true,"href":"https:\/\/ggsignals.com\/pt\/wp-json\/wp\/v2\/comments?post=3947"}],"version-history":[{"count":0,"href":"https:\/\/ggsignals.com\/pt\/wp-json\/wp\/v2\/pages\/3947\/revisions"}],"wp:attachment":[{"href":"https:\/\/ggsignals.com\/pt\/wp-json\/wp\/v2\/media?parent=3947"}],"curies":[{"name":"wp","href":"https:\/\/api.w.org\/{rel}","templated":true}]}}